{"id":110,"date":"2024-10-23T17:03:27","date_gmt":"2024-10-23T17:03:27","guid":{"rendered":"https:\/?page_id=110"},"modified":"2026-04-02T14:05:25","modified_gmt":"2026-04-02T14:05:25","slug":"ui-ux-design","status":"publish","type":"page","link":"https:\/\/scient.com.br\/es\/ui-ux-design\/","title":{"rendered":"Dise\u00f1o UI\/UX"},"content":{"rendered":"<div data-elementor-type=\"wp-page\" data-elementor-id=\"110\" class=\"elementor elementor-110\" data-elementor-post-type=\"page\">\n\t\t\t\t\t\t<section class=\"elementor-section elementor-top-section elementor-element elementor-element-b15329b elementor-section-stretched animated-slow elementor-section-boxed elementor-section-height-default elementor-section-height-default elementor-invisible\" data-id=\"b15329b\" data-element_type=\"section\" data-e-type=\"section\" data-settings=\"{&quot;background_background&quot;:&quot;classic&quot;,&quot;stretch_section&quot;:&quot;section-stretched&quot;,&quot;animation&quot;:&quot;fadeIn&quot;}\">\n\t\t\t\t\t\t\t<div class=\"elementor-background-overlay\"><\/div>\n\t\t\t\t\t\t\t<div class=\"elementor-container elementor-column-gap-default\">\n\t\t\t\t\t<div class=\"elementor-column elementor-col-50 elementor-top-column elementor-element elementor-element-bd32fb1\" data-id=\"bd32fb1\" data-element_type=\"column\" data-e-type=\"column\">\n\t\t\t<div class=\"elementor-widget-wrap elementor-element-populated\">\n\t\t\t\t\t\t<div class=\"elementor-element elementor-element-65e298d elementor-widget elementor-widget-heading\" data-id=\"65e298d\" data-element_type=\"widget\" data-e-type=\"widget\" data-widget_type=\"heading.default\">\n\t\t\t\t<div class=\"elementor-widget-container\">\n\t\t\t\t\t<h2 class=\"elementor-heading-title elementor-size-default\">Dise\u00f1o UI\/UX<\/h2>\t\t\t\t<\/div>\n\t\t\t\t<\/div>\n\t\t\t\t<div class=\"elementor-element elementor-element-9491a66 elementor-widget elementor-widget-heading\" data-id=\"9491a66\" data-element_type=\"widget\" data-e-type=\"widget\" data-widget_type=\"heading.default\">\n\t\t\t\t<div class=\"elementor-widget-container\">\n\t\t\t\t\t<h4 class=\"elementor-heading-title elementor-size-default\">Creando Experiencias Digitales Atractivas<\/h4>\t\t\t\t<\/div>\n\t\t\t\t<\/div>\n\t\t\t\t<div class=\"elementor-element elementor-element-051697b elementor-widget elementor-widget-text-editor\" data-id=\"051697b\" data-element_type=\"widget\" data-e-type=\"widget\" data-widget_type=\"text-editor.default\">\n\t\t\t\t<div class=\"elementor-widget-container\">\n\t\t\t\t\t\t\t\t\t<p>En Scient, dise\u00f1amos interfaces intuitivas y centradas en el usuario que impulsan el compromiso y los resultados. Alineamos la est\u00e9tica del dise\u00f1o con una experiencia de usuario fluida para garantizar que cada interacci\u00f3n agregue valor a tu negocio.<\/p><p><strong>\u00bfPor qu\u00e9 importa la UI\/UX?<\/strong> Un buen dise\u00f1o va m\u00e1s all\u00e1 de lo visual: define c\u00f3mo los usuarios perciben tu marca. Una interfaz bien dise\u00f1ada puede mejorar la retenci\u00f3n de clientes, aumentar las conversiones y crear defensores leales de tu negocio.<\/p><p><strong>Nuestro Enfoque Integral:<\/strong><\/p><ul><li><strong>Accesibilidad e Inclusividad:<\/strong> Asegurar que los dise\u00f1os sean accesibles para todos los usuarios.<\/li><li><strong>Arquitectura de la Informaci\u00f3n:<\/strong> Estructurar el contenido para una navegaci\u00f3n f\u00e1cil y clara.<\/li><li><strong>Prototipado Interactivo:<\/strong> Permitir que los usuarios interact\u00faen con los dise\u00f1os antes del desarrollo completo.<\/li><li><strong>Mejora Continua:<\/strong> Dise\u00f1o iterativo basado en comentarios de usuarios y an\u00e1lisis de datos.<\/li><\/ul><div>\u00a0<\/div><p>Nuestros dise\u00f1os no solo se ven bien, sino que tambi\u00e9n ofrecen resultados tangibles al mejorar la satisfacci\u00f3n del usuario, aumentar el compromiso y alinearse con tu crecimiento estrat\u00e9gico.<\/p>\t\t\t\t\t\t\t\t<\/div>\n\t\t\t\t<\/div>\n\t\t\t\t\t<\/div>\n\t\t<\/div>\n\t\t\t\t<div class=\"elementor-column elementor-col-50 elementor-top-column elementor-element elementor-element-dc18fd7\" data-id=\"dc18fd7\" data-element_type=\"column\" data-e-type=\"column\">\n\t\t\t<div class=\"elementor-widget-wrap elementor-element-populated\">\n\t\t\t\t\t\t<div class=\"elementor-element elementor-element-4e735f2 elementor-widget elementor-widget-spacer\" data-id=\"4e735f2\" data-element_type=\"widget\" data-e-type=\"widget\" data-widget_type=\"spacer.default\">\n\t\t\t\t<div class=\"elementor-widget-container\">\n\t\t\t\t\t\t\t<div class=\"elementor-spacer\">\n\t\t\t<div class=\"elementor-spacer-inner\"><\/div>\n\t\t<\/div>\n\t\t\t\t\t\t<\/div>\n\t\t\t\t<\/div>\n\t\t\t\t<div class=\"elementor-element elementor-element-6a3bc7f elementor-widget elementor-widget-image\" data-id=\"6a3bc7f\" data-element_type=\"widget\" data-e-type=\"widget\" data-widget_type=\"image.default\">\n\t\t\t\t<div class=\"elementor-widget-container\">\n\t\t\t\t\t\t\t\t\t\t\t\t\t\t\t<img fetchpriority=\"high\" decoding=\"async\" width=\"596\" height=\"447\" src=\"https:\/\/scient.com.br\/wp-content\/uploads\/2024\/10\/3032719-inline-orig3914798.webp\" class=\"attachment-large size-large wp-image-268\" alt=\"From Concepts to Customers \u2013 Building Digital Experiences from Brazil to the World.\" srcset=\"https:\/\/scient.com.br\/wp-content\/uploads\/2024\/10\/3032719-inline-orig3914798.webp 596w, https:\/\/scient.com.br\/wp-content\/uploads\/2024\/10\/3032719-inline-orig3914798-300x225.webp 300w\" sizes=\"(max-width: 596px) 100vw, 596px\" \/>\t\t\t\t\t\t\t\t\t\t\t\t\t\t\t<\/div>\n\t\t\t\t<\/div>\n\t\t\t\t<div class=\"elementor-element elementor-element-dcb3fd0 elementor-widget__width-initial elementor-widget elementor-widget-text-editor\" data-id=\"dcb3fd0\" data-element_type=\"widget\" data-e-type=\"widget\" data-widget_type=\"text-editor.default\">\n\t\t\t\t<div class=\"elementor-widget-container\">\n\t\t\t\t\t\t\t\t\t<div class=\"scient-talk-box\">\n  <h4><a href=\"https:\/\/scient.com.br\/es\/getaquote\/\">\n    <span style=\"color: #ffffff; font-weight: bold;\">\n      <i class=\"fas fa-comment\"><\/i> Hablemos\n    <\/span>\n  <\/a><\/h4>\n  <h6><a href=\"https:\/\/scient.com.br\/es\/getaquote\/\">\n    <span style=\"color: #ffffff;\">\n      \u00bfListo para pasar del concepto al impacto en el mercado? Cont\u00e1ctanos hoy y hagamos realidad tu visi\u00f3n.\n    <\/span>\n  <\/a><\/h6>\n<\/div>\t\t\t\t\t\t\t\t<\/div>\n\t\t\t\t<\/div>\n\t\t\t\t\t<\/div>\n\t\t<\/div>\n\t\t\t\t\t<\/div>\n\t\t<\/section>\n\t\t<div class=\"elementor-element elementor-element-4756a3e e-flex e-con-boxed e-con e-parent\" data-id=\"4756a3e\" data-element_type=\"container\" data-e-type=\"container\">\n\t\t\t\t\t<div class=\"e-con-inner\">\n\t\t\t\t<div class=\"elementor-element elementor-element-e00381b elementor-widget elementor-widget-spacer\" data-id=\"e00381b\" data-element_type=\"widget\" data-e-type=\"widget\" data-widget_type=\"spacer.default\">\n\t\t\t\t<div class=\"elementor-widget-container\">\n\t\t\t\t\t\t\t<div class=\"elementor-spacer\">\n\t\t\t<div class=\"elementor-spacer-inner\"><\/div>\n\t\t<\/div>\n\t\t\t\t\t\t<\/div>\n\t\t\t\t<\/div>\n\t\t\t\t\t<\/div>\n\t\t\t\t<\/div>\n\t\t\t\t<\/div>","protected":false},"excerpt":{"rendered":"<p>UI\/UX Design Creating Engaging Digital Experiences At Scient, we craft intuitive, user-centered interfaces that drive engagement and results. We align design aesthetics with seamless user experience to ensure every interaction adds value to your business. Why UI\/UX Matters: Great design goes beyond visuals\u2014it shapes how users feel about your brand. A well-designed interface can improve [&hellip;]<\/p>\n","protected":false},"author":1,"featured_media":0,"parent":0,"menu_order":0,"comment_status":"closed","ping_status":"closed","template":"","meta":{"footnotes":""},"class_list":["post-110","page","type-page","status-publish","hentry"],"yoast_head":"<!-- This site is optimized with the Yoast SEO Premium plugin v24.9 (Yoast SEO v24.9) - https:\/\/yoast.com\/wordpress\/plugins\/seo\/ -->\n<title>UI\/UX Design - Scient<\/title>\n<meta name=\"description\" content=\"We craft intuitive, user-centered interfaces that drive engagement and results. We align design aesthetics with seamless user experience\" \/>\n<meta name=\"robots\" content=\"index, follow, max-snippet:-1, max-image-preview:large, max-video-preview:-1\" \/>\n<link rel=\"canonical\" href=\"https:\/\/scient.com.br\/es\/ui-ux-design\/\" \/>\n<meta property=\"og:locale\" content=\"es_ES\" \/>\n<meta property=\"og:type\" content=\"article\" \/>\n<meta property=\"og:title\" content=\"UI\/UX Design\" \/>\n<meta property=\"og:description\" content=\"We craft intuitive, user-centered interfaces that drive engagement and results. We align design aesthetics with seamless user experience\" \/>\n<meta property=\"og:url\" content=\"https:\/\/scient.com.br\/es\/ui-ux-design\/\" \/>\n<meta property=\"og:site_name\" content=\"Scient\" \/>\n<meta property=\"article:modified_time\" content=\"2026-04-02T14:05:25+00:00\" \/>\n<meta property=\"og:image\" content=\"https:\/\/scient.com.br\/wp-content\/uploads\/2024\/10\/3032719-inline-orig3914798.webp\" \/>\n\t<meta property=\"og:image:width\" content=\"596\" \/>\n\t<meta property=\"og:image:height\" content=\"447\" \/>\n\t<meta property=\"og:image:type\" content=\"image\/webp\" \/>\n<meta name=\"twitter:card\" content=\"summary_large_image\" \/>\n<meta name=\"twitter:description\" content=\"We craft intuitive, user-centered interfaces that drive engagement and results. We align design aesthetics with seamless user experience\" \/>\n<meta name=\"twitter:label1\" content=\"Tiempo estimado de lectura\" \/>\n\t<meta name=\"twitter:data1\" content=\"1 minuto\" \/>\n<script type=\"application\/ld+json\" class=\"yoast-schema-graph\">{\"@context\":\"https:\/\/schema.org\",\"@graph\":[{\"@type\":\"WebPage\",\"@id\":\"https:\/\/scient.com.br\/ui-ux-design\/\",\"url\":\"https:\/\/scient.com.br\/ui-ux-design\/\",\"name\":\"UI\/UX Design - Scient\",\"isPartOf\":{\"@id\":\"https:\/\/scient.com.br\/#website\"},\"primaryImageOfPage\":{\"@id\":\"https:\/\/scient.com.br\/ui-ux-design\/#primaryimage\"},\"image\":{\"@id\":\"https:\/\/scient.com.br\/ui-ux-design\/#primaryimage\"},\"thumbnailUrl\":\"https:\/\/scient.com.br\/wp-content\/uploads\/2024\/10\/3032719-inline-orig3914798.webp\",\"datePublished\":\"2024-10-23T17:03:27+00:00\",\"dateModified\":\"2026-04-02T14:05:25+00:00\",\"description\":\"We craft intuitive, user-centered interfaces that drive engagement and results. We align design aesthetics with seamless user experience\",\"breadcrumb\":{\"@id\":\"https:\/\/scient.com.br\/ui-ux-design\/#breadcrumb\"},\"inLanguage\":\"es-CL\",\"potentialAction\":[{\"@type\":\"ReadAction\",\"target\":[\"https:\/\/scient.com.br\/ui-ux-design\/\"]}]},{\"@type\":\"ImageObject\",\"inLanguage\":\"es-CL\",\"@id\":\"https:\/\/scient.com.br\/ui-ux-design\/#primaryimage\",\"url\":\"https:\/\/scient.com.br\/wp-content\/uploads\/2024\/10\/3032719-inline-orig3914798.webp\",\"contentUrl\":\"https:\/\/scient.com.br\/wp-content\/uploads\/2024\/10\/3032719-inline-orig3914798.webp\"},{\"@type\":\"BreadcrumbList\",\"@id\":\"https:\/\/scient.com.br\/ui-ux-design\/#breadcrumb\",\"itemListElement\":[{\"@type\":\"ListItem\",\"position\":1,\"name\":\"Home\",\"item\":\"https:\/\/scient.com.br\/\"},{\"@type\":\"ListItem\",\"position\":2,\"name\":\"UI\/UX Design\"}]},{\"@type\":\"WebSite\",\"@id\":\"https:\/\/scient.com.br\/#website\",\"url\":\"https:\/\/scient.com.br\/\",\"name\":\"Scient\",\"description\":\"From Strategy to Execution\",\"publisher\":{\"@id\":\"https:\/\/scient.com.br\/#organization\"},\"potentialAction\":[{\"@type\":\"SearchAction\",\"target\":{\"@type\":\"EntryPoint\",\"urlTemplate\":\"https:\/\/scient.com.br\/?s={search_term_string}\"},\"query-input\":{\"@type\":\"PropertyValueSpecification\",\"valueRequired\":true,\"valueName\":\"search_term_string\"}}],\"inLanguage\":\"es-CL\"},{\"@type\":\"Organization\",\"@id\":\"https:\/\/scient.com.br\/#organization\",\"name\":\"Scient\",\"url\":\"https:\/\/scient.com.br\/\",\"logo\":{\"@type\":\"ImageObject\",\"inLanguage\":\"es-CL\",\"@id\":\"https:\/\/scient.com.br\/#\/schema\/logo\/image\/\",\"url\":\"https:\/\/scient.com.br\/wp-content\/uploads\/2025\/02\/Scientg.png\",\"contentUrl\":\"https:\/\/scient.com.br\/wp-content\/uploads\/2025\/02\/Scientg.png\",\"width\":747,\"height\":189,\"caption\":\"Scient\"},\"image\":{\"@id\":\"https:\/\/scient.com.br\/#\/schema\/logo\/image\/\"}}]}<\/script>\n<!-- \/ Yoast SEO Premium plugin. -->","yoast_head_json":{"title":"UI\/UX Design - Scient","description":"We craft intuitive, user-centered interfaces that drive engagement and results. We align design aesthetics with seamless user experience","robots":{"index":"index","follow":"follow","max-snippet":"max-snippet:-1","max-image-preview":"max-image-preview:large","max-video-preview":"max-video-preview:-1"},"canonical":"https:\/\/scient.com.br\/es\/ui-ux-design\/","og_locale":"es_ES","og_type":"article","og_title":"UI\/UX Design","og_description":"We craft intuitive, user-centered interfaces that drive engagement and results. We align design aesthetics with seamless user experience","og_url":"https:\/\/scient.com.br\/es\/ui-ux-design\/","og_site_name":"Scient","article_modified_time":"2026-04-02T14:05:25+00:00","og_image":[{"width":596,"height":447,"url":"https:\/\/scient.com.br\/wp-content\/uploads\/2024\/10\/3032719-inline-orig3914798.webp","type":"image\/webp"}],"twitter_card":"summary_large_image","twitter_description":"We craft intuitive, user-centered interfaces that drive engagement and results. We align design aesthetics with seamless user experience","twitter_misc":{"Tiempo estimado de lectura":"1 minuto"},"schema":{"@context":"https:\/\/schema.org","@graph":[{"@type":"WebPage","@id":"https:\/\/scient.com.br\/ui-ux-design\/","url":"https:\/\/scient.com.br\/ui-ux-design\/","name":"UI\/UX Design - Scient","isPartOf":{"@id":"https:\/\/scient.com.br\/#website"},"primaryImageOfPage":{"@id":"https:\/\/scient.com.br\/ui-ux-design\/#primaryimage"},"image":{"@id":"https:\/\/scient.com.br\/ui-ux-design\/#primaryimage"},"thumbnailUrl":"https:\/\/scient.com.br\/wp-content\/uploads\/2024\/10\/3032719-inline-orig3914798.webp","datePublished":"2024-10-23T17:03:27+00:00","dateModified":"2026-04-02T14:05:25+00:00","description":"We craft intuitive, user-centered interfaces that drive engagement and results. We align design aesthetics with seamless user experience","breadcrumb":{"@id":"https:\/\/scient.com.br\/ui-ux-design\/#breadcrumb"},"inLanguage":"es-CL","potentialAction":[{"@type":"ReadAction","target":["https:\/\/scient.com.br\/ui-ux-design\/"]}]},{"@type":"ImageObject","inLanguage":"es-CL","@id":"https:\/\/scient.com.br\/ui-ux-design\/#primaryimage","url":"https:\/\/scient.com.br\/wp-content\/uploads\/2024\/10\/3032719-inline-orig3914798.webp","contentUrl":"https:\/\/scient.com.br\/wp-content\/uploads\/2024\/10\/3032719-inline-orig3914798.webp"},{"@type":"BreadcrumbList","@id":"https:\/\/scient.com.br\/ui-ux-design\/#breadcrumb","itemListElement":[{"@type":"ListItem","position":1,"name":"Home","item":"https:\/\/scient.com.br\/"},{"@type":"ListItem","position":2,"name":"UI\/UX Design"}]},{"@type":"WebSite","@id":"https:\/\/scient.com.br\/#website","url":"https:\/\/scient.com.br\/","name":"Scient","description":"De la Estrategia a la Ejecuci\u00f3n","publisher":{"@id":"https:\/\/scient.com.br\/#organization"},"potentialAction":[{"@type":"SearchAction","target":{"@type":"EntryPoint","urlTemplate":"https:\/\/scient.com.br\/?s={search_term_string}"},"query-input":{"@type":"PropertyValueSpecification","valueRequired":true,"valueName":"search_term_string"}}],"inLanguage":"es-CL"},{"@type":"Organization","@id":"https:\/\/scient.com.br\/#organization","name":"Scient","url":"https:\/\/scient.com.br\/","logo":{"@type":"ImageObject","inLanguage":"es-CL","@id":"https:\/\/scient.com.br\/#\/schema\/logo\/image\/","url":"https:\/\/scient.com.br\/wp-content\/uploads\/2025\/02\/Scientg.png","contentUrl":"https:\/\/scient.com.br\/wp-content\/uploads\/2025\/02\/Scientg.png","width":747,"height":189,"caption":"Scient"},"image":{"@id":"https:\/\/scient.com.br\/#\/schema\/logo\/image\/"}}]}},"_links":{"self":[{"href":"https:\/\/scient.com.br\/es\/wp-json\/wp\/v2\/pages\/110","targetHints":{"allow":["GET"]}}],"collection":[{"href":"https:\/\/scient.com.br\/es\/wp-json\/wp\/v2\/pages"}],"about":[{"href":"https:\/\/scient.com.br\/es\/wp-json\/wp\/v2\/types\/page"}],"author":[{"embeddable":true,"href":"https:\/\/scient.com.br\/es\/wp-json\/wp\/v2\/users\/1"}],"replies":[{"embeddable":true,"href":"https:\/\/scient.com.br\/es\/wp-json\/wp\/v2\/comments?post=110"}],"version-history":[{"count":27,"href":"https:\/\/scient.com.br\/es\/wp-json\/wp\/v2\/pages\/110\/revisions"}],"predecessor-version":[{"id":4598,"href":"https:\/\/scient.com.br\/es\/wp-json\/wp\/v2\/pages\/110\/revisions\/4598"}],"wp:attachment":[{"href":"https:\/\/scient.com.br\/es\/wp-json\/wp\/v2\/media?parent=110"}],"curies":[{"name":"wp","href":"https:\/\/api.w.org\/{rel}","templated":true}]}}