{"id":117,"date":"2024-10-23T17:05:07","date_gmt":"2024-10-23T17:05:07","guid":{"rendered":"https:\/?page_id=117"},"modified":"2026-03-13T15:44:06","modified_gmt":"2026-03-13T15:44:06","slug":"scalable-full-projects","status":"publish","type":"page","link":"https:\/\/scient.com.br\/es\/scalable-full-projects\/","title":{"rendered":"Proyectos Digitales Escalables"},"content":{"rendered":"<div data-elementor-type=\"wp-page\" data-elementor-id=\"117\" class=\"elementor elementor-117\" data-elementor-post-type=\"page\">\n\t\t\t\t\t\t<section class=\"elementor-section elementor-top-section elementor-element elementor-element-5f4fc95 elementor-section-stretched animated-slow elementor-section-boxed elementor-section-height-default elementor-section-height-default elementor-invisible\" data-id=\"5f4fc95\" data-element_type=\"section\" data-e-type=\"section\" data-settings=\"{&quot;background_background&quot;:&quot;classic&quot;,&quot;stretch_section&quot;:&quot;section-stretched&quot;,&quot;animation&quot;:&quot;fadeIn&quot;}\">\n\t\t\t\t\t\t\t<div class=\"elementor-background-overlay\"><\/div>\n\t\t\t\t\t\t\t<div class=\"elementor-container elementor-column-gap-default\">\n\t\t\t\t\t<div class=\"elementor-column elementor-col-50 elementor-top-column elementor-element elementor-element-34bfd3a\" data-id=\"34bfd3a\" data-element_type=\"column\" data-e-type=\"column\">\n\t\t\t<div class=\"elementor-widget-wrap elementor-element-populated\">\n\t\t\t\t\t\t<div class=\"elementor-element elementor-element-c26bf15 elementor-widget elementor-widget-heading\" data-id=\"c26bf15\" data-element_type=\"widget\" data-e-type=\"widget\" data-widget_type=\"heading.default\">\n\t\t\t\t<div class=\"elementor-widget-container\">\n\t\t\t\t\t<h2 class=\"elementor-heading-title elementor-size-default\">Proyectos Digitales Escalables<\/h2>\t\t\t\t<\/div>\n\t\t\t\t<\/div>\n\t\t\t\t<div class=\"elementor-element elementor-element-e0ec588 elementor-widget__width-initial elementor-widget elementor-widget-text-editor\" data-id=\"e0ec588\" data-element_type=\"widget\" data-e-type=\"widget\" data-widget_type=\"text-editor.default\">\n\t\t\t\t<div class=\"elementor-widget-container\">\n\t\t\t\t\t\t\t\t\t<p>En Scient, desarrollamos soluciones digitales robustas que crecen junto con tu negocio. Nuestro enfoque garantiza productos con m\u00faltiples funcionalidades, dise\u00f1ados para ser flexibles y escalables, aline\u00e1ndose con la evoluci\u00f3n de tus objetivos.<\/p>\t\t\t\t\t\t\t\t<\/div>\n\t\t\t\t<\/div>\n\t\t\t\t<div class=\"elementor-element elementor-element-64f5a92 elementor-widget elementor-widget-heading\" data-id=\"64f5a92\" data-element_type=\"widget\" data-e-type=\"widget\" data-widget_type=\"heading.default\">\n\t\t\t\t<div class=\"elementor-widget-container\">\n\t\t\t\t\t<div class=\"elementor-heading-title elementor-size-default\">\u00bfPor qu\u00e9 elegir nuestro desarrollo a gran escala?<\/div>\t\t\t\t<\/div>\n\t\t\t\t<\/div>\n\t\t\t\t<div class=\"elementor-element elementor-element-c64e89d elementor-widget__width-initial elementor-widget elementor-widget-text-editor\" data-id=\"c64e89d\" data-element_type=\"widget\" data-e-type=\"widget\" data-widget_type=\"text-editor.default\">\n\t\t\t\t<div class=\"elementor-widget-container\">\n\t\t\t\t\t\t\t\t\t<p>Desde la planificaci\u00f3n estrat\u00e9gica hasta la implementaci\u00f3n sin fisuras, ofrecemos un soporte integral con un enfoque en rendimiento, seguridad y adaptabilidad. Ya sea una plataforma web, aplicaci\u00f3n m\u00f3vil o sistema complejo, creamos soluciones que impulsan el crecimiento sostenible.<\/p>\t\t\t\t\t\t\t\t<\/div>\n\t\t\t\t<\/div>\n\t\t\t\t<div class=\"elementor-element elementor-element-2d9f9e4 elementor-widget elementor-widget-heading\" data-id=\"2d9f9e4\" data-element_type=\"widget\" data-e-type=\"widget\" data-widget_type=\"heading.default\">\n\t\t\t\t<div class=\"elementor-widget-container\">\n\t\t\t\t\t<div class=\"elementor-heading-title elementor-size-default\">Principios Clave del Desarrollo<\/div>\t\t\t\t<\/div>\n\t\t\t\t<\/div>\n\t\t\t\t<div class=\"elementor-element elementor-element-47adbef elementor-widget__width-initial elementor-widget elementor-widget-text-editor\" data-id=\"47adbef\" data-element_type=\"widget\" data-e-type=\"widget\" data-widget_type=\"text-editor.default\">\n\t\t\t\t<div class=\"elementor-widget-container\">\n\t\t\t\t\t\t\t\t\t<ul><li><strong>Desarrollo \u00c1gil<\/strong> Iteraciones r\u00e1pidas y mejora continua para optimizar el producto en cada fase.<\/li><li><strong>Integraciones Personalizadas<\/strong> Funcionalidades adaptadas a tus necesidades espec\u00edficas.<\/li><li><strong>Arquitectura Escalable<\/strong> Sistemas dise\u00f1ados para expandirse sin esfuerzo a medida que tu negocio crece.<\/li><li><strong>User-Centric Design:<\/strong> Cada funcionalidad est\u00e1 pensada para mejorar la experiencia del usuario.<\/li><\/ul><div>\u00a0<\/div><p>Al combinar tecnolog\u00eda de vanguardia con mejores pr\u00e1cticas, garantizamos un proceso fluido que cumple con los plazos y supera las expectativas. <br \/>we ensure a smooth process that meets deadlines and exceeds expectations.<\/p>\t\t\t\t\t\t\t\t<\/div>\n\t\t\t\t<\/div>\n\t\t\t\t\t<\/div>\n\t\t<\/div>\n\t\t\t\t<div class=\"elementor-column elementor-col-50 elementor-top-column elementor-element elementor-element-dee3bcb\" data-id=\"dee3bcb\" data-element_type=\"column\" data-e-type=\"column\">\n\t\t\t<div class=\"elementor-widget-wrap elementor-element-populated\">\n\t\t\t\t\t\t<div class=\"elementor-element elementor-element-194cd24 elementor-widget elementor-widget-spacer\" data-id=\"194cd24\" data-element_type=\"widget\" data-e-type=\"widget\" data-widget_type=\"spacer.default\">\n\t\t\t\t<div class=\"elementor-widget-container\">\n\t\t\t\t\t\t\t<div class=\"elementor-spacer\">\n\t\t\t<div class=\"elementor-spacer-inner\"><\/div>\n\t\t<\/div>\n\t\t\t\t\t\t<\/div>\n\t\t\t\t<\/div>\n\t\t\t\t<div class=\"elementor-element elementor-element-15d83ba elementor-widget elementor-widget-image\" data-id=\"15d83ba\" data-element_type=\"widget\" data-e-type=\"widget\" data-widget_type=\"image.default\">\n\t\t\t\t<div class=\"elementor-widget-container\">\n\t\t\t\t\t\t\t\t\t\t\t\t\t\t\t<img fetchpriority=\"high\" decoding=\"async\" width=\"800\" height=\"466\" src=\"https:\/\/scient.com.br\/wp-content\/uploads\/2024\/10\/process-1024x597.png\" class=\"attachment-large size-large wp-image-395\" alt=\"Our Process + Design Thinking\" srcset=\"https:\/\/scient.com.br\/wp-content\/uploads\/2024\/10\/process-1024x597.png 1024w, https:\/\/scient.com.br\/wp-content\/uploads\/2024\/10\/process-300x175.png 300w, https:\/\/scient.com.br\/wp-content\/uploads\/2024\/10\/process-768x448.png 768w, https:\/\/scient.com.br\/wp-content\/uploads\/2024\/10\/process.png 1103w\" sizes=\"(max-width: 800px) 100vw, 800px\" \/>\t\t\t\t\t\t\t\t\t\t\t\t\t\t\t<\/div>\n\t\t\t\t<\/div>\n\t\t\t\t<div class=\"elementor-element elementor-element-0de6999 elementor-widget__width-initial elementor-widget elementor-widget-text-editor\" data-id=\"0de6999\" data-element_type=\"widget\" data-e-type=\"widget\" data-widget_type=\"text-editor.default\">\n\t\t\t\t<div class=\"elementor-widget-container\">\n\t\t\t\t\t\t\t\t\t<div class=\"scient-talk-box\">\n  <h4><a href=\"https:\/\/scient.com.br\/es\/getaquote\/\">\n    <span style=\"color: #ffffff; font-weight: bold;\">\n      <i class=\"fas fa-comment\"><\/i> Hablemos\n    <\/span>\n  <\/a><\/h4>\n  <h6><a href=\"https:\/\/scient.com.br\/es\/getaquote\/\">\n    <span style=\"color: #ffffff;\">\n      \u00bfListo para pasar del concepto al impacto en el mercado? Cont\u00e1ctanos hoy y hagamos realidad tu visi\u00f3n.\n    <\/span>\n  <\/a><\/h6>\n<\/div>\t\t\t\t\t\t\t\t<\/div>\n\t\t\t\t<\/div>\n\t\t\t\t\t<\/div>\n\t\t<\/div>\n\t\t\t\t\t<\/div>\n\t\t<\/section>\n\t\t<div class=\"elementor-element elementor-element-4d3e79e e-flex e-con-boxed e-con e-parent\" data-id=\"4d3e79e\" data-element_type=\"container\" data-e-type=\"container\">\n\t\t\t\t\t<div class=\"e-con-inner\">\n\t\t\t\t<div class=\"elementor-element elementor-element-6a30e6e elementor-widget elementor-widget-spacer\" data-id=\"6a30e6e\" data-element_type=\"widget\" data-e-type=\"widget\" data-widget_type=\"spacer.default\">\n\t\t\t\t<div class=\"elementor-widget-container\">\n\t\t\t\t\t\t\t<div class=\"elementor-spacer\">\n\t\t\t<div class=\"elementor-spacer-inner\"><\/div>\n\t\t<\/div>\n\t\t\t\t\t\t<\/div>\n\t\t\t\t<\/div>\n\t\t\t\t\t<\/div>\n\t\t\t\t<\/div>\n\t\t\t\t<\/div>","protected":false},"excerpt":{"rendered":"<p>Scalable Full Projects At Scient, we create robust digital solutions that grow with your business. Our approach delivers feature-rich products designed for flexibility and scalability, ensuring they align with your evolving goals. Why Choose Our Full-Scale Development From strategic planning to seamless implementation, we provide end-to-end support with a focus on performance, security, and adaptability. [&hellip;]<\/p>\n","protected":false},"author":1,"featured_media":0,"parent":0,"menu_order":0,"comment_status":"closed","ping_status":"closed","template":"","meta":{"footnotes":""},"class_list":["post-117","page","type-page","status-publish","hentry"],"yoast_head":"<!-- This site is optimized with the Yoast SEO Premium plugin v24.9 (Yoast SEO v24.9) - https:\/\/yoast.com\/wordpress\/plugins\/seo\/ -->\n<title>Scalable Full Projects - Scient<\/title>\n<meta name=\"description\" content=\"At Scient, we create robust digital solutions that grow with your business. Our approach delivers feature-rich products designed for flexibility and scalability, ensuring they align with your evolving goals.\" \/>\n<meta name=\"robots\" content=\"index, follow, max-snippet:-1, max-image-preview:large, max-video-preview:-1\" \/>\n<link rel=\"canonical\" href=\"https:\/\/scient.com.br\/es\/scalable-full-projects\/\" \/>\n<meta property=\"og:locale\" content=\"es_ES\" \/>\n<meta property=\"og:type\" content=\"article\" \/>\n<meta property=\"og:title\" content=\"Scalable Full Projects\" \/>\n<meta property=\"og:description\" content=\"At Scient, we create robust digital solutions that grow with your business. Our approach delivers feature-rich products designed for flexibility and scalability, ensuring they align with your evolving goals.\" \/>\n<meta property=\"og:url\" content=\"https:\/\/scient.com.br\/es\/scalable-full-projects\/\" \/>\n<meta property=\"og:site_name\" content=\"Scient\" \/>\n<meta property=\"article:modified_time\" content=\"2026-03-13T15:44:06+00:00\" \/>\n<meta property=\"og:image\" content=\"https:\/\/scient.com.br\/wp-content\/uploads\/2024\/10\/process.png\" \/>\n\t<meta property=\"og:image:width\" content=\"1103\" \/>\n\t<meta property=\"og:image:height\" content=\"643\" \/>\n\t<meta property=\"og:image:type\" content=\"image\/png\" \/>\n<meta name=\"twitter:card\" content=\"summary_large_image\" \/>\n<meta name=\"twitter:description\" content=\"At Scient, we create robust digital solutions that grow with your business. Our approach delivers feature-rich products designed for flexibility and scalability, ensuring they align with your evolving goals.\" \/>\n<meta name=\"twitter:label1\" content=\"Tiempo estimado de lectura\" \/>\n\t<meta name=\"twitter:data1\" content=\"1 minuto\" \/>\n<script type=\"application\/ld+json\" class=\"yoast-schema-graph\">{\"@context\":\"https:\/\/schema.org\",\"@graph\":[{\"@type\":\"WebPage\",\"@id\":\"https:\/\/scient.com.br\/scalable-full-projects\/\",\"url\":\"https:\/\/scient.com.br\/scalable-full-projects\/\",\"name\":\"Scalable Full Projects - Scient\",\"isPartOf\":{\"@id\":\"https:\/\/scient.com.br\/#website\"},\"primaryImageOfPage\":{\"@id\":\"https:\/\/scient.com.br\/scalable-full-projects\/#primaryimage\"},\"image\":{\"@id\":\"https:\/\/scient.com.br\/scalable-full-projects\/#primaryimage\"},\"thumbnailUrl\":\"https:\/\/scient.com.br\/wp-content\/uploads\/2024\/10\/process-1024x597.png\",\"datePublished\":\"2024-10-23T17:05:07+00:00\",\"dateModified\":\"2026-03-13T15:44:06+00:00\",\"description\":\"At Scient, we create robust digital solutions that grow with your business. Our approach delivers feature-rich products designed for flexibility and scalability, ensuring they align with your evolving goals.\",\"breadcrumb\":{\"@id\":\"https:\/\/scient.com.br\/scalable-full-projects\/#breadcrumb\"},\"inLanguage\":\"es-CL\",\"potentialAction\":[{\"@type\":\"ReadAction\",\"target\":[\"https:\/\/scient.com.br\/scalable-full-projects\/\"]}]},{\"@type\":\"ImageObject\",\"inLanguage\":\"es-CL\",\"@id\":\"https:\/\/scient.com.br\/scalable-full-projects\/#primaryimage\",\"url\":\"https:\/\/scient.com.br\/wp-content\/uploads\/2024\/10\/process-1024x597.png\",\"contentUrl\":\"https:\/\/scient.com.br\/wp-content\/uploads\/2024\/10\/process-1024x597.png\"},{\"@type\":\"BreadcrumbList\",\"@id\":\"https:\/\/scient.com.br\/scalable-full-projects\/#breadcrumb\",\"itemListElement\":[{\"@type\":\"ListItem\",\"position\":1,\"name\":\"Home\",\"item\":\"https:\/\/scient.com.br\/\"},{\"@type\":\"ListItem\",\"position\":2,\"name\":\"Scalable Full Projects\"}]},{\"@type\":\"WebSite\",\"@id\":\"https:\/\/scient.com.br\/#website\",\"url\":\"https:\/\/scient.com.br\/\",\"name\":\"Scient\",\"description\":\"From Strategy to Execution\",\"publisher\":{\"@id\":\"https:\/\/scient.com.br\/#organization\"},\"potentialAction\":[{\"@type\":\"SearchAction\",\"target\":{\"@type\":\"EntryPoint\",\"urlTemplate\":\"https:\/\/scient.com.br\/?s={search_term_string}\"},\"query-input\":{\"@type\":\"PropertyValueSpecification\",\"valueRequired\":true,\"valueName\":\"search_term_string\"}}],\"inLanguage\":\"es-CL\"},{\"@type\":\"Organization\",\"@id\":\"https:\/\/scient.com.br\/#organization\",\"name\":\"Scient\",\"url\":\"https:\/\/scient.com.br\/\",\"logo\":{\"@type\":\"ImageObject\",\"inLanguage\":\"es-CL\",\"@id\":\"https:\/\/scient.com.br\/#\/schema\/logo\/image\/\",\"url\":\"https:\/\/scient.com.br\/wp-content\/uploads\/2025\/02\/Scientg.png\",\"contentUrl\":\"https:\/\/scient.com.br\/wp-content\/uploads\/2025\/02\/Scientg.png\",\"width\":747,\"height\":189,\"caption\":\"Scient\"},\"image\":{\"@id\":\"https:\/\/scient.com.br\/#\/schema\/logo\/image\/\"}}]}<\/script>\n<!-- \/ Yoast SEO Premium plugin. -->","yoast_head_json":{"title":"Scalable Full Projects - Scient","description":"En Scient, desarrollamos soluciones digitales robustas que crecen junto con tu negocio. Nuestro enfoque garantiza productos con m\u00faltiples funcionalidades, dise\u00f1ados para ser flexibles y escalables, aline\u00e1ndose con la evoluci\u00f3n de tus objetivos.","robots":{"index":"index","follow":"follow","max-snippet":"max-snippet:-1","max-image-preview":"max-image-preview:large","max-video-preview":"max-video-preview:-1"},"canonical":"https:\/\/scient.com.br\/es\/scalable-full-projects\/","og_locale":"es_ES","og_type":"article","og_title":"Scalable Full Projects","og_description":"At Scient, we create robust digital solutions that grow with your business. Our approach delivers feature-rich products designed for flexibility and scalability, ensuring they align with your evolving goals.","og_url":"https:\/\/scient.com.br\/es\/scalable-full-projects\/","og_site_name":"Scient","article_modified_time":"2026-03-13T15:44:06+00:00","og_image":[{"width":1103,"height":643,"url":"https:\/\/scient.com.br\/wp-content\/uploads\/2024\/10\/process.png","type":"image\/png"}],"twitter_card":"summary_large_image","twitter_description":"At Scient, we create robust digital solutions that grow with your business. Our approach delivers feature-rich products designed for flexibility and scalability, ensuring they align with your evolving goals.","twitter_misc":{"Tiempo estimado de lectura":"1 minuto"},"schema":{"@context":"https:\/\/schema.org","@graph":[{"@type":"WebPage","@id":"https:\/\/scient.com.br\/scalable-full-projects\/","url":"https:\/\/scient.com.br\/scalable-full-projects\/","name":"Scalable Full Projects - Scient","isPartOf":{"@id":"https:\/\/scient.com.br\/#website"},"primaryImageOfPage":{"@id":"https:\/\/scient.com.br\/scalable-full-projects\/#primaryimage"},"image":{"@id":"https:\/\/scient.com.br\/scalable-full-projects\/#primaryimage"},"thumbnailUrl":"https:\/\/scient.com.br\/wp-content\/uploads\/2024\/10\/process-1024x597.png","datePublished":"2024-10-23T17:05:07+00:00","dateModified":"2026-03-13T15:44:06+00:00","description":"En Scient, desarrollamos soluciones digitales robustas que crecen junto con tu negocio. Nuestro enfoque garantiza productos con m\u00faltiples funcionalidades, dise\u00f1ados para ser flexibles y escalables, aline\u00e1ndose con la evoluci\u00f3n de tus objetivos.","breadcrumb":{"@id":"https:\/\/scient.com.br\/scalable-full-projects\/#breadcrumb"},"inLanguage":"es-CL","potentialAction":[{"@type":"ReadAction","target":["https:\/\/scient.com.br\/scalable-full-projects\/"]}]},{"@type":"ImageObject","inLanguage":"es-CL","@id":"https:\/\/scient.com.br\/scalable-full-projects\/#primaryimage","url":"https:\/\/scient.com.br\/wp-content\/uploads\/2024\/10\/process-1024x597.png","contentUrl":"https:\/\/scient.com.br\/wp-content\/uploads\/2024\/10\/process-1024x597.png"},{"@type":"BreadcrumbList","@id":"https:\/\/scient.com.br\/scalable-full-projects\/#breadcrumb","itemListElement":[{"@type":"ListItem","position":1,"name":"Home","item":"https:\/\/scient.com.br\/"},{"@type":"ListItem","position":2,"name":"Scalable Full Projects"}]},{"@type":"WebSite","@id":"https:\/\/scient.com.br\/#website","url":"https:\/\/scient.com.br\/","name":"Scient","description":"De la Estrategia a la Ejecuci\u00f3n","publisher":{"@id":"https:\/\/scient.com.br\/#organization"},"potentialAction":[{"@type":"SearchAction","target":{"@type":"EntryPoint","urlTemplate":"https:\/\/scient.com.br\/?s={search_term_string}"},"query-input":{"@type":"PropertyValueSpecification","valueRequired":true,"valueName":"search_term_string"}}],"inLanguage":"es-CL"},{"@type":"Organization","@id":"https:\/\/scient.com.br\/#organization","name":"Scient","url":"https:\/\/scient.com.br\/","logo":{"@type":"ImageObject","inLanguage":"es-CL","@id":"https:\/\/scient.com.br\/#\/schema\/logo\/image\/","url":"https:\/\/scient.com.br\/wp-content\/uploads\/2025\/02\/Scientg.png","contentUrl":"https:\/\/scient.com.br\/wp-content\/uploads\/2025\/02\/Scientg.png","width":747,"height":189,"caption":"Scient"},"image":{"@id":"https:\/\/scient.com.br\/#\/schema\/logo\/image\/"}}]}},"_links":{"self":[{"href":"https:\/\/scient.com.br\/es\/wp-json\/wp\/v2\/pages\/117","targetHints":{"allow":["GET"]}}],"collection":[{"href":"https:\/\/scient.com.br\/es\/wp-json\/wp\/v2\/pages"}],"about":[{"href":"https:\/\/scient.com.br\/es\/wp-json\/wp\/v2\/types\/page"}],"author":[{"embeddable":true,"href":"https:\/\/scient.com.br\/es\/wp-json\/wp\/v2\/users\/1"}],"replies":[{"embeddable":true,"href":"https:\/\/scient.com.br\/es\/wp-json\/wp\/v2\/comments?post=117"}],"version-history":[{"count":30,"href":"https:\/\/scient.com.br\/es\/wp-json\/wp\/v2\/pages\/117\/revisions"}],"predecessor-version":[{"id":3035,"href":"https:\/\/scient.com.br\/es\/wp-json\/wp\/v2\/pages\/117\/revisions\/3035"}],"wp:attachment":[{"href":"https:\/\/scient.com.br\/es\/wp-json\/wp\/v2\/media?parent=117"}],"curies":[{"name":"wp","href":"https:\/\/api.w.org\/{rel}","templated":true}]}}