{"id":2701,"date":"2026-03-11T14:17:56","date_gmt":"2026-03-11T14:17:56","guid":{"rendered":"https:\/\/scient.com.br\/?page_id=2701"},"modified":"2026-04-07T15:29:43","modified_gmt":"2026-04-07T15:29:43","slug":"strategy-to-execution","status":"publish","type":"page","link":"https:\/\/scient.com.br\/es\/strategy-to-execution\/","title":{"rendered":"De la Estrategia a la Ejecuci\u00f3n"},"content":{"rendered":"<div data-elementor-type=\"wp-page\" data-elementor-id=\"2701\" class=\"elementor elementor-2701\" data-elementor-post-type=\"page\">\n\t\t\t\t<div class=\"elementor-element elementor-element-1acfecc e-flex e-con-boxed e-con e-parent\" data-id=\"1acfecc\" data-element_type=\"container\" data-e-type=\"container\" data-settings=\"{&quot;background_background&quot;:&quot;classic&quot;}\">\n\t\t\t\t\t<div class=\"e-con-inner\">\n\t\t<div class=\"elementor-element elementor-element-4070b1b e-con-full e-flex e-con e-child\" data-id=\"4070b1b\" data-element_type=\"container\" data-e-type=\"container\" data-settings=\"{&quot;background_background&quot;:&quot;classic&quot;}\">\n\t\t\t\t<div class=\"elementor-element elementor-element-f7e4a15 elementor-widget elementor-widget-heading\" data-id=\"f7e4a15\" data-element_type=\"widget\" data-e-type=\"widget\" data-widget_type=\"heading.default\">\n\t\t\t\t<div class=\"elementor-widget-container\">\n\t\t\t\t\t<h2 class=\"elementor-heading-title elementor-size-default\">De la Estrategia a la Ejecuci\u00f3n<\/h2>\t\t\t\t<\/div>\n\t\t\t\t<\/div>\n\t\t\t\t<div class=\"elementor-element elementor-element-fab9e89 elementor-widget__width-initial elementor-widget elementor-widget-heading\" data-id=\"fab9e89\" data-element_type=\"widget\" data-e-type=\"widget\" data-widget_type=\"heading.default\">\n\t\t\t\t<div class=\"elementor-widget-container\">\n\t\t\t\t\t<span class=\"elementor-heading-title elementor-size-default\">Convierta la estrategia en iniciativas claras, decisiones alineadas y pr\u00f3ximos pasos ejecutables.<\/span>\t\t\t\t<\/div>\n\t\t\t\t<\/div>\n\t\t\t\t<div class=\"elementor-element elementor-element-41a6949 elementor-widget elementor-widget-spacer\" data-id=\"41a6949\" data-element_type=\"widget\" data-e-type=\"widget\" data-widget_type=\"spacer.default\">\n\t\t\t\t<div class=\"elementor-widget-container\">\n\t\t\t\t\t\t\t<div class=\"elementor-spacer\">\n\t\t\t<div class=\"elementor-spacer-inner\"><\/div>\n\t\t<\/div>\n\t\t\t\t\t\t<\/div>\n\t\t\t\t<\/div>\n\t\t\t\t<\/div>\n\t\t\t\t\t<\/div>\n\t\t\t\t<\/div>\n\t\t<div class=\"elementor-element elementor-element-657fc7a e-flex e-con-boxed e-con e-parent\" data-id=\"657fc7a\" data-element_type=\"container\" data-e-type=\"container\">\n\t\t\t\t\t<div class=\"e-con-inner\">\n\t\t<div class=\"elementor-element elementor-element-6b1c80e e-con-full e-flex e-con e-child\" data-id=\"6b1c80e\" data-element_type=\"container\" data-e-type=\"container\">\n\t\t\t\t<div class=\"elementor-element elementor-element-40620da elementor-widget elementor-widget-text-editor\" data-id=\"40620da\" data-element_type=\"widget\" data-e-type=\"widget\" data-widget_type=\"text-editor.default\">\n\t\t\t\t<div class=\"elementor-widget-container\">\n\t\t\t\t\t\t\t\t\t<p>Muchas organizaciones saben que necesitan evolucionar, mejorar o innovar, pero les cuesta convertir la intenci\u00f3n estrat\u00e9gica en acci\u00f3n concreta. Las prioridades siguen siendo demasiado amplias, los equipos no est\u00e1n totalmente alineados y la ejecuci\u00f3n suele comenzar sin la claridad suficiente.<\/p><p>Scient ayuda a cerrar esa brecha. Trabajamos con equipos de liderazgo y operaci\u00f3n para comprender la realidad actual, definir las oportunidades correctas, identificar lo que realmente importa y estructurar pr\u00f3ximos pasos pr\u00e1cticos que permitan avanzar con m\u00e1s confianza y disciplina.<\/p><p>Esto puede implicar entender d\u00f3nde existe fricci\u00f3n en la operaci\u00f3n actual, identificar las oportunidades m\u00e1s relevantes, definir qu\u00e9 iniciativas merecen foco o estructurar el camino desde la ambici\u00f3n hasta la ejecuci\u00f3n.<\/p><p>El objetivo no es solo pensar estrat\u00e9gicamente, sino hacer que la estrategia sea accionable.<\/p>\t\t\t\t\t\t\t\t<\/div>\n\t\t\t\t<\/div>\n\t\t\t\t<div class=\"elementor-element elementor-element-e4e4b88 elementor-widget elementor-widget-heading\" data-id=\"e4e4b88\" data-element_type=\"widget\" data-e-type=\"widget\" data-widget_type=\"heading.default\">\n\t\t\t\t<div class=\"elementor-widget-container\">\n\t\t\t\t\t<h2 class=\"elementor-heading-title elementor-size-default\">C\u00f3mo trabaja Scient<\/h2>\t\t\t\t<\/div>\n\t\t\t\t<\/div>\n\t\t\t\t<div class=\"elementor-element elementor-element-510f4dc elementor-widget elementor-widget-text-editor\" data-id=\"510f4dc\" data-element_type=\"widget\" data-e-type=\"widget\" data-widget_type=\"text-editor.default\">\n\t\t\t\t<div class=\"elementor-widget-container\">\n\t\t\t\t\t\t\t\t\t<p>Combinamos entendimiento del negocio con estructuraci\u00f3n pr\u00e1ctica. En lugar de producir recomendaciones abstractas, nos enfocamos en ayudar a los clientes a definir qu\u00e9 debe suceder despu\u00e9s, por qu\u00e9 importa y c\u00f3mo puede avanzar hacia la ejecuci\u00f3n.<\/p><p>Seg\u00fan el caso, este trabajo puede derivar en dise\u00f1o de pilotos, mejoras del modelo operativo, dise\u00f1o de nuevas iniciativas o construcci\u00f3n de productos y servicios.<\/p>\t\t\t\t\t\t\t\t<\/div>\n\t\t\t\t<\/div>\n\t\t\t\t<div class=\"elementor-element elementor-element-4c0d7c0 elementor-widget elementor-widget-heading\" data-id=\"4c0d7c0\" data-element_type=\"widget\" data-e-type=\"widget\" data-widget_type=\"heading.default\">\n\t\t\t\t<div class=\"elementor-widget-container\">\n\t\t\t\t\t<h3 class=\"elementor-heading-title elementor-size-default\"><a href=\"https:\/\/scient.com.br\/es\/scient-methodology\/\">Explore nuestra metodolog\u00eda<\/a><\/h3>\t\t\t\t<\/div>\n\t\t\t\t<\/div>\n\t\t\t\t<\/div>\n\t\t<div class=\"elementor-element elementor-element-84f10b1 e-con-full e-flex e-con e-child\" data-id=\"84f10b1\" data-element_type=\"container\" data-e-type=\"container\">\n\t\t\t\t<div class=\"elementor-element elementor-element-7afe74c elementor-widget elementor-widget-heading\" data-id=\"7afe74c\" data-element_type=\"widget\" data-e-type=\"widget\" data-widget_type=\"heading.default\">\n\t\t\t\t<div class=\"elementor-widget-container\">\n\t\t\t\t\t<h2 class=\"elementor-heading-title elementor-size-default\">Lo que ayudamos a hacer a nuestros clientes<\/h2>\t\t\t\t<\/div>\n\t\t\t\t<\/div>\n\t\t\t\t<div class=\"elementor-element elementor-element-aaecd9c elementor-widget elementor-widget-text-editor\" data-id=\"aaecd9c\" data-element_type=\"widget\" data-e-type=\"widget\" data-widget_type=\"text-editor.default\">\n\t\t\t\t<div class=\"elementor-widget-container\">\n\t\t\t\t\t\t\t\t\t<ul><li data-section-id=\"1fm8kvg\" data-start=\"2029\" data-end=\"2088\"><p data-start=\"2031\" data-end=\"2088\">Aclarar prioridades estrat\u00e9gicas y oportunidades de negocio<\/p><\/li><li data-section-id=\"1j6ubm9\" data-start=\"2089\" data-end=\"2146\"><p data-start=\"2091\" data-end=\"2146\">Mapear flujos de trabajo, puntos de dolor, cuellos de botella y handoffs<\/p><\/li><li data-section-id=\"1x5x0bl\" data-start=\"2147\" data-end=\"2213\"><p data-start=\"2149\" data-end=\"2213\">Identificar iniciativas viables, relevantes y ejecutables<\/p><\/li><li data-section-id=\"58b013\" data-start=\"2214\" data-end=\"2282\"><p data-start=\"2216\" data-end=\"2282\">Priorizar oportunidades seg\u00fan valor de negocio y factibilidad<\/p><\/li><li data-section-id=\"b6i6ak\" data-start=\"2283\" data-end=\"2336\"><p data-start=\"2285\" data-end=\"2336\">Definir pr\u00f3ximos pasos pr\u00e1cticos, alcance y direcci\u00f3n<\/p><\/li><li data-section-id=\"6l193n\" data-start=\"2337\" data-end=\"2405\"><p data-start=\"2339\" data-end=\"2405\">Crear mayor alineaci\u00f3n entre liderazgo y equipos de ejecuci\u00f3n<\/p><\/li><\/ul>\t\t\t\t\t\t\t\t<\/div>\n\t\t\t\t<\/div>\n\t\t\t\t<div class=\"elementor-element elementor-element-9e90033 elementor-widget elementor-widget-image\" data-id=\"9e90033\" data-element_type=\"widget\" data-e-type=\"widget\" data-widget_type=\"image.default\">\n\t\t\t\t<div class=\"elementor-widget-container\">\n\t\t\t\t\t\t\t\t\t\t\t\t\t\t\t<img fetchpriority=\"high\" decoding=\"async\" width=\"800\" height=\"364\" src=\"https:\/\/scient.com.br\/wp-content\/uploads\/2024\/10\/strategy-1024x466.png\" class=\"attachment-large size-large wp-image-263\" alt=\"strategy\" srcset=\"https:\/\/scient.com.br\/wp-content\/uploads\/2024\/10\/strategy-1024x466.png 1024w, https:\/\/scient.com.br\/wp-content\/uploads\/2024\/10\/strategy-300x136.png 300w, https:\/\/scient.com.br\/wp-content\/uploads\/2024\/10\/strategy-768x349.png 768w, https:\/\/scient.com.br\/wp-content\/uploads\/2024\/10\/strategy-1536x698.png 1536w, https:\/\/scient.com.br\/wp-content\/uploads\/2024\/10\/strategy-2048x931.png 2048w\" sizes=\"(max-width: 800px) 100vw, 800px\" \/>\t\t\t\t\t\t\t\t\t\t\t\t\t\t\t<\/div>\n\t\t\t\t<\/div>\n\t\t\t\t<div class=\"elementor-element elementor-element-c831873 elementor-widget__width-initial elementor-widget elementor-widget-text-editor\" data-id=\"c831873\" data-element_type=\"widget\" data-e-type=\"widget\" data-widget_type=\"text-editor.default\">\n\t\t\t\t<div class=\"elementor-widget-container\">\n\t\t\t\t\t\t\t\t\t<div class=\"scient-talk-box\">\n  <h4><a href=\"https:\/\/scient.com.br\/es\/getaquote\/\">\n    <span style=\"color: #ffffff; font-weight: bold;\">\n      <i class=\"fas fa-comment\"><\/i> Hablemos\n    <\/span>\n  <\/a><\/h4>\n  <h6><a href=\"https:\/\/scient.com.br\/es\/getaquote\/\">\n    <span style=\"color: #ffffff;\">\n      \u00bfListo para pasar del concepto al impacto en el mercado? Cont\u00e1ctanos hoy y hagamos realidad tu visi\u00f3n.\n    <\/span>\n  <\/a><\/h6>\n<\/div>\t\t\t\t\t\t\t\t<\/div>\n\t\t\t\t<\/div>\n\t\t\t\t<\/div>\n\t\t\t\t\t<\/div>\n\t\t\t\t<\/div>\n\t\t<div class=\"elementor-element elementor-element-ec5fa3a e-flex e-con-boxed e-con e-parent\" data-id=\"ec5fa3a\" data-element_type=\"container\" data-e-type=\"container\">\n\t\t\t\t\t<div class=\"e-con-inner\">\n\t\t\t\t<div class=\"elementor-element elementor-element-a9714fc elementor-widget elementor-widget-spacer\" data-id=\"a9714fc\" data-element_type=\"widget\" data-e-type=\"widget\" data-widget_type=\"spacer.default\">\n\t\t\t\t<div class=\"elementor-widget-container\">\n\t\t\t\t\t\t\t<div class=\"elementor-spacer\">\n\t\t\t<div class=\"elementor-spacer-inner\"><\/div>\n\t\t<\/div>\n\t\t\t\t\t\t<\/div>\n\t\t\t\t<\/div>\n\t\t\t\t\t<\/div>\n\t\t\t\t<\/div>\n\t\t<div class=\"elementor-element elementor-element-a0ece4b e-flex e-con-boxed e-con e-parent\" data-id=\"a0ece4b\" data-element_type=\"container\" data-e-type=\"container\">\n\t\t\t\t\t<div class=\"e-con-inner\">\n\t\t\t\t\t<\/div>\n\t\t\t\t<\/div>\n\t\t\t\t<\/div>","protected":false},"excerpt":{"rendered":"<p>Convierta la estrategia en iniciativas claras, decisiones alineadas y pr\u00f3ximos pasos ejecutables.<\/p>","protected":false},"author":1,"featured_media":0,"parent":0,"menu_order":0,"comment_status":"closed","ping_status":"closed","template":"","meta":{"footnotes":""},"class_list":["post-2701","page","type-page","status-publish","hentry"],"yoast_head":"<!-- This site is optimized with the Yoast SEO Premium plugin v24.9 (Yoast SEO v24.9) - https:\/\/yoast.com\/wordpress\/plugins\/seo\/ -->\n<title>Strategy to Execution - Scient<\/title>\n<meta name=\"description\" content=\"Turn strategy into clear initiatives, aligned decisions, and executable next steps.\" \/>\n<meta name=\"robots\" content=\"index, follow, max-snippet:-1, max-image-preview:large, max-video-preview:-1\" \/>\n<link rel=\"canonical\" href=\"https:\/\/scient.com.br\/es\/strategy-to-execution\/\" \/>\n<meta property=\"og:locale\" content=\"es_ES\" \/>\n<meta property=\"og:type\" content=\"article\" \/>\n<meta property=\"og:title\" content=\"Strategy to Execution\" \/>\n<meta property=\"og:description\" content=\"Turn strategy into clear initiatives, aligned decisions, and executable next steps.\" \/>\n<meta property=\"og:url\" content=\"https:\/\/scient.com.br\/es\/strategy-to-execution\/\" \/>\n<meta property=\"og:site_name\" content=\"Scient\" \/>\n<meta property=\"article:modified_time\" content=\"2026-04-07T15:29:43+00:00\" \/>\n<meta property=\"og:image\" content=\"https:\/\/scient.com.br\/wp-content\/uploads\/2024\/10\/strategy.png\" \/>\n\t<meta property=\"og:image:width\" content=\"5058\" \/>\n\t<meta property=\"og:image:height\" content=\"2300\" \/>\n\t<meta property=\"og:image:type\" content=\"image\/png\" \/>\n<meta name=\"twitter:card\" content=\"summary_large_image\" \/>\n<meta name=\"twitter:description\" content=\"Turn strategy into clear initiatives, aligned decisions, and executable next steps.\" \/>\n<meta name=\"twitter:label1\" content=\"Tiempo estimado de lectura\" \/>\n\t<meta name=\"twitter:data1\" content=\"2 minutos\" \/>\n<script type=\"application\/ld+json\" class=\"yoast-schema-graph\">{\"@context\":\"https:\/\/schema.org\",\"@graph\":[{\"@type\":\"WebPage\",\"@id\":\"https:\/\/scient.com.br\/strategy-to-execution\/\",\"url\":\"https:\/\/scient.com.br\/strategy-to-execution\/\",\"name\":\"Strategy to Execution - Scient\",\"isPartOf\":{\"@id\":\"https:\/\/scient.com.br\/#website\"},\"primaryImageOfPage\":{\"@id\":\"https:\/\/scient.com.br\/strategy-to-execution\/#primaryimage\"},\"image\":{\"@id\":\"https:\/\/scient.com.br\/strategy-to-execution\/#primaryimage\"},\"thumbnailUrl\":\"https:\/\/scient.com.br\/wp-content\/uploads\/2024\/10\/strategy-1024x466.png\",\"datePublished\":\"2026-03-11T14:17:56+00:00\",\"dateModified\":\"2026-04-07T15:29:43+00:00\",\"description\":\"Turn strategy into clear initiatives, aligned decisions, and executable next steps.\",\"breadcrumb\":{\"@id\":\"https:\/\/scient.com.br\/strategy-to-execution\/#breadcrumb\"},\"inLanguage\":\"es-CL\",\"potentialAction\":[{\"@type\":\"ReadAction\",\"target\":[\"https:\/\/scient.com.br\/strategy-to-execution\/\"]}]},{\"@type\":\"ImageObject\",\"inLanguage\":\"es-CL\",\"@id\":\"https:\/\/scient.com.br\/strategy-to-execution\/#primaryimage\",\"url\":\"https:\/\/scient.com.br\/wp-content\/uploads\/2024\/10\/strategy-1024x466.png\",\"contentUrl\":\"https:\/\/scient.com.br\/wp-content\/uploads\/2024\/10\/strategy-1024x466.png\"},{\"@type\":\"BreadcrumbList\",\"@id\":\"https:\/\/scient.com.br\/strategy-to-execution\/#breadcrumb\",\"itemListElement\":[{\"@type\":\"ListItem\",\"position\":1,\"name\":\"Home\",\"item\":\"https:\/\/scient.com.br\/\"},{\"@type\":\"ListItem\",\"position\":2,\"name\":\"Strategy to Execution\"}]},{\"@type\":\"WebSite\",\"@id\":\"https:\/\/scient.com.br\/#website\",\"url\":\"https:\/\/scient.com.br\/\",\"name\":\"Scient\",\"description\":\"From Strategy to Execution\",\"publisher\":{\"@id\":\"https:\/\/scient.com.br\/#organization\"},\"potentialAction\":[{\"@type\":\"SearchAction\",\"target\":{\"@type\":\"EntryPoint\",\"urlTemplate\":\"https:\/\/scient.com.br\/?s={search_term_string}\"},\"query-input\":{\"@type\":\"PropertyValueSpecification\",\"valueRequired\":true,\"valueName\":\"search_term_string\"}}],\"inLanguage\":\"es-CL\"},{\"@type\":\"Organization\",\"@id\":\"https:\/\/scient.com.br\/#organization\",\"name\":\"Scient\",\"url\":\"https:\/\/scient.com.br\/\",\"logo\":{\"@type\":\"ImageObject\",\"inLanguage\":\"es-CL\",\"@id\":\"https:\/\/scient.com.br\/#\/schema\/logo\/image\/\",\"url\":\"https:\/\/scient.com.br\/wp-content\/uploads\/2025\/02\/Scientg.png\",\"contentUrl\":\"https:\/\/scient.com.br\/wp-content\/uploads\/2025\/02\/Scientg.png\",\"width\":747,\"height\":189,\"caption\":\"Scient\"},\"image\":{\"@id\":\"https:\/\/scient.com.br\/#\/schema\/logo\/image\/\"}}]}<\/script>\n<!-- \/ Yoast SEO Premium plugin. -->","yoast_head_json":{"title":"Strategy to Execution - Scient","description":"Convierta la estrategia en iniciativas claras, decisiones alineadas y pr\u00f3ximos pasos ejecutables.","robots":{"index":"index","follow":"follow","max-snippet":"max-snippet:-1","max-image-preview":"max-image-preview:large","max-video-preview":"max-video-preview:-1"},"canonical":"https:\/\/scient.com.br\/es\/strategy-to-execution\/","og_locale":"es_ES","og_type":"article","og_title":"Strategy to Execution","og_description":"Turn strategy into clear initiatives, aligned decisions, and executable next steps.","og_url":"https:\/\/scient.com.br\/es\/strategy-to-execution\/","og_site_name":"Scient","article_modified_time":"2026-04-07T15:29:43+00:00","og_image":[{"width":5058,"height":2300,"url":"https:\/\/scient.com.br\/wp-content\/uploads\/2024\/10\/strategy.png","type":"image\/png"}],"twitter_card":"summary_large_image","twitter_description":"Turn strategy into clear initiatives, aligned decisions, and executable next steps.","twitter_misc":{"Tiempo estimado de lectura":"2 minutos"},"schema":{"@context":"https:\/\/schema.org","@graph":[{"@type":"WebPage","@id":"https:\/\/scient.com.br\/strategy-to-execution\/","url":"https:\/\/scient.com.br\/strategy-to-execution\/","name":"Strategy to Execution - Scient","isPartOf":{"@id":"https:\/\/scient.com.br\/#website"},"primaryImageOfPage":{"@id":"https:\/\/scient.com.br\/strategy-to-execution\/#primaryimage"},"image":{"@id":"https:\/\/scient.com.br\/strategy-to-execution\/#primaryimage"},"thumbnailUrl":"https:\/\/scient.com.br\/wp-content\/uploads\/2024\/10\/strategy-1024x466.png","datePublished":"2026-03-11T14:17:56+00:00","dateModified":"2026-04-07T15:29:43+00:00","description":"Convierta la estrategia en iniciativas claras, decisiones alineadas y pr\u00f3ximos pasos ejecutables.","breadcrumb":{"@id":"https:\/\/scient.com.br\/strategy-to-execution\/#breadcrumb"},"inLanguage":"es-CL","potentialAction":[{"@type":"ReadAction","target":["https:\/\/scient.com.br\/strategy-to-execution\/"]}]},{"@type":"ImageObject","inLanguage":"es-CL","@id":"https:\/\/scient.com.br\/strategy-to-execution\/#primaryimage","url":"https:\/\/scient.com.br\/wp-content\/uploads\/2024\/10\/strategy-1024x466.png","contentUrl":"https:\/\/scient.com.br\/wp-content\/uploads\/2024\/10\/strategy-1024x466.png"},{"@type":"BreadcrumbList","@id":"https:\/\/scient.com.br\/strategy-to-execution\/#breadcrumb","itemListElement":[{"@type":"ListItem","position":1,"name":"Home","item":"https:\/\/scient.com.br\/"},{"@type":"ListItem","position":2,"name":"Strategy to Execution"}]},{"@type":"WebSite","@id":"https:\/\/scient.com.br\/#website","url":"https:\/\/scient.com.br\/","name":"Scient","description":"De la Estrategia a la Ejecuci\u00f3n","publisher":{"@id":"https:\/\/scient.com.br\/#organization"},"potentialAction":[{"@type":"SearchAction","target":{"@type":"EntryPoint","urlTemplate":"https:\/\/scient.com.br\/?s={search_term_string}"},"query-input":{"@type":"PropertyValueSpecification","valueRequired":true,"valueName":"search_term_string"}}],"inLanguage":"es-CL"},{"@type":"Organization","@id":"https:\/\/scient.com.br\/#organization","name":"Scient","url":"https:\/\/scient.com.br\/","logo":{"@type":"ImageObject","inLanguage":"es-CL","@id":"https:\/\/scient.com.br\/#\/schema\/logo\/image\/","url":"https:\/\/scient.com.br\/wp-content\/uploads\/2025\/02\/Scientg.png","contentUrl":"https:\/\/scient.com.br\/wp-content\/uploads\/2025\/02\/Scientg.png","width":747,"height":189,"caption":"Scient"},"image":{"@id":"https:\/\/scient.com.br\/#\/schema\/logo\/image\/"}}]}},"_links":{"self":[{"href":"https:\/\/scient.com.br\/es\/wp-json\/wp\/v2\/pages\/2701","targetHints":{"allow":["GET"]}}],"collection":[{"href":"https:\/\/scient.com.br\/es\/wp-json\/wp\/v2\/pages"}],"about":[{"href":"https:\/\/scient.com.br\/es\/wp-json\/wp\/v2\/types\/page"}],"author":[{"embeddable":true,"href":"https:\/\/scient.com.br\/es\/wp-json\/wp\/v2\/users\/1"}],"replies":[{"embeddable":true,"href":"https:\/\/scient.com.br\/es\/wp-json\/wp\/v2\/comments?post=2701"}],"version-history":[{"count":76,"href":"https:\/\/scient.com.br\/es\/wp-json\/wp\/v2\/pages\/2701\/revisions"}],"predecessor-version":[{"id":4914,"href":"https:\/\/scient.com.br\/es\/wp-json\/wp\/v2\/pages\/2701\/revisions\/4914"}],"wp:attachment":[{"href":"https:\/\/scient.com.br\/es\/wp-json\/wp\/v2\/media?parent=2701"}],"curies":[{"name":"wp","href":"https:\/\/api.w.org\/{rel}","templated":true}]}}