{"id":4865,"date":"2026-04-06T18:24:54","date_gmt":"2026-04-06T18:24:54","guid":{"rendered":"https:\/\/scient.com.br\/?page_id=4865"},"modified":"2026-04-06T19:11:27","modified_gmt":"2026-04-06T19:11:27","slug":"pilot-structuring","status":"publish","type":"page","link":"https:\/\/scient.com.br\/es\/pilot-structuring\/","title":{"rendered":"Estructuraci\u00f3n de Pilotos"},"content":{"rendered":"<div data-elementor-type=\"wp-page\" data-elementor-id=\"4865\" class=\"elementor elementor-4865\" data-elementor-post-type=\"page\">\n\t\t\t\t<div class=\"elementor-element elementor-element-53b2065 e-flex e-con-boxed e-con e-parent\" data-id=\"53b2065\" data-element_type=\"container\" data-e-type=\"container\" data-settings=\"{&quot;background_background&quot;:&quot;classic&quot;}\">\n\t\t\t\t\t<div class=\"e-con-inner\">\n\t\t<div class=\"elementor-element elementor-element-c763ed5 e-con-full e-flex e-con e-child\" data-id=\"c763ed5\" data-element_type=\"container\" data-e-type=\"container\" data-settings=\"{&quot;background_background&quot;:&quot;classic&quot;}\">\n\t\t\t\t<div class=\"elementor-element elementor-element-ee78f0f elementor-widget elementor-widget-heading\" data-id=\"ee78f0f\" data-element_type=\"widget\" data-e-type=\"widget\" data-widget_type=\"heading.default\">\n\t\t\t\t<div class=\"elementor-widget-container\">\n\t\t\t\t\t<h2 class=\"elementor-heading-title elementor-size-default\">Estructuraci\u00f3n de Pilotos<\/h2>\t\t\t\t<\/div>\n\t\t\t\t<\/div>\n\t\t\t\t<div class=\"elementor-element elementor-element-1326ae7 elementor-widget__width-initial elementor-widget elementor-widget-heading\" data-id=\"1326ae7\" data-element_type=\"widget\" data-e-type=\"widget\" data-widget_type=\"heading.default\">\n\t\t\t\t<div class=\"elementor-widget-container\">\n\t\t\t\t\t<span class=\"elementor-heading-title elementor-size-default\">Convierte ideas en pilotos ejecutables<\/span>\t\t\t\t<\/div>\n\t\t\t\t<\/div>\n\t\t\t\t<div class=\"elementor-element elementor-element-36aec99 elementor-widget elementor-widget-spacer\" data-id=\"36aec99\" data-element_type=\"widget\" data-e-type=\"widget\" data-widget_type=\"spacer.default\">\n\t\t\t\t<div class=\"elementor-widget-container\">\n\t\t\t\t\t\t\t<div class=\"elementor-spacer\">\n\t\t\t<div class=\"elementor-spacer-inner\"><\/div>\n\t\t<\/div>\n\t\t\t\t\t\t<\/div>\n\t\t\t\t<\/div>\n\t\t\t\t<\/div>\n\t\t\t\t\t<\/div>\n\t\t\t\t<\/div>\n\t\t<div class=\"elementor-element elementor-element-657fc7a e-flex e-con-boxed e-con e-parent\" data-id=\"657fc7a\" data-element_type=\"container\" data-e-type=\"container\">\n\t\t\t\t\t<div class=\"e-con-inner\">\n\t\t<div class=\"elementor-element elementor-element-6b1c80e e-con-full e-flex e-con e-child\" data-id=\"6b1c80e\" data-element_type=\"container\" data-e-type=\"container\">\n\t\t\t\t<div class=\"elementor-element elementor-element-d457171 elementor-widget elementor-widget-heading\" data-id=\"d457171\" data-element_type=\"widget\" data-e-type=\"widget\" data-widget_type=\"heading.default\">\n\t\t\t\t<div class=\"elementor-widget-container\">\n\t\t\t\t\t<h3 class=\"elementor-heading-title elementor-size-default\">Muchas organizaciones ya tienen una direcci\u00f3n en mente \u2014 una iniciativa de IA, una transformaci\u00f3n de procesos o un nuevo modelo operativo.<\/h3>\t\t\t\t<\/div>\n\t\t\t\t<\/div>\n\t\t\t\t<div class=\"elementor-element elementor-element-40620da elementor-widget elementor-widget-text-editor\" data-id=\"40620da\" data-element_type=\"widget\" data-e-type=\"widget\" data-widget_type=\"text-editor.default\">\n\t\t\t\t<div class=\"elementor-widget-container\">\n\t\t\t\t\t\t\t\t\t<p>El desaf\u00edo rara vez est\u00e1 en la idea en s\u00ed. Est\u00e1 en hacerla ejecutable: definir el alcance correcto, establecer criterios claros de \u00e9xito, asignar responsables y construir la l\u00f3gica que permita probar, medir y escalar el piloto.<\/p><p>Scient ayuda a las organizaciones a estructurar pilotos listos para ejecutar. Trabajamos desde cualquier punto de partida que el cliente traiga \u2014 una hip\u00f3tesis, un caso de uso o una prioridad estrat\u00e9gica \u2014 y lo convertimos en un piloto con l\u00edmites claros, un enfoque de validaci\u00f3n definido y las condiciones necesarias para su ejecuci\u00f3n.<\/p><p>Cuando la direcci\u00f3n a\u00fan necesita mayor claridad antes de comenzar la estructuraci\u00f3n, trabajamos primero en eso.<\/p>\t\t\t\t\t\t\t\t<\/div>\n\t\t\t\t<\/div>\n\t\t\t\t<div class=\"elementor-element elementor-element-26d8758 elementor-widget elementor-widget-heading\" data-id=\"26d8758\" data-element_type=\"widget\" data-e-type=\"widget\" data-widget_type=\"heading.default\">\n\t\t\t\t<div class=\"elementor-widget-container\">\n\t\t\t\t\t<h3 class=\"elementor-heading-title elementor-size-default\">C\u00f3mo trabaja Scient<\/h3>\t\t\t\t<\/div>\n\t\t\t\t<\/div>\n\t\t\t\t<div class=\"elementor-element elementor-element-510f4dc elementor-widget elementor-widget-text-editor\" data-id=\"510f4dc\" data-element_type=\"widget\" data-e-type=\"widget\" data-widget_type=\"text-editor.default\">\n\t\t\t\t<div class=\"elementor-widget-container\">\n\t\t\t\t\t\t\t\t\t<p>La estructuraci\u00f3n de pilotos no es planificaci\u00f3n de proyectos. Es el proceso de traducir una intenci\u00f3n en algo comprobable \u2014 con el nivel adecuado de definici\u00f3n, las personas correctas involucradas y una respuesta clara a qu\u00e9 significa el \u00e9xito.<br \/><br \/>Scient combina criterio estrat\u00e9gico y experiencia en ejecuci\u00f3n para ayudar a sus clientes a evitar los errores m\u00e1s comunes: pilotos demasiado amplios para validar, demasiado limitados para generar impacto o demasiado ambiguos para producir aprendizaje.<\/p>\t\t\t\t\t\t\t\t<\/div>\n\t\t\t\t<\/div>\n\t\t\t\t<div class=\"elementor-element elementor-element-0da632c elementor-widget elementor-widget-text-editor\" data-id=\"0da632c\" data-element_type=\"widget\" data-e-type=\"widget\" data-widget_type=\"text-editor.default\">\n\t\t\t\t<div class=\"elementor-widget-container\">\n\t\t\t\t\t\t\t\t\t<p><strong>Capacidades relacionadas<\/strong><\/p><ul><li class=\"whitespace-normal break-words pl-2\">Dise\u00f1o de Pilotos<\/li><li class=\"whitespace-normal break-words pl-2\">Soporte de Validaci\u00f3n<\/li><li class=\"whitespace-normal break-words pl-2\">Digital Workflows<\/li><li class=\"whitespace-normal break-words pl-2\">MVPs<\/li><\/ul>\t\t\t\t\t\t\t\t<\/div>\n\t\t\t\t<\/div>\n\t\t\t\t<\/div>\n\t\t<div class=\"elementor-element elementor-element-84f10b1 e-con-full e-flex e-con e-child\" data-id=\"84f10b1\" data-element_type=\"container\" data-e-type=\"container\">\n\t\t\t\t<div class=\"elementor-element elementor-element-b2e719f elementor-widget elementor-widget-heading\" data-id=\"b2e719f\" data-element_type=\"widget\" data-e-type=\"widget\" data-widget_type=\"heading.default\">\n\t\t\t\t<div class=\"elementor-widget-container\">\n\t\t\t\t\t<h3 class=\"elementor-heading-title elementor-size-default\">Lo que ayudamos a hacer a nuestros clientes<\/h3>\t\t\t\t<\/div>\n\t\t\t\t<\/div>\n\t\t\t\t<div class=\"elementor-element elementor-element-aaecd9c elementor-widget elementor-widget-text-editor\" data-id=\"aaecd9c\" data-element_type=\"widget\" data-e-type=\"widget\" data-widget_type=\"text-editor.default\">\n\t\t\t\t<div class=\"elementor-widget-container\">\n\t\t\t\t\t\t\t\t\t<ul><li class=\"whitespace-normal break-words pl-2\">Evaluar la preparaci\u00f3n y viabilidad de una idea de piloto<\/li><li class=\"whitespace-normal break-words pl-2\">Definir el alcance, los l\u00edmites y lo que queda expl\u00edcitamente fuera del alcance<\/li><li class=\"whitespace-normal break-words pl-2\">Establecer criterios de \u00e9xito y una l\u00f3gica de validaci\u00f3n medible<\/li><li class=\"whitespace-normal break-words pl-2\">Estructurar roles, responsabilidades y puntos de decisi\u00f3n<\/li><li class=\"whitespace-normal break-words pl-2\">Alinear el piloto con la realidad operativa y las prioridades del negocio<\/li><li class=\"whitespace-normal break-words pl-2\">Preparar las condiciones para la ejecuci\u00f3n y las decisiones de la siguiente fase<\/li><\/ul>\t\t\t\t\t\t\t\t<\/div>\n\t\t\t\t<\/div>\n\t\t\t\t<div class=\"elementor-element elementor-element-9e90033 elementor-widget elementor-widget-image\" data-id=\"9e90033\" data-element_type=\"widget\" data-e-type=\"widget\" data-widget_type=\"image.default\">\n\t\t\t\t<div class=\"elementor-widget-container\">\n\t\t\t\t\t\t\t\t\t\t\t\t\t\t\t<img fetchpriority=\"high\" decoding=\"async\" width=\"800\" height=\"457\" src=\"https:\/\/scient.com.br\/wp-content\/uploads\/2026\/04\/Aerial-editorial-photograph-of-a-coordinated-group-of-birds-or-drones-moving-in-a-precise-geometric-1-1024x585.png\" class=\"attachment-large size-large wp-image-4885\" alt=\"\" srcset=\"https:\/\/scient.com.br\/wp-content\/uploads\/2026\/04\/Aerial-editorial-photograph-of-a-coordinated-group-of-birds-or-drones-moving-in-a-precise-geometric-1-1024x585.png 1024w, https:\/\/scient.com.br\/wp-content\/uploads\/2026\/04\/Aerial-editorial-photograph-of-a-coordinated-group-of-birds-or-drones-moving-in-a-precise-geometric-1-300x171.png 300w, https:\/\/scient.com.br\/wp-content\/uploads\/2026\/04\/Aerial-editorial-photograph-of-a-coordinated-group-of-birds-or-drones-moving-in-a-precise-geometric-1-768x439.png 768w, https:\/\/scient.com.br\/wp-content\/uploads\/2026\/04\/Aerial-editorial-photograph-of-a-coordinated-group-of-birds-or-drones-moving-in-a-precise-geometric-1-18x10.png 18w, https:\/\/scient.com.br\/wp-content\/uploads\/2026\/04\/Aerial-editorial-photograph-of-a-coordinated-group-of-birds-or-drones-moving-in-a-precise-geometric-1.png 1344w\" sizes=\"(max-width: 800px) 100vw, 800px\" \/>\t\t\t\t\t\t\t\t\t\t\t\t\t\t\t<\/div>\n\t\t\t\t<\/div>\n\t\t\t\t<div class=\"elementor-element elementor-element-c831873 elementor-widget__width-initial elementor-widget elementor-widget-text-editor\" data-id=\"c831873\" data-element_type=\"widget\" data-e-type=\"widget\" data-widget_type=\"text-editor.default\">\n\t\t\t\t<div class=\"elementor-widget-container\">\n\t\t\t\t\t\t\t\t\t<div class=\"scient-talk-box\">\n<h4><a href=\"https:\/\/scient.com.br\/es\/getaquote\/\">\n<span style=\"color: #ffffff; font-weight: bold;\">\n<i class=\"fas fa-comment\"><\/i> Hablemos\n<\/span>\n<\/a><\/h4>\n<h6><a href=\"https:\/\/scient.com.br\/es\/getaquote\/\">\n<span style=\"color: #ffffff;\">\n\u00bfListo para pasar del concepto al impacto en el mercado? Cont\u00e1ctanos hoy y hagamos realidad tu visi\u00f3n.\n<\/span>\n<\/a><\/h6>\n<\/div>\t\t\t\t\t\t\t\t<\/div>\n\t\t\t\t<\/div>\n\t\t\t\t<\/div>\n\t\t\t\t\t<\/div>\n\t\t\t\t<\/div>\n\t\t<div class=\"elementor-element elementor-element-ec5fa3a e-flex e-con-boxed e-con e-parent\" data-id=\"ec5fa3a\" data-element_type=\"container\" data-e-type=\"container\">\n\t\t\t\t\t<div class=\"e-con-inner\">\n\t\t\t\t<div class=\"elementor-element elementor-element-a9714fc elementor-widget elementor-widget-spacer\" data-id=\"a9714fc\" data-element_type=\"widget\" data-e-type=\"widget\" data-widget_type=\"spacer.default\">\n\t\t\t\t<div class=\"elementor-widget-container\">\n\t\t\t\t\t\t\t<div class=\"elementor-spacer\">\n\t\t\t<div class=\"elementor-spacer-inner\"><\/div>\n\t\t<\/div>\n\t\t\t\t\t\t<\/div>\n\t\t\t\t<\/div>\n\t\t\t\t\t<\/div>\n\t\t\t\t<\/div>\n\t\t<div class=\"elementor-element elementor-element-a0ece4b e-flex e-con-boxed e-con e-parent\" data-id=\"a0ece4b\" data-element_type=\"container\" data-e-type=\"container\">\n\t\t\t\t\t<div class=\"e-con-inner\">\n\t\t\t\t<div class=\"elementor-element elementor-element-762ea19 elementor-widget elementor-widget-spacer\" data-id=\"762ea19\" data-element_type=\"widget\" data-e-type=\"widget\" data-widget_type=\"spacer.default\">\n\t\t\t\t<div class=\"elementor-widget-container\">\n\t\t\t\t\t\t\t<div class=\"elementor-spacer\">\n\t\t\t<div class=\"elementor-spacer-inner\"><\/div>\n\t\t<\/div>\n\t\t\t\t\t\t<\/div>\n\t\t\t\t<\/div>\n\t\t\t\t\t<\/div>\n\t\t\t\t<\/div>\n\t\t\t\t<\/div>","protected":false},"excerpt":{"rendered":"<p>Convierta la estrategia en iniciativas claras, decisiones alineadas y pr\u00f3ximos pasos ejecutables.<\/p>","protected":false},"author":1,"featured_media":0,"parent":0,"menu_order":0,"comment_status":"closed","ping_status":"closed","template":"","meta":{"footnotes":""},"class_list":["post-4865","page","type-page","status-publish","hentry"],"yoast_head":"<!-- This site is optimized with the Yoast SEO Premium plugin v24.9 (Yoast SEO v24.9) - https:\/\/yoast.com\/wordpress\/plugins\/seo\/ -->\n<title>Pilot Structuring - Scient<\/title>\n<meta name=\"description\" content=\"Structure and validate AI, automation, or innovation pilots with clear scope, hypotheses, and execution paths. Turn ideas into testable initiatives with real business relevance.\" \/>\n<meta name=\"robots\" content=\"index, follow, max-snippet:-1, max-image-preview:large, max-video-preview:-1\" \/>\n<link rel=\"canonical\" href=\"https:\/\/scient.com.br\/es\/pilot-structuring\/\" \/>\n<meta property=\"og:locale\" content=\"es_ES\" \/>\n<meta property=\"og:type\" content=\"article\" \/>\n<meta property=\"og:title\" content=\"Pilot Structuring\" \/>\n<meta property=\"og:description\" content=\"Structure and validate AI, automation, or innovation pilots with clear scope, hypotheses, and execution paths. Turn ideas into testable initiatives with real business relevance.\" \/>\n<meta property=\"og:url\" content=\"https:\/\/scient.com.br\/es\/pilot-structuring\/\" \/>\n<meta property=\"og:site_name\" content=\"Scient\" \/>\n<meta property=\"article:modified_time\" content=\"2026-04-06T19:11:27+00:00\" \/>\n<meta property=\"og:image\" content=\"https:\/\/scient.com.br\/wp-content\/uploads\/2026\/04\/Aerial-editorial-photograph-of-a-coordinated-group-of-birds-or-drones-moving-in-a-precise-geometric-1.png\" \/>\n\t<meta property=\"og:image:width\" content=\"1344\" \/>\n\t<meta property=\"og:image:height\" content=\"768\" \/>\n\t<meta property=\"og:image:type\" content=\"image\/png\" \/>\n<meta name=\"twitter:card\" content=\"summary_large_image\" \/>\n<meta name=\"twitter:description\" content=\"Structure and validate AI, automation, or innovation pilots with clear scope, hypotheses, and execution paths. Turn ideas into testable initiatives with real business relevance.\" \/>\n<meta name=\"twitter:label1\" content=\"Tiempo estimado de lectura\" \/>\n\t<meta name=\"twitter:data1\" content=\"2 minutos\" \/>\n<script type=\"application\/ld+json\" class=\"yoast-schema-graph\">{\"@context\":\"https:\/\/schema.org\",\"@graph\":[{\"@type\":\"WebPage\",\"@id\":\"https:\/\/scient.com.br\/pilot-structuring\/\",\"url\":\"https:\/\/scient.com.br\/pilot-structuring\/\",\"name\":\"Pilot Structuring - Scient\",\"isPartOf\":{\"@id\":\"https:\/\/scient.com.br\/#website\"},\"primaryImageOfPage\":{\"@id\":\"https:\/\/scient.com.br\/pilot-structuring\/#primaryimage\"},\"image\":{\"@id\":\"https:\/\/scient.com.br\/pilot-structuring\/#primaryimage\"},\"thumbnailUrl\":\"https:\/\/scient.com.br\/wp-content\/uploads\/2026\/04\/Aerial-editorial-photograph-of-a-coordinated-group-of-birds-or-drones-moving-in-a-precise-geometric-1-1024x585.png\",\"datePublished\":\"2026-04-06T18:24:54+00:00\",\"dateModified\":\"2026-04-06T19:11:27+00:00\",\"description\":\"Structure and validate AI, automation, or innovation pilots with clear scope, hypotheses, and execution paths. Turn ideas into testable initiatives with real business relevance.\",\"breadcrumb\":{\"@id\":\"https:\/\/scient.com.br\/pilot-structuring\/#breadcrumb\"},\"inLanguage\":\"es-CL\",\"potentialAction\":[{\"@type\":\"ReadAction\",\"target\":[\"https:\/\/scient.com.br\/pilot-structuring\/\"]}]},{\"@type\":\"ImageObject\",\"inLanguage\":\"es-CL\",\"@id\":\"https:\/\/scient.com.br\/pilot-structuring\/#primaryimage\",\"url\":\"https:\/\/scient.com.br\/wp-content\/uploads\/2026\/04\/Aerial-editorial-photograph-of-a-coordinated-group-of-birds-or-drones-moving-in-a-precise-geometric-1-1024x585.png\",\"contentUrl\":\"https:\/\/scient.com.br\/wp-content\/uploads\/2026\/04\/Aerial-editorial-photograph-of-a-coordinated-group-of-birds-or-drones-moving-in-a-precise-geometric-1-1024x585.png\"},{\"@type\":\"BreadcrumbList\",\"@id\":\"https:\/\/scient.com.br\/pilot-structuring\/#breadcrumb\",\"itemListElement\":[{\"@type\":\"ListItem\",\"position\":1,\"name\":\"Home\",\"item\":\"https:\/\/scient.com.br\/\"},{\"@type\":\"ListItem\",\"position\":2,\"name\":\"Pilot Structuring\"}]},{\"@type\":\"WebSite\",\"@id\":\"https:\/\/scient.com.br\/#website\",\"url\":\"https:\/\/scient.com.br\/\",\"name\":\"Scient\",\"description\":\"From Strategy to Execution\",\"publisher\":{\"@id\":\"https:\/\/scient.com.br\/#organization\"},\"potentialAction\":[{\"@type\":\"SearchAction\",\"target\":{\"@type\":\"EntryPoint\",\"urlTemplate\":\"https:\/\/scient.com.br\/?s={search_term_string}\"},\"query-input\":{\"@type\":\"PropertyValueSpecification\",\"valueRequired\":true,\"valueName\":\"search_term_string\"}}],\"inLanguage\":\"es-CL\"},{\"@type\":\"Organization\",\"@id\":\"https:\/\/scient.com.br\/#organization\",\"name\":\"Scient\",\"url\":\"https:\/\/scient.com.br\/\",\"logo\":{\"@type\":\"ImageObject\",\"inLanguage\":\"es-CL\",\"@id\":\"https:\/\/scient.com.br\/#\/schema\/logo\/image\/\",\"url\":\"https:\/\/scient.com.br\/wp-content\/uploads\/2025\/02\/Scientg.png\",\"contentUrl\":\"https:\/\/scient.com.br\/wp-content\/uploads\/2025\/02\/Scientg.png\",\"width\":747,\"height\":189,\"caption\":\"Scient\"},\"image\":{\"@id\":\"https:\/\/scient.com.br\/#\/schema\/logo\/image\/\"}}]}<\/script>\n<!-- \/ Yoast SEO Premium plugin. -->","yoast_head_json":{"title":"Pilot Structuring - Scient","description":"Structure and validate AI, automation, or innovation pilots with clear scope, hypotheses, and execution paths. Turn ideas into testable initiatives with real business relevance.","robots":{"index":"index","follow":"follow","max-snippet":"max-snippet:-1","max-image-preview":"max-image-preview:large","max-video-preview":"max-video-preview:-1"},"canonical":"https:\/\/scient.com.br\/es\/pilot-structuring\/","og_locale":"es_ES","og_type":"article","og_title":"Pilot Structuring","og_description":"Structure and validate AI, automation, or innovation pilots with clear scope, hypotheses, and execution paths. Turn ideas into testable initiatives with real business relevance.","og_url":"https:\/\/scient.com.br\/es\/pilot-structuring\/","og_site_name":"Scient","article_modified_time":"2026-04-06T19:11:27+00:00","og_image":[{"width":1344,"height":768,"url":"https:\/\/scient.com.br\/wp-content\/uploads\/2026\/04\/Aerial-editorial-photograph-of-a-coordinated-group-of-birds-or-drones-moving-in-a-precise-geometric-1.png","type":"image\/png"}],"twitter_card":"summary_large_image","twitter_description":"Structure and validate AI, automation, or innovation pilots with clear scope, hypotheses, and execution paths. Turn ideas into testable initiatives with real business relevance.","twitter_misc":{"Tiempo estimado de lectura":"2 minutos"},"schema":{"@context":"https:\/\/schema.org","@graph":[{"@type":"WebPage","@id":"https:\/\/scient.com.br\/pilot-structuring\/","url":"https:\/\/scient.com.br\/pilot-structuring\/","name":"Pilot Structuring - Scient","isPartOf":{"@id":"https:\/\/scient.com.br\/#website"},"primaryImageOfPage":{"@id":"https:\/\/scient.com.br\/pilot-structuring\/#primaryimage"},"image":{"@id":"https:\/\/scient.com.br\/pilot-structuring\/#primaryimage"},"thumbnailUrl":"https:\/\/scient.com.br\/wp-content\/uploads\/2026\/04\/Aerial-editorial-photograph-of-a-coordinated-group-of-birds-or-drones-moving-in-a-precise-geometric-1-1024x585.png","datePublished":"2026-04-06T18:24:54+00:00","dateModified":"2026-04-06T19:11:27+00:00","description":"Structure and validate AI, automation, or innovation pilots with clear scope, hypotheses, and execution paths. Turn ideas into testable initiatives with real business relevance.","breadcrumb":{"@id":"https:\/\/scient.com.br\/pilot-structuring\/#breadcrumb"},"inLanguage":"es-CL","potentialAction":[{"@type":"ReadAction","target":["https:\/\/scient.com.br\/pilot-structuring\/"]}]},{"@type":"ImageObject","inLanguage":"es-CL","@id":"https:\/\/scient.com.br\/pilot-structuring\/#primaryimage","url":"https:\/\/scient.com.br\/wp-content\/uploads\/2026\/04\/Aerial-editorial-photograph-of-a-coordinated-group-of-birds-or-drones-moving-in-a-precise-geometric-1-1024x585.png","contentUrl":"https:\/\/scient.com.br\/wp-content\/uploads\/2026\/04\/Aerial-editorial-photograph-of-a-coordinated-group-of-birds-or-drones-moving-in-a-precise-geometric-1-1024x585.png"},{"@type":"BreadcrumbList","@id":"https:\/\/scient.com.br\/pilot-structuring\/#breadcrumb","itemListElement":[{"@type":"ListItem","position":1,"name":"Home","item":"https:\/\/scient.com.br\/"},{"@type":"ListItem","position":2,"name":"Pilot Structuring"}]},{"@type":"WebSite","@id":"https:\/\/scient.com.br\/#website","url":"https:\/\/scient.com.br\/","name":"Scient","description":"De la Estrategia a la Ejecuci\u00f3n","publisher":{"@id":"https:\/\/scient.com.br\/#organization"},"potentialAction":[{"@type":"SearchAction","target":{"@type":"EntryPoint","urlTemplate":"https:\/\/scient.com.br\/?s={search_term_string}"},"query-input":{"@type":"PropertyValueSpecification","valueRequired":true,"valueName":"search_term_string"}}],"inLanguage":"es-CL"},{"@type":"Organization","@id":"https:\/\/scient.com.br\/#organization","name":"Scient","url":"https:\/\/scient.com.br\/","logo":{"@type":"ImageObject","inLanguage":"es-CL","@id":"https:\/\/scient.com.br\/#\/schema\/logo\/image\/","url":"https:\/\/scient.com.br\/wp-content\/uploads\/2025\/02\/Scientg.png","contentUrl":"https:\/\/scient.com.br\/wp-content\/uploads\/2025\/02\/Scientg.png","width":747,"height":189,"caption":"Scient"},"image":{"@id":"https:\/\/scient.com.br\/#\/schema\/logo\/image\/"}}]}},"_links":{"self":[{"href":"https:\/\/scient.com.br\/es\/wp-json\/wp\/v2\/pages\/4865","targetHints":{"allow":["GET"]}}],"collection":[{"href":"https:\/\/scient.com.br\/es\/wp-json\/wp\/v2\/pages"}],"about":[{"href":"https:\/\/scient.com.br\/es\/wp-json\/wp\/v2\/types\/page"}],"author":[{"embeddable":true,"href":"https:\/\/scient.com.br\/es\/wp-json\/wp\/v2\/users\/1"}],"replies":[{"embeddable":true,"href":"https:\/\/scient.com.br\/es\/wp-json\/wp\/v2\/comments?post=4865"}],"version-history":[{"count":25,"href":"https:\/\/scient.com.br\/es\/wp-json\/wp\/v2\/pages\/4865\/revisions"}],"predecessor-version":[{"id":4896,"href":"https:\/\/scient.com.br\/es\/wp-json\/wp\/v2\/pages\/4865\/revisions\/4896"}],"wp:attachment":[{"href":"https:\/\/scient.com.br\/es\/wp-json\/wp\/v2\/media?parent=4865"}],"curies":[{"name":"wp","href":"https:\/\/api.w.org\/{rel}","templated":true}]}}