{"id":108,"date":"2024-10-23T17:03:11","date_gmt":"2024-10-23T17:03:11","guid":{"rendered":"https:\/?page_id=108"},"modified":"2026-04-02T14:01:53","modified_gmt":"2026-04-02T14:01:53","slug":"minimum-viable-product","status":"publish","type":"page","link":"https:\/\/scient.com.br\/pt\/minimum-viable-product\/","title":{"rendered":"Produto M\u00ednimo Vi\u00e1vel (MVP)"},"content":{"rendered":"<div data-elementor-type=\"wp-page\" data-elementor-id=\"108\" class=\"elementor elementor-108\" data-elementor-post-type=\"page\">\n\t\t\t\t<div class=\"elementor-element elementor-element-642d236 e-flex e-con-boxed e-con e-parent\" data-id=\"642d236\" data-element_type=\"container\" data-e-type=\"container\" data-settings=\"{&quot;background_background&quot;:&quot;classic&quot;}\">\n\t\t\t\t\t<div class=\"e-con-inner\">\n\t\t<div class=\"elementor-element elementor-element-5917e0a e-con-full e-flex e-con e-child\" data-id=\"5917e0a\" data-element_type=\"container\" data-e-type=\"container\" data-settings=\"{&quot;background_background&quot;:&quot;classic&quot;}\">\n\t\t\t\t<div class=\"elementor-element elementor-element-ce9b29e elementor-widget elementor-widget-heading\" data-id=\"ce9b29e\" data-element_type=\"widget\" data-e-type=\"widget\" data-widget_type=\"heading.default\">\n\t\t\t\t<div class=\"elementor-widget-container\">\n\t\t\t\t\t<h2 class=\"elementor-heading-title elementor-size-default\">MVP (Minimum Viable Product)<\/h2>\t\t\t\t<\/div>\n\t\t\t\t<\/div>\n\t\t\t\t<div class=\"elementor-element elementor-element-4efe57b elementor-widget__width-initial elementor-widget elementor-widget-heading\" data-id=\"4efe57b\" data-element_type=\"widget\" data-e-type=\"widget\" data-widget_type=\"heading.default\">\n\t\t\t\t<div class=\"elementor-widget-container\">\n\t\t\t\t\t<span class=\"elementor-heading-title elementor-size-default\">Crie um Produto M\u00ednimo Vi\u00e1vel antes de escalar a ideia.<\/span>\t\t\t\t<\/div>\n\t\t\t\t<\/div>\n\t\t\t\t<div class=\"elementor-element elementor-element-876e480 elementor-widget elementor-widget-spacer\" data-id=\"876e480\" data-element_type=\"widget\" data-e-type=\"widget\" data-widget_type=\"spacer.default\">\n\t\t\t\t<div class=\"elementor-widget-container\">\n\t\t\t\t\t\t\t<div class=\"elementor-spacer\">\n\t\t\t<div class=\"elementor-spacer-inner\"><\/div>\n\t\t<\/div>\n\t\t\t\t\t\t<\/div>\n\t\t\t\t<\/div>\n\t\t\t\t<\/div>\n\t\t\t\t\t<\/div>\n\t\t\t\t<\/div>\n\t\t\t\t<section class=\"elementor-section elementor-top-section elementor-element elementor-element-0db61af elementor-section-stretched animated-slow elementor-section-boxed elementor-section-height-default elementor-section-height-default elementor-invisible\" data-id=\"0db61af\" data-element_type=\"section\" data-e-type=\"section\" data-settings=\"{&quot;background_background&quot;:&quot;classic&quot;,&quot;stretch_section&quot;:&quot;section-stretched&quot;,&quot;animation&quot;:&quot;fadeIn&quot;}\">\n\t\t\t\t\t\t\t<div class=\"elementor-background-overlay\"><\/div>\n\t\t\t\t\t\t\t<div class=\"elementor-container elementor-column-gap-default\">\n\t\t\t\t\t<div class=\"elementor-column elementor-col-50 elementor-top-column elementor-element elementor-element-ab51c64\" data-id=\"ab51c64\" data-element_type=\"column\" data-e-type=\"column\">\n\t\t\t<div class=\"elementor-widget-wrap elementor-element-populated\">\n\t\t\t\t\t\t<div class=\"elementor-element elementor-element-c8fa52d elementor-widget elementor-widget-heading\" data-id=\"c8fa52d\" data-element_type=\"widget\" data-e-type=\"widget\" data-widget_type=\"heading.default\">\n\t\t\t\t<div class=\"elementor-widget-container\">\n\t\t\t\t\t<h2 class=\"elementor-heading-title elementor-size-default\">Crie um MVP (Produto Vi\u00e1vel M\u00ednimo)<\/h2>\t\t\t\t<\/div>\n\t\t\t\t<\/div>\n\t\t\t\t<div class=\"elementor-element elementor-element-aba3379 elementor-widget__width-initial elementor-widget elementor-widget-text-editor\" data-id=\"aba3379\" data-element_type=\"widget\" data-e-type=\"widget\" data-widget_type=\"text-editor.default\">\n\t\t\t\t<div class=\"elementor-widget-container\">\n\t\t\t\t\t\t\t\t\t<p>Lan\u00e7e um MVP rapidamente para coletar feedback dos clientes antes de se comprometer com o desenvolvimento completo do produto.<\/p><p><strong>Transforme sua ideia em um produto em 6-8 semanas<\/strong><br \/>Tem uma nova ideia de produto, mas n\u00e3o tem certeza sobre sua viabilidade? A Scient pode ajudar voc\u00ea a construir um MVP (Produto M\u00ednimo Vi\u00e1vel) para validar seu modelo de neg\u00f3cios antes de avan\u00e7ar para a vers\u00e3o final.<\/p><p><strong>Por que desenvolver um MVP?<\/strong> O MVP permite que voc\u00ea obtenha insights sobre o interesse dos clientes sem o desenvolvimento completo, reduzindo riscos e custos. Se for bem-sucedido, ele pode ser facilmente escalado para o desenvolvimento completo, tornando o processo mais r\u00e1pido e eficiente.<\/p><p><strong>Elementos Essenciais:<\/strong><\/p><ul><li>Vis\u00e3o clara do produto para reter usu\u00e1rios iniciais.<\/li><li>Valor suficiente para o cliente, a fim de atrair e reter usu\u00e1rios.<\/li><li>Ciclo de feedback abrangente para orientar o desenvolvimento futuro.<\/li><\/ul><div>\u00a0<\/div><p>Um MVP aborda as dores dos clientes e permite uma entrada antecipada no mercado sem a necessidade de codifica\u00e7\u00e3o pesada e tempo prolongado de desenvolvimento.<\/p>\t\t\t\t\t\t\t\t<\/div>\n\t\t\t\t<\/div>\n\t\t\t\t\t<\/div>\n\t\t<\/div>\n\t\t\t\t<div class=\"elementor-column elementor-col-50 elementor-top-column elementor-element elementor-element-d804cf7\" data-id=\"d804cf7\" data-element_type=\"column\" data-e-type=\"column\">\n\t\t\t<div class=\"elementor-widget-wrap elementor-element-populated\">\n\t\t\t\t\t\t<div class=\"elementor-element elementor-element-c7c9d16 elementor-widget elementor-widget-spacer\" data-id=\"c7c9d16\" data-element_type=\"widget\" data-e-type=\"widget\" data-widget_type=\"spacer.default\">\n\t\t\t\t<div class=\"elementor-widget-container\">\n\t\t\t\t\t\t\t<div class=\"elementor-spacer\">\n\t\t\t<div class=\"elementor-spacer-inner\"><\/div>\n\t\t<\/div>\n\t\t\t\t\t\t<\/div>\n\t\t\t\t<\/div>\n\t\t\t\t<div class=\"elementor-element elementor-element-e90a491 elementor-widget elementor-widget-image\" data-id=\"e90a491\" data-element_type=\"widget\" data-e-type=\"widget\" data-widget_type=\"image.default\">\n\t\t\t\t<div class=\"elementor-widget-container\">\n\t\t\t\t\t\t\t\t\t\t\t\t\t\t\t<img fetchpriority=\"high\" decoding=\"async\" width=\"300\" height=\"290\" src=\"https:\/\/scient.com.br\/wp-content\/uploads\/2024\/10\/Screen-Shot-2022-03-18-at-3.12.45-PM-300x290.png\" class=\"attachment-medium size-medium wp-image-261\" alt=\"Prot\u00f3tipos\" srcset=\"https:\/\/scient.com.br\/wp-content\/uploads\/2024\/10\/Screen-Shot-2022-03-18-at-3.12.45-PM-300x290.png 300w, https:\/\/scient.com.br\/wp-content\/uploads\/2024\/10\/Screen-Shot-2022-03-18-at-3.12.45-PM-1024x991.png 1024w, https:\/\/scient.com.br\/wp-content\/uploads\/2024\/10\/Screen-Shot-2022-03-18-at-3.12.45-PM-768x743.png 768w, https:\/\/scient.com.br\/wp-content\/uploads\/2024\/10\/Screen-Shot-2022-03-18-at-3.12.45-PM.png 1118w\" sizes=\"(max-width: 300px) 100vw, 300px\" \/>\t\t\t\t\t\t\t\t\t\t\t\t\t\t\t<\/div>\n\t\t\t\t<\/div>\n\t\t\t\t<div class=\"elementor-element elementor-element-25dc927 elementor-widget elementor-widget-image\" data-id=\"25dc927\" data-element_type=\"widget\" data-e-type=\"widget\" data-widget_type=\"image.default\">\n\t\t\t\t<div class=\"elementor-widget-container\">\n\t\t\t\t\t\t\t\t\t\t\t\t\t\t\t<img decoding=\"async\" width=\"800\" height=\"337\" src=\"https:\/\/scient.com.br\/wp-content\/uploads\/2024\/10\/mpvgraph-1024x431.png\" class=\"attachment-large size-large wp-image-252\" alt=\"MVP Process\" srcset=\"https:\/\/scient.com.br\/wp-content\/uploads\/2024\/10\/mpvgraph-1024x431.png 1024w, https:\/\/scient.com.br\/wp-content\/uploads\/2024\/10\/mpvgraph-300x126.png 300w, https:\/\/scient.com.br\/wp-content\/uploads\/2024\/10\/mpvgraph-768x323.png 768w, https:\/\/scient.com.br\/wp-content\/uploads\/2024\/10\/mpvgraph-1536x647.png 1536w, https:\/\/scient.com.br\/wp-content\/uploads\/2024\/10\/mpvgraph-2048x862.png 2048w\" sizes=\"(max-width: 800px) 100vw, 800px\" \/>\t\t\t\t\t\t\t\t\t\t\t\t\t\t\t<\/div>\n\t\t\t\t<\/div>\n\t\t\t\t<div class=\"elementor-element elementor-element-7a03855 elementor-widget__width-initial elementor-widget elementor-widget-text-editor\" data-id=\"7a03855\" data-element_type=\"widget\" data-e-type=\"widget\" data-widget_type=\"text-editor.default\">\n\t\t\t\t<div class=\"elementor-widget-container\">\n\t\t\t\t\t\t\t\t\t<div class=\"scient-talk-box\">\n  <h4><a href=\"https:\/\/scient.com.br\/pt\/getaquote\/\">\n    <span style=\"color: #ffffff; font-weight: bold;\">\n      <i class=\"fas fa-comment\"><\/i> Vamos Falar!\n    <\/span>\n  <\/a><\/h4>\n  <h6><a href=\"https:\/\/scient.com.br\/pt\/getaquote\/\">\n    <span style=\"color: #ffffff;\">\n      Pronto para transformar seu conceito em impacto de mercado? Entre em contato hoje e vamos transformar sua vis\u00e3o em realidade.\n    <\/span>\n  <\/a><\/h6>\n<\/div>\t\t\t\t\t\t\t\t<\/div>\n\t\t\t\t<\/div>\n\t\t\t\t\t<\/div>\n\t\t<\/div>\n\t\t\t\t\t<\/div>\n\t\t<\/section>\n\t\t<div class=\"elementor-element elementor-element-6279689 e-flex e-con-boxed e-con e-parent\" data-id=\"6279689\" data-element_type=\"container\" data-e-type=\"container\">\n\t\t\t\t\t<div class=\"e-con-inner\">\n\t\t\t\t<div class=\"elementor-element elementor-element-e8be008 elementor-widget elementor-widget-spacer\" data-id=\"e8be008\" data-element_type=\"widget\" data-e-type=\"widget\" data-widget_type=\"spacer.default\">\n\t\t\t\t<div class=\"elementor-widget-container\">\n\t\t\t\t\t\t\t<div class=\"elementor-spacer\">\n\t\t\t<div class=\"elementor-spacer-inner\"><\/div>\n\t\t<\/div>\n\t\t\t\t\t\t<\/div>\n\t\t\t\t<\/div>\n\t\t\t\t\t<\/div>\n\t\t\t\t<\/div>\n\t\t<div class=\"elementor-element elementor-element-72efad7 e-flex e-con-boxed e-con e-parent\" data-id=\"72efad7\" data-element_type=\"container\" data-e-type=\"container\">\n\t\t\t\t\t<div class=\"e-con-inner\">\n\t\t\t\t<div class=\"elementor-element elementor-element-5fc0d93 elementor-widget elementor-widget-spacer\" data-id=\"5fc0d93\" data-element_type=\"widget\" data-e-type=\"widget\" data-widget_type=\"spacer.default\">\n\t\t\t\t<div class=\"elementor-widget-container\">\n\t\t\t\t\t\t\t<div class=\"elementor-spacer\">\n\t\t\t<div class=\"elementor-spacer-inner\"><\/div>\n\t\t<\/div>\n\t\t\t\t\t\t<\/div>\n\t\t\t\t<\/div>\n\t\t\t\t\t<\/div>\n\t\t\t\t<\/div>\n\t\t\t\t<\/div>","protected":false},"excerpt":{"rendered":"<p>MVP (Minimum Viable Product) Create a Minimum Viable Product before scaling the idea. Create an MVP (Minimum Viable Product) Launch an MVP quickly to gather customer feedback before committing to full product development. Turn your idea into a product in 6-8 weeks.Have a new product idea but unsure of its viability? Scient can help you [&hellip;]<\/p>\n","protected":false},"author":1,"featured_media":0,"parent":0,"menu_order":0,"comment_status":"closed","ping_status":"closed","template":"","meta":{"footnotes":""},"class_list":["post-108","page","type-page","status-publish","hentry"],"yoast_head":"<!-- This site is optimized with the Yoast SEO Premium plugin v24.9 (Yoast SEO v24.9) - https:\/\/yoast.com\/wordpress\/plugins\/seo\/ -->\n<title>Minimum Viable Product MVP | - Scient<\/title>\n<meta name=\"description\" content=\"Launch an MVP quickly to gather customer feedback before committing to full product development.\" \/>\n<meta name=\"robots\" content=\"index, follow, max-snippet:-1, max-image-preview:large, max-video-preview:-1\" \/>\n<link rel=\"canonical\" href=\"https:\/\/scient.com.br\/pt\/minimum-viable-product\/\" \/>\n<meta property=\"og:locale\" content=\"pt_BR\" \/>\n<meta property=\"og:type\" content=\"article\" \/>\n<meta property=\"og:title\" content=\"Minimum Viable Product MVP\" \/>\n<meta property=\"og:description\" content=\"Launch an MVP quickly to gather customer feedback before committing to full product development.\" \/>\n<meta property=\"og:url\" content=\"https:\/\/scient.com.br\/pt\/minimum-viable-product\/\" \/>\n<meta property=\"og:site_name\" content=\"Scient\" \/>\n<meta property=\"article:modified_time\" content=\"2026-04-02T14:01:53+00:00\" \/>\n<meta property=\"og:image\" content=\"https:\/\/scient.com.br\/wp-content\/uploads\/2024\/10\/Screen-Shot-2022-03-18-at-3.12.45-PM.png\" \/>\n\t<meta property=\"og:image:width\" content=\"1118\" \/>\n\t<meta property=\"og:image:height\" content=\"1082\" \/>\n\t<meta property=\"og:image:type\" content=\"image\/png\" \/>\n<meta name=\"twitter:card\" content=\"summary_large_image\" \/>\n<meta name=\"twitter:title\" content=\"Minimum Viable Product\" \/>\n<meta name=\"twitter:description\" content=\"Launch an MVP quickly to gather customer feedback before committing to full product development.\" \/>\n<meta name=\"twitter:label1\" content=\"Est. tempo de leitura\" \/>\n\t<meta name=\"twitter:data1\" content=\"2 minutos\" \/>\n<script type=\"application\/ld+json\" class=\"yoast-schema-graph\">{\"@context\":\"https:\/\/schema.org\",\"@graph\":[{\"@type\":\"WebPage\",\"@id\":\"https:\/\/scient.com.br\/minimum-viable-product\/\",\"url\":\"https:\/\/scient.com.br\/minimum-viable-product\/\",\"name\":\"Minimum Viable Product MVP | - Scient\",\"isPartOf\":{\"@id\":\"https:\/\/scient.com.br\/#website\"},\"primaryImageOfPage\":{\"@id\":\"https:\/\/scient.com.br\/minimum-viable-product\/#primaryimage\"},\"image\":{\"@id\":\"https:\/\/scient.com.br\/minimum-viable-product\/#primaryimage\"},\"thumbnailUrl\":\"https:\/\/scient.com.br\/wp-content\/uploads\/2024\/10\/Screen-Shot-2022-03-18-at-3.12.45-PM-300x290.png\",\"datePublished\":\"2024-10-23T17:03:11+00:00\",\"dateModified\":\"2026-04-02T14:01:53+00:00\",\"description\":\"Launch an MVP quickly to gather customer feedback before committing to full product development.\",\"breadcrumb\":{\"@id\":\"https:\/\/scient.com.br\/minimum-viable-product\/#breadcrumb\"},\"inLanguage\":\"pt-BR\",\"potentialAction\":[{\"@type\":\"ReadAction\",\"target\":[\"https:\/\/scient.com.br\/minimum-viable-product\/\"]}]},{\"@type\":\"ImageObject\",\"inLanguage\":\"pt-BR\",\"@id\":\"https:\/\/scient.com.br\/minimum-viable-product\/#primaryimage\",\"url\":\"https:\/\/scient.com.br\/wp-content\/uploads\/2024\/10\/Screen-Shot-2022-03-18-at-3.12.45-PM-300x290.png\",\"contentUrl\":\"https:\/\/scient.com.br\/wp-content\/uploads\/2024\/10\/Screen-Shot-2022-03-18-at-3.12.45-PM-300x290.png\"},{\"@type\":\"BreadcrumbList\",\"@id\":\"https:\/\/scient.com.br\/minimum-viable-product\/#breadcrumb\",\"itemListElement\":[{\"@type\":\"ListItem\",\"position\":1,\"name\":\"Home\",\"item\":\"https:\/\/scient.com.br\/\"},{\"@type\":\"ListItem\",\"position\":2,\"name\":\"Minimum Viable Product\"}]},{\"@type\":\"WebSite\",\"@id\":\"https:\/\/scient.com.br\/#website\",\"url\":\"https:\/\/scient.com.br\/\",\"name\":\"Scient\",\"description\":\"From Strategy to Execution\",\"publisher\":{\"@id\":\"https:\/\/scient.com.br\/#organization\"},\"potentialAction\":[{\"@type\":\"SearchAction\",\"target\":{\"@type\":\"EntryPoint\",\"urlTemplate\":\"https:\/\/scient.com.br\/?s={search_term_string}\"},\"query-input\":{\"@type\":\"PropertyValueSpecification\",\"valueRequired\":true,\"valueName\":\"search_term_string\"}}],\"inLanguage\":\"pt-BR\"},{\"@type\":\"Organization\",\"@id\":\"https:\/\/scient.com.br\/#organization\",\"name\":\"Scient\",\"url\":\"https:\/\/scient.com.br\/\",\"logo\":{\"@type\":\"ImageObject\",\"inLanguage\":\"pt-BR\",\"@id\":\"https:\/\/scient.com.br\/#\/schema\/logo\/image\/\",\"url\":\"https:\/\/scient.com.br\/wp-content\/uploads\/2025\/02\/Scientg.png\",\"contentUrl\":\"https:\/\/scient.com.br\/wp-content\/uploads\/2025\/02\/Scientg.png\",\"width\":747,\"height\":189,\"caption\":\"Scient\"},\"image\":{\"@id\":\"https:\/\/scient.com.br\/#\/schema\/logo\/image\/\"}}]}<\/script>\n<!-- \/ Yoast SEO Premium plugin. -->","yoast_head_json":{"title":"Minimum Viable Product MVP | - Scient","description":"Lan\u00e7e um MVP rapidamente para coletar feedback dos clientes antes de se comprometer com o desenvolvimento completo do produto.","robots":{"index":"index","follow":"follow","max-snippet":"max-snippet:-1","max-image-preview":"max-image-preview:large","max-video-preview":"max-video-preview:-1"},"canonical":"https:\/\/scient.com.br\/pt\/minimum-viable-product\/","og_locale":"pt_BR","og_type":"article","og_title":"Minimum Viable Product MVP","og_description":"Launch an MVP quickly to gather customer feedback before committing to full product development.","og_url":"https:\/\/scient.com.br\/pt\/minimum-viable-product\/","og_site_name":"Scient","article_modified_time":"2026-04-02T14:01:53+00:00","og_image":[{"width":1118,"height":1082,"url":"https:\/\/scient.com.br\/wp-content\/uploads\/2024\/10\/Screen-Shot-2022-03-18-at-3.12.45-PM.png","type":"image\/png"}],"twitter_card":"summary_large_image","twitter_title":"Minimum Viable Product","twitter_description":"Launch an MVP quickly to gather customer feedback before committing to full product development.","twitter_misc":{"Est. tempo de leitura":"2 minutos"},"schema":{"@context":"https:\/\/schema.org","@graph":[{"@type":"WebPage","@id":"https:\/\/scient.com.br\/minimum-viable-product\/","url":"https:\/\/scient.com.br\/minimum-viable-product\/","name":"Minimum Viable Product MVP | - Scient","isPartOf":{"@id":"https:\/\/scient.com.br\/#website"},"primaryImageOfPage":{"@id":"https:\/\/scient.com.br\/minimum-viable-product\/#primaryimage"},"image":{"@id":"https:\/\/scient.com.br\/minimum-viable-product\/#primaryimage"},"thumbnailUrl":"https:\/\/scient.com.br\/wp-content\/uploads\/2024\/10\/Screen-Shot-2022-03-18-at-3.12.45-PM-300x290.png","datePublished":"2024-10-23T17:03:11+00:00","dateModified":"2026-04-02T14:01:53+00:00","description":"Lan\u00e7e um MVP rapidamente para coletar feedback dos clientes antes de se comprometer com o desenvolvimento completo do produto.","breadcrumb":{"@id":"https:\/\/scient.com.br\/minimum-viable-product\/#breadcrumb"},"inLanguage":"pt-BR","potentialAction":[{"@type":"ReadAction","target":["https:\/\/scient.com.br\/minimum-viable-product\/"]}]},{"@type":"ImageObject","inLanguage":"pt-BR","@id":"https:\/\/scient.com.br\/minimum-viable-product\/#primaryimage","url":"https:\/\/scient.com.br\/wp-content\/uploads\/2024\/10\/Screen-Shot-2022-03-18-at-3.12.45-PM-300x290.png","contentUrl":"https:\/\/scient.com.br\/wp-content\/uploads\/2024\/10\/Screen-Shot-2022-03-18-at-3.12.45-PM-300x290.png"},{"@type":"BreadcrumbList","@id":"https:\/\/scient.com.br\/minimum-viable-product\/#breadcrumb","itemListElement":[{"@type":"ListItem","position":1,"name":"Home","item":"https:\/\/scient.com.br\/"},{"@type":"ListItem","position":2,"name":"Minimum Viable Product"}]},{"@type":"WebSite","@id":"https:\/\/scient.com.br\/#website","url":"https:\/\/scient.com.br\/","name":"Scient","description":"Da Estrat\u00e9gia \u00e0 Execu\u00e7\u00e3o","publisher":{"@id":"https:\/\/scient.com.br\/#organization"},"potentialAction":[{"@type":"SearchAction","target":{"@type":"EntryPoint","urlTemplate":"https:\/\/scient.com.br\/?s={search_term_string}"},"query-input":{"@type":"PropertyValueSpecification","valueRequired":true,"valueName":"search_term_string"}}],"inLanguage":"pt-BR"},{"@type":"Organization","@id":"https:\/\/scient.com.br\/#organization","name":"Scient","url":"https:\/\/scient.com.br\/","logo":{"@type":"ImageObject","inLanguage":"pt-BR","@id":"https:\/\/scient.com.br\/#\/schema\/logo\/image\/","url":"https:\/\/scient.com.br\/wp-content\/uploads\/2025\/02\/Scientg.png","contentUrl":"https:\/\/scient.com.br\/wp-content\/uploads\/2025\/02\/Scientg.png","width":747,"height":189,"caption":"Scient"},"image":{"@id":"https:\/\/scient.com.br\/#\/schema\/logo\/image\/"}}]}},"_links":{"self":[{"href":"https:\/\/scient.com.br\/pt\/wp-json\/wp\/v2\/pages\/108","targetHints":{"allow":["GET"]}}],"collection":[{"href":"https:\/\/scient.com.br\/pt\/wp-json\/wp\/v2\/pages"}],"about":[{"href":"https:\/\/scient.com.br\/pt\/wp-json\/wp\/v2\/types\/page"}],"author":[{"embeddable":true,"href":"https:\/\/scient.com.br\/pt\/wp-json\/wp\/v2\/users\/1"}],"replies":[{"embeddable":true,"href":"https:\/\/scient.com.br\/pt\/wp-json\/wp\/v2\/comments?post=108"}],"version-history":[{"count":39,"href":"https:\/\/scient.com.br\/pt\/wp-json\/wp\/v2\/pages\/108\/revisions"}],"predecessor-version":[{"id":4588,"href":"https:\/\/scient.com.br\/pt\/wp-json\/wp\/v2\/pages\/108\/revisions\/4588"}],"wp:attachment":[{"href":"https:\/\/scient.com.br\/pt\/wp-json\/wp\/v2\/media?parent=108"}],"curies":[{"name":"wp","href":"https:\/\/api.w.org\/{rel}","templated":true}]}}