{"id":1112,"date":"2024-10-28T13:51:03","date_gmt":"2024-10-28T13:51:03","guid":{"rendered":"https:\/?page_id=1112"},"modified":"2026-04-02T20:27:42","modified_gmt":"2026-04-02T20:27:42","slug":"market-validation-from-concept-to-client-acquisition","status":"publish","type":"page","link":"https:\/\/scient.com.br\/pt\/market-validation-from-concept-to-client-acquisition\/","title":{"rendered":"Valida\u00e7\u00e3o de Mercado: Do Conceito \u00e0 Aquisi\u00e7\u00e3o de Clientes"},"content":{"rendered":"<div data-elementor-type=\"wp-page\" data-elementor-id=\"1112\" class=\"elementor elementor-1112\" data-elementor-post-type=\"page\">\n\t\t\t\t<div class=\"elementor-element elementor-element-c3416de e-flex e-con-boxed e-con e-parent\" data-id=\"c3416de\" data-element_type=\"container\" data-e-type=\"container\" data-settings=\"{&quot;background_background&quot;:&quot;classic&quot;}\">\n\t\t\t\t\t<div class=\"e-con-inner\">\n\t\t<div class=\"elementor-element elementor-element-5db2056 e-con-full e-flex e-con e-child\" data-id=\"5db2056\" data-element_type=\"container\" data-e-type=\"container\" data-settings=\"{&quot;background_background&quot;:&quot;classic&quot;}\">\n\t\t\t\t<div class=\"elementor-element elementor-element-8b0a142 elementor-widget elementor-widget-heading\" data-id=\"8b0a142\" data-element_type=\"widget\" data-e-type=\"widget\" data-widget_type=\"heading.default\">\n\t\t\t\t<div class=\"elementor-widget-container\">\n\t\t\t\t\t<h2 class=\"elementor-heading-title elementor-size-default\">Do Conceito \u00e0 Valida\u00e7\u00e3o de Mercado<\/h2>\t\t\t\t<\/div>\n\t\t\t\t<\/div>\n\t\t\t\t<div class=\"elementor-element elementor-element-83e4dea elementor-widget__width-initial elementor-widget elementor-widget-heading\" data-id=\"83e4dea\" data-element_type=\"widget\" data-e-type=\"widget\" data-widget_type=\"heading.default\">\n\t\t\t\t<div class=\"elementor-widget-container\">\n\t\t\t\t\t<span class=\"elementor-heading-title elementor-size-default\">A valida\u00e7\u00e3o come\u00e7a quando clientes reais interagem com o que foi constru\u00eddo<\/span>\t\t\t\t<\/div>\n\t\t\t\t<\/div>\n\t\t\t\t<div class=\"elementor-element elementor-element-f957b7e elementor-widget elementor-widget-spacer\" data-id=\"f957b7e\" data-element_type=\"widget\" data-e-type=\"widget\" data-widget_type=\"spacer.default\">\n\t\t\t\t<div class=\"elementor-widget-container\">\n\t\t\t\t\t\t\t<div class=\"elementor-spacer\">\n\t\t\t<div class=\"elementor-spacer-inner\"><\/div>\n\t\t<\/div>\n\t\t\t\t\t\t<\/div>\n\t\t\t\t<\/div>\n\t\t\t\t<\/div>\n\t\t\t\t\t<\/div>\n\t\t\t\t<\/div>\n\t\t\t\t<section class=\"elementor-section elementor-top-section elementor-element elementor-element-a64c7c7 elementor-section-stretched animated-slow elementor-section-boxed elementor-section-height-default elementor-section-height-default elementor-invisible\" data-id=\"a64c7c7\" data-element_type=\"section\" data-e-type=\"section\" data-settings=\"{&quot;background_background&quot;:&quot;classic&quot;,&quot;stretch_section&quot;:&quot;section-stretched&quot;,&quot;animation&quot;:&quot;fadeIn&quot;}\">\n\t\t\t\t\t\t\t<div class=\"elementor-background-overlay\"><\/div>\n\t\t\t\t\t\t\t<div class=\"elementor-container elementor-column-gap-default\">\n\t\t\t\t\t<div class=\"elementor-column elementor-col-50 elementor-top-column elementor-element elementor-element-38763fa\" data-id=\"38763fa\" data-element_type=\"column\" data-e-type=\"column\">\n\t\t\t<div class=\"elementor-widget-wrap elementor-element-populated\">\n\t\t\t\t\t\t<div class=\"elementor-element elementor-element-073d713 elementor-widget elementor-widget-heading\" data-id=\"073d713\" data-element_type=\"widget\" data-e-type=\"widget\" data-widget_type=\"heading.default\">\n\t\t\t\t<div class=\"elementor-widget-container\">\n\t\t\t\t\t<h2 class=\"elementor-heading-title elementor-size-default\">Indo al\u00e9m da convic\u00e7\u00e3o interna<\/h2>\t\t\t\t<\/div>\n\t\t\t\t<\/div>\n\t\t\t\t<div class=\"elementor-element elementor-element-1debdc4 elementor-widget__width-initial elementor-widget elementor-widget-text-editor\" data-id=\"1debdc4\" data-element_type=\"widget\" data-e-type=\"widget\" data-widget_type=\"text-editor.default\">\n\t\t\t\t<div class=\"elementor-widget-container\">\n\t\t\t\t\t\t\t\t\t<p>Um conceito \u00e9 apenas o come\u00e7o. A valida\u00e7\u00e3o real acontece quando um produto, servi\u00e7o ou experi\u00eancia chega ao mercado e come\u00e7a a gerar sinais relevantes \u2014 aten\u00e7\u00e3o, engajamento, demanda, uso e resposta inicial dos clientes.<\/p><p>A Scient ajuda organiza\u00e7\u00f5es a irem al\u00e9m da convic\u00e7\u00e3o interna e da viabilidade t\u00e9cnica. Trabalhamos para estruturar iniciativas voltadas ao mercado que possam ser testadas no mundo real, com clareza, disciplina e l\u00f3gica de execu\u00e7\u00e3o suficientes para produzir evid\u00eancias confi\u00e1veis.<\/p><p>Isso pode incluir a defini\u00e7\u00e3o da oferta, o refinamento do posicionamento, a defini\u00e7\u00e3o de como a iniciativa chega ao seu p\u00fablico, a identifica\u00e7\u00e3o das condi\u00e7\u00f5es adequadas de teste e a constru\u00e7\u00e3o do caminho operacional necess\u00e1rio para aprender com o mercado. O objetivo n\u00e3o \u00e9 simplesmente lan\u00e7ar algo. \u00c9 entender se a iniciativa pode ganhar tra\u00e7\u00e3o, onde a resposta \u00e9 mais forte e o que precisa evoluir antes de uma escala mais ampla.<\/p>\t\t\t\t\t\t\t\t<\/div>\n\t\t\t\t<\/div>\n\t\t\t\t<div class=\"elementor-element elementor-element-6094b36 elementor-widget elementor-widget-heading\" data-id=\"6094b36\" data-element_type=\"widget\" data-e-type=\"widget\" data-widget_type=\"heading.default\">\n\t\t\t\t<div class=\"elementor-widget-container\">\n\t\t\t\t\t<h3 class=\"elementor-heading-title elementor-size-default\"><span style=\"font-size: 18.72px\">Levando Ideias ao Mercado<\/span><\/h3>\t\t\t\t<\/div>\n\t\t\t\t<\/div>\n\t\t<div class=\"elementor-element elementor-element-4d9c40d e-grid e-con-boxed e-con e-parent\" data-id=\"4d9c40d\" data-element_type=\"container\" data-e-type=\"container\">\n\t\t\t\t\t<div class=\"e-con-inner\">\n\t\t\t\t<div class=\"elementor-element elementor-element-c343492 elementor-widget elementor-widget-text-editor\" data-id=\"c343492\" data-element_type=\"widget\" data-e-type=\"widget\" data-widget_type=\"text-editor.default\">\n\t\t\t\t<div class=\"elementor-widget-container\">\n\t\t\t\t\t\t\t\t\t<h3>Da Hip\u00f3tese ao Teste Estruturado<\/h3>\n<p>\n  Ajudamos a transformar ideias iniciais em iniciativas que possam ser expostas \u00e0s condi\u00e7\u00f5es reais de mercado com mais clareza e disciplina. Isso inclui refinar a proposta, a l\u00f3gica de p\u00fablico, o desenho do teste e as condi\u00e7\u00f5es pr\u00e1ticas de execu\u00e7\u00e3o.\n<\/p>\t\t\t\t\t\t\t\t<\/div>\n\t\t\t\t<\/div>\n\t\t\t\t<div class=\"elementor-element elementor-element-68a440f elementor-widget elementor-widget-text-editor\" data-id=\"68a440f\" data-element_type=\"widget\" data-e-type=\"widget\" data-widget_type=\"text-editor.default\">\n\t\t\t\t<div class=\"elementor-widget-container\">\n\t\t\t\t\t\t\t\t\t<h3>Exposi\u00e7\u00e3o ao Mercado com Inten\u00e7\u00e3o<\/h3>\nValida\u00e7\u00e3o exige mais do que feedback interno ou rea\u00e7\u00f5es a prot\u00f3tipos. Ajudamos a criar as condi\u00e7\u00f5es para uma exposi\u00e7\u00e3o real ao mercado, para que a iniciativa comece a gerar sinais concretos das pessoas que ela pretende atender.\t\t\t\t\t\t\t\t<\/div>\n\t\t\t\t<\/div>\n\t\t\t\t<div class=\"elementor-element elementor-element-e43fb0a elementor-widget elementor-widget-text-editor\" data-id=\"e43fb0a\" data-element_type=\"widget\" data-e-type=\"widget\" data-widget_type=\"text-editor.default\">\n\t\t\t\t<div class=\"elementor-widget-container\">\n\t\t\t\t\t\t\t\t\t<h3>Aprendizado a partir da Resposta Real<\/h3>\n<p>\n  O que importa n\u00e3o \u00e9 se o conceito parece promissor em teoria, mas como o mercado responde na pr\u00e1tica. Ajudamos a interpretar esses sinais, refinar a iniciativa e identificar se o pr\u00f3ximo passo mais adequado \u00e9 ajustar, expandir ou parar.\n<\/p>\n\t\t\t\t\t\t\t\t<\/div>\n\t\t\t\t<\/div>\n\t\t\t\t\t<\/div>\n\t\t\t\t<\/div>\n\t\t\t\t<div class=\"elementor-element elementor-element-319d00d elementor-hidden-desktop elementor-hidden-tablet elementor-hidden-mobile elementor-widget elementor-widget-heading\" data-id=\"319d00d\" data-element_type=\"widget\" data-e-type=\"widget\" data-widget_type=\"heading.default\">\n\t\t\t\t<div class=\"elementor-widget-container\">\n\t\t\t\t\t<h3 class=\"elementor-heading-title elementor-size-default\"><span style=\"font-size: 18.72px\">Where Scient Goes Further<\/span><\/h3>\t\t\t\t<\/div>\n\t\t\t\t<\/div>\n\t\t<div class=\"elementor-element elementor-element-c7e3781 e-grid elementor-hidden-desktop elementor-hidden-tablet elementor-hidden-mobile e-con-boxed e-con e-parent\" data-id=\"c7e3781\" data-element_type=\"container\" data-e-type=\"container\">\n\t\t\t\t\t<div class=\"e-con-inner\">\n\t\t\t\t<div class=\"elementor-element elementor-element-9adb739 elementor-widget elementor-widget-text-editor\" data-id=\"9adb739\" data-element_type=\"widget\" data-e-type=\"widget\" data-widget_type=\"text-editor.default\">\n\t\t\t\t<div class=\"elementor-widget-container\">\n\t\t\t\t\t\t\t\t\t<h3 data-section-id=\"kgjni0\" data-start=\"2570\" data-end=\"2595\">Valida\u00e7\u00e3o no Mundo Real<\/h3><p data-start=\"2596\" data-end=\"2797\">We focus on testing initiatives where market response can actually be observed. That means moving beyond concept reviews and internal enthusiasm toward evidence grounded in real interaction and demand.<\/p>\t\t\t\t\t\t\t\t<\/div>\n\t\t\t\t<\/div>\n\t\t\t\t<div class=\"elementor-element elementor-element-23a8e8f elementor-widget elementor-widget-text-editor\" data-id=\"23a8e8f\" data-element_type=\"widget\" data-e-type=\"widget\" data-widget_type=\"text-editor.default\">\n\t\t\t\t<div class=\"elementor-widget-container\">\n\t\t\t\t\t\t\t\t\t<h3>Exposi\u00e7\u00e3o ao Mercado com Inten\u00e7\u00e3o<\/h3><p>Validation requires more than internal feedback or prototype reactions. We help create the conditions for real-world<br \/>exposure, so the initiative can begin generating concrete signals from the people it is meant to serve<\/p>\t\t\t\t\t\t\t\t<\/div>\n\t\t\t\t<\/div>\n\t\t\t\t<div class=\"elementor-element elementor-element-78e74d8 elementor-widget elementor-widget-text-editor\" data-id=\"78e74d8\" data-element_type=\"widget\" data-e-type=\"widget\" data-widget_type=\"text-editor.default\">\n\t\t\t\t<div class=\"elementor-widget-container\">\n\t\t\t\t\t\t\t\t\t<h3>Aprendizado a partir da Resposta Real<\/h3>\n<p>\n  O que importa n\u00e3o \u00e9 se o conceito parece promissor em teoria, mas como o mercado responde na pr\u00e1tica. Ajudamos a interpretar esses sinais, refinar a iniciativa e identificar se o pr\u00f3ximo passo mais adequado \u00e9 ajustar, expandir ou parar.\n<\/p>\n\t\t\t\t\t\t\t\t<\/div>\n\t\t\t\t<\/div>\n\t\t\t\t\t<\/div>\n\t\t\t\t<\/div>\n\t\t\t\t<div class=\"elementor-element elementor-element-68ea03c elementor-hidden-desktop elementor-hidden-tablet elementor-hidden-mobile elementor-widget elementor-widget-heading\" data-id=\"68ea03c\" data-element_type=\"widget\" data-e-type=\"widget\" data-widget_type=\"heading.default\">\n\t\t\t\t<div class=\"elementor-widget-container\">\n\t\t\t\t\t<h3 class=\"elementor-heading-title elementor-size-default\">Go-to-Market Thinking<\/h3>\t\t\t\t<\/div>\n\t\t\t\t<\/div>\n\t\t\t\t\t<\/div>\n\t\t<\/div>\n\t\t\t\t<div class=\"elementor-column elementor-col-50 elementor-top-column elementor-element elementor-element-3cf235b\" data-id=\"3cf235b\" data-element_type=\"column\" data-e-type=\"column\">\n\t\t\t<div class=\"elementor-widget-wrap elementor-element-populated\">\n\t\t\t\t\t\t<div class=\"elementor-element elementor-element-ba476bd elementor-widget elementor-widget-spacer\" data-id=\"ba476bd\" data-element_type=\"widget\" data-e-type=\"widget\" data-widget_type=\"spacer.default\">\n\t\t\t\t<div class=\"elementor-widget-container\">\n\t\t\t\t\t\t\t<div class=\"elementor-spacer\">\n\t\t\t<div class=\"elementor-spacer-inner\"><\/div>\n\t\t<\/div>\n\t\t\t\t\t\t<\/div>\n\t\t\t\t<\/div>\n\t\t\t\t<div class=\"elementor-element elementor-element-6ef077d elementor-widget elementor-widget-image\" data-id=\"6ef077d\" data-element_type=\"widget\" data-e-type=\"widget\" data-widget_type=\"image.default\">\n\t\t\t\t<div class=\"elementor-widget-container\">\n\t\t\t\t\t\t\t\t\t\t\t\t\t\t\t<img fetchpriority=\"high\" decoding=\"async\" width=\"351\" height=\"576\" src=\"https:\/\/scient.com.br\/wp-content\/uploads\/2026\/03\/image3.png\" class=\"attachment-full size-full wp-image-3549\" alt=\"\" srcset=\"https:\/\/scient.com.br\/wp-content\/uploads\/2026\/03\/image3.png 351w, https:\/\/scient.com.br\/wp-content\/uploads\/2026\/03\/image3-183x300.png 183w, https:\/\/scient.com.br\/wp-content\/uploads\/2026\/03\/image3-7x12.png 7w\" sizes=\"(max-width: 351px) 100vw, 351px\" \/>\t\t\t\t\t\t\t\t\t\t\t\t\t\t\t<\/div>\n\t\t\t\t<\/div>\n\t\t\t\t<div class=\"elementor-element elementor-element-e411e71 elementor-widget__width-initial elementor-widget elementor-widget-text-editor\" data-id=\"e411e71\" data-element_type=\"widget\" data-e-type=\"widget\" data-widget_type=\"text-editor.default\">\n\t\t\t\t<div class=\"elementor-widget-container\">\n\t\t\t\t\t\t\t\t\t<div class=\"scient-talk-box\">\n  <h4><a href=\"https:\/\/scient.com.br\/pt\/getaquote\/\">\n    <span style=\"color: #ffffff; font-weight: bold;\">\n      <i class=\"fas fa-comment\"><\/i> Vamos Falar!\n    <\/span>\n  <\/a><\/h4>\n  <h6><a href=\"https:\/\/scient.com.br\/pt\/getaquote\/\">\n    <span style=\"color: #ffffff;\">\n      Pronto para transformar seu conceito em impacto de mercado? Entre em contato hoje e vamos transformar sua vis\u00e3o em realidade.\n    <\/span>\n  <\/a><\/h6>\n<\/div>\t\t\t\t\t\t\t\t<\/div>\n\t\t\t\t<\/div>\n\t\t\t\t\t<\/div>\n\t\t<\/div>\n\t\t\t\t\t<\/div>\n\t\t<\/section>\n\t\t<div class=\"elementor-element elementor-element-6e887a1 e-flex e-con-boxed e-con e-parent\" data-id=\"6e887a1\" data-element_type=\"container\" data-e-type=\"container\">\n\t\t\t\t\t<div class=\"e-con-inner\">\n\t\t\t\t<div class=\"elementor-element elementor-element-e5ad19f elementor-widget elementor-widget-spacer\" data-id=\"e5ad19f\" data-element_type=\"widget\" data-e-type=\"widget\" data-widget_type=\"spacer.default\">\n\t\t\t\t<div class=\"elementor-widget-container\">\n\t\t\t\t\t\t\t<div class=\"elementor-spacer\">\n\t\t\t<div class=\"elementor-spacer-inner\"><\/div>\n\t\t<\/div>\n\t\t\t\t\t\t<\/div>\n\t\t\t\t<\/div>\n\t\t\t\t\t<\/div>\n\t\t\t\t<\/div>\n\t\t<div class=\"elementor-element elementor-element-5c9ce6a e-flex e-con-boxed e-con e-parent\" data-id=\"5c9ce6a\" data-element_type=\"container\" data-e-type=\"container\">\n\t\t\t\t\t<div class=\"e-con-inner\">\n\t\t\t\t<div class=\"elementor-element elementor-element-c455478 elementor-widget elementor-widget-spacer\" data-id=\"c455478\" data-element_type=\"widget\" data-e-type=\"widget\" data-widget_type=\"spacer.default\">\n\t\t\t\t<div class=\"elementor-widget-container\">\n\t\t\t\t\t\t\t<div class=\"elementor-spacer\">\n\t\t\t<div class=\"elementor-spacer-inner\"><\/div>\n\t\t<\/div>\n\t\t\t\t\t\t<\/div>\n\t\t\t\t<\/div>\n\t\t\t\t\t<\/div>\n\t\t\t\t<\/div>\n\t\t<div class=\"elementor-element elementor-element-27dc36b e-flex e-con-boxed e-con e-parent\" data-id=\"27dc36b\" data-element_type=\"container\" data-e-type=\"container\">\n\t\t\t\t\t<div class=\"e-con-inner\">\n\t\t\t\t<div class=\"elementor-element elementor-element-5f9484f elementor-widget elementor-widget-spacer\" data-id=\"5f9484f\" data-element_type=\"widget\" data-e-type=\"widget\" data-widget_type=\"spacer.default\">\n\t\t\t\t<div class=\"elementor-widget-container\">\n\t\t\t\t\t\t\t<div class=\"elementor-spacer\">\n\t\t\t<div class=\"elementor-spacer-inner\"><\/div>\n\t\t<\/div>\n\t\t\t\t\t\t<\/div>\n\t\t\t\t<\/div>\n\t\t\t\t\t<\/div>\n\t\t\t\t<\/div>\n\t\t\t\t<\/div>","protected":false},"excerpt":{"rendered":"<p>Enquanto muitas ag\u00eancias encerram seu trabalho na fase de teste de conceitos ou viabilidade t\u00e9cnica, n\u00f3s vamos al\u00e9m. Na Scient, focamos no marco mais crucial: validar sua ideia no mercado real. Isso significa envolver-se diretamente com seu p\u00fablico-alvo, conquistar clientes e gerar resultados tang\u00edveis.<\/p>","protected":false},"author":1,"featured_media":432,"parent":0,"menu_order":0,"comment_status":"closed","ping_status":"closed","template":"","meta":{"footnotes":""},"class_list":["post-1112","page","type-page","status-publish","has-post-thumbnail","hentry"],"yoast_head":"<!-- This site is optimized with the Yoast SEO Premium plugin v24.9 (Yoast SEO v24.9) - https:\/\/yoast.com\/wordpress\/plugins\/seo\/ -->\n<title>Market Validation: From Concept to Client Acquisition - Scient<\/title>\n<meta name=\"description\" content=\"Market Validation: From Concept to Client Acquisition. We transform insights into real-world success through strategic planning, effective go-to-market strategies, and tangible client growth, ensuring your ideas achieve lasting impact.\" \/>\n<meta name=\"robots\" content=\"index, follow, max-snippet:-1, max-image-preview:large, max-video-preview:-1\" \/>\n<link rel=\"canonical\" href=\"https:\/\/scient.com.br\/pt\/market-validation-from-concept-to-client-acquisition\/\" \/>\n<meta property=\"og:locale\" content=\"pt_BR\" \/>\n<meta property=\"og:type\" content=\"article\" \/>\n<meta property=\"og:title\" content=\"Market Validation: From Concept to Client Acquisition\" \/>\n<meta property=\"og:description\" content=\"Market Validation: From Concept to Client Acquisition. We transform insights into real-world success through strategic planning, effective go-to-market strategies, and tangible client growth, ensuring your ideas achieve lasting impact.\" \/>\n<meta property=\"og:url\" content=\"https:\/\/scient.com.br\/pt\/market-validation-from-concept-to-client-acquisition\/\" \/>\n<meta property=\"og:site_name\" content=\"Scient\" \/>\n<meta property=\"article:modified_time\" content=\"2026-04-02T20:27:42+00:00\" \/>\n<meta property=\"og:image\" content=\"https:\/\/scient.com.br\/wp-content\/uploads\/2024\/10\/linked1-e1730741870660.png\" \/>\n\t<meta property=\"og:image:width\" content=\"631\" \/>\n\t<meta property=\"og:image:height\" content=\"354\" \/>\n\t<meta property=\"og:image:type\" content=\"image\/png\" \/>\n<meta name=\"twitter:card\" content=\"summary_large_image\" \/>\n<meta name=\"twitter:description\" content=\"Market Validation: From Concept to Client Acquisition. We transform insights into real-world success through strategic planning, effective go-to-market strategies, and tangible client growth, ensuring your ideas achieve lasting impact.\" \/>\n<meta name=\"twitter:label1\" content=\"Est. tempo de leitura\" \/>\n\t<meta name=\"twitter:data1\" content=\"3 minutos\" \/>\n<script type=\"application\/ld+json\" class=\"yoast-schema-graph\">{\"@context\":\"https:\/\/schema.org\",\"@graph\":[{\"@type\":\"WebPage\",\"@id\":\"https:\/\/scient.com.br\/market-validation-from-concept-to-client-acquisition\/\",\"url\":\"https:\/\/scient.com.br\/market-validation-from-concept-to-client-acquisition\/\",\"name\":\"Market Validation: From Concept to Client Acquisition - Scient\",\"isPartOf\":{\"@id\":\"https:\/\/scient.com.br\/#website\"},\"primaryImageOfPage\":{\"@id\":\"https:\/\/scient.com.br\/market-validation-from-concept-to-client-acquisition\/#primaryimage\"},\"image\":{\"@id\":\"https:\/\/scient.com.br\/market-validation-from-concept-to-client-acquisition\/#primaryimage\"},\"thumbnailUrl\":\"https:\/\/scient.com.br\/wp-content\/uploads\/2024\/10\/ads.png\",\"datePublished\":\"2024-10-28T13:51:03+00:00\",\"dateModified\":\"2026-04-02T20:27:42+00:00\",\"description\":\"Market Validation: From Concept to Client Acquisition. We transform insights into real-world success through strategic planning, effective go-to-market strategies, and tangible client growth, ensuring your ideas achieve lasting impact.\",\"breadcrumb\":{\"@id\":\"https:\/\/scient.com.br\/market-validation-from-concept-to-client-acquisition\/#breadcrumb\"},\"inLanguage\":\"pt-BR\",\"potentialAction\":[{\"@type\":\"ReadAction\",\"target\":[\"https:\/\/scient.com.br\/market-validation-from-concept-to-client-acquisition\/\"]}]},{\"@type\":\"ImageObject\",\"inLanguage\":\"pt-BR\",\"@id\":\"https:\/\/scient.com.br\/market-validation-from-concept-to-client-acquisition\/#primaryimage\",\"url\":\"https:\/\/scient.com.br\/wp-content\/uploads\/2024\/10\/ads.png\",\"contentUrl\":\"https:\/\/scient.com.br\/wp-content\/uploads\/2024\/10\/ads.png\",\"width\":1200,\"height\":628,\"caption\":\"flow\"},{\"@type\":\"BreadcrumbList\",\"@id\":\"https:\/\/scient.com.br\/market-validation-from-concept-to-client-acquisition\/#breadcrumb\",\"itemListElement\":[{\"@type\":\"ListItem\",\"position\":1,\"name\":\"Home\",\"item\":\"https:\/\/scient.com.br\/\"},{\"@type\":\"ListItem\",\"position\":2,\"name\":\"Market Validation: From Concept to Client Acquisition\"}]},{\"@type\":\"WebSite\",\"@id\":\"https:\/\/scient.com.br\/#website\",\"url\":\"https:\/\/scient.com.br\/\",\"name\":\"Scient\",\"description\":\"From Strategy to Execution\",\"publisher\":{\"@id\":\"https:\/\/scient.com.br\/#organization\"},\"potentialAction\":[{\"@type\":\"SearchAction\",\"target\":{\"@type\":\"EntryPoint\",\"urlTemplate\":\"https:\/\/scient.com.br\/?s={search_term_string}\"},\"query-input\":{\"@type\":\"PropertyValueSpecification\",\"valueRequired\":true,\"valueName\":\"search_term_string\"}}],\"inLanguage\":\"pt-BR\"},{\"@type\":\"Organization\",\"@id\":\"https:\/\/scient.com.br\/#organization\",\"name\":\"Scient\",\"url\":\"https:\/\/scient.com.br\/\",\"logo\":{\"@type\":\"ImageObject\",\"inLanguage\":\"pt-BR\",\"@id\":\"https:\/\/scient.com.br\/#\/schema\/logo\/image\/\",\"url\":\"https:\/\/scient.com.br\/wp-content\/uploads\/2025\/02\/Scientg.png\",\"contentUrl\":\"https:\/\/scient.com.br\/wp-content\/uploads\/2025\/02\/Scientg.png\",\"width\":747,\"height\":189,\"caption\":\"Scient\"},\"image\":{\"@id\":\"https:\/\/scient.com.br\/#\/schema\/logo\/image\/\"}}]}<\/script>\n<!-- \/ Yoast SEO Premium plugin. -->","yoast_head_json":{"title":"Market Validation: From Concept to Client Acquisition - Scient","description":"Market Validation: From Concept to Client Acquisition. We transform insights into real-world success through strategic planning, effective go-to-market strategies, and tangible client growth, ensuring your ideas achieve lasting impact.","robots":{"index":"index","follow":"follow","max-snippet":"max-snippet:-1","max-image-preview":"max-image-preview:large","max-video-preview":"max-video-preview:-1"},"canonical":"https:\/\/scient.com.br\/pt\/market-validation-from-concept-to-client-acquisition\/","og_locale":"pt_BR","og_type":"article","og_title":"Market Validation: From Concept to Client Acquisition","og_description":"Market Validation: From Concept to Client Acquisition. We transform insights into real-world success through strategic planning, effective go-to-market strategies, and tangible client growth, ensuring your ideas achieve lasting impact.","og_url":"https:\/\/scient.com.br\/pt\/market-validation-from-concept-to-client-acquisition\/","og_site_name":"Scient","article_modified_time":"2026-04-02T20:27:42+00:00","og_image":[{"width":631,"height":354,"url":"https:\/\/scient.com.br\/wp-content\/uploads\/2024\/10\/linked1-e1730741870660.png","type":"image\/png"}],"twitter_card":"summary_large_image","twitter_description":"Market Validation: From Concept to Client Acquisition. We transform insights into real-world success through strategic planning, effective go-to-market strategies, and tangible client growth, ensuring your ideas achieve lasting impact.","twitter_misc":{"Est. tempo de leitura":"3 minutos"},"schema":{"@context":"https:\/\/schema.org","@graph":[{"@type":"WebPage","@id":"https:\/\/scient.com.br\/market-validation-from-concept-to-client-acquisition\/","url":"https:\/\/scient.com.br\/market-validation-from-concept-to-client-acquisition\/","name":"Market Validation: From Concept to Client Acquisition - Scient","isPartOf":{"@id":"https:\/\/scient.com.br\/#website"},"primaryImageOfPage":{"@id":"https:\/\/scient.com.br\/market-validation-from-concept-to-client-acquisition\/#primaryimage"},"image":{"@id":"https:\/\/scient.com.br\/market-validation-from-concept-to-client-acquisition\/#primaryimage"},"thumbnailUrl":"https:\/\/scient.com.br\/wp-content\/uploads\/2024\/10\/ads.png","datePublished":"2024-10-28T13:51:03+00:00","dateModified":"2026-04-02T20:27:42+00:00","description":"Market Validation: From Concept to Client Acquisition. We transform insights into real-world success through strategic planning, effective go-to-market strategies, and tangible client growth, ensuring your ideas achieve lasting impact.","breadcrumb":{"@id":"https:\/\/scient.com.br\/market-validation-from-concept-to-client-acquisition\/#breadcrumb"},"inLanguage":"pt-BR","potentialAction":[{"@type":"ReadAction","target":["https:\/\/scient.com.br\/market-validation-from-concept-to-client-acquisition\/"]}]},{"@type":"ImageObject","inLanguage":"pt-BR","@id":"https:\/\/scient.com.br\/market-validation-from-concept-to-client-acquisition\/#primaryimage","url":"https:\/\/scient.com.br\/wp-content\/uploads\/2024\/10\/ads.png","contentUrl":"https:\/\/scient.com.br\/wp-content\/uploads\/2024\/10\/ads.png","width":1200,"height":628,"caption":"flow"},{"@type":"BreadcrumbList","@id":"https:\/\/scient.com.br\/market-validation-from-concept-to-client-acquisition\/#breadcrumb","itemListElement":[{"@type":"ListItem","position":1,"name":"Home","item":"https:\/\/scient.com.br\/"},{"@type":"ListItem","position":2,"name":"Market Validation: From Concept to Client Acquisition"}]},{"@type":"WebSite","@id":"https:\/\/scient.com.br\/#website","url":"https:\/\/scient.com.br\/","name":"Scient","description":"Da Estrat\u00e9gia \u00e0 Execu\u00e7\u00e3o","publisher":{"@id":"https:\/\/scient.com.br\/#organization"},"potentialAction":[{"@type":"SearchAction","target":{"@type":"EntryPoint","urlTemplate":"https:\/\/scient.com.br\/?s={search_term_string}"},"query-input":{"@type":"PropertyValueSpecification","valueRequired":true,"valueName":"search_term_string"}}],"inLanguage":"pt-BR"},{"@type":"Organization","@id":"https:\/\/scient.com.br\/#organization","name":"Scient","url":"https:\/\/scient.com.br\/","logo":{"@type":"ImageObject","inLanguage":"pt-BR","@id":"https:\/\/scient.com.br\/#\/schema\/logo\/image\/","url":"https:\/\/scient.com.br\/wp-content\/uploads\/2025\/02\/Scientg.png","contentUrl":"https:\/\/scient.com.br\/wp-content\/uploads\/2025\/02\/Scientg.png","width":747,"height":189,"caption":"Scient"},"image":{"@id":"https:\/\/scient.com.br\/#\/schema\/logo\/image\/"}}]}},"_links":{"self":[{"href":"https:\/\/scient.com.br\/pt\/wp-json\/wp\/v2\/pages\/1112","targetHints":{"allow":["GET"]}}],"collection":[{"href":"https:\/\/scient.com.br\/pt\/wp-json\/wp\/v2\/pages"}],"about":[{"href":"https:\/\/scient.com.br\/pt\/wp-json\/wp\/v2\/types\/page"}],"author":[{"embeddable":true,"href":"https:\/\/scient.com.br\/pt\/wp-json\/wp\/v2\/users\/1"}],"replies":[{"embeddable":true,"href":"https:\/\/scient.com.br\/pt\/wp-json\/wp\/v2\/comments?post=1112"}],"version-history":[{"count":92,"href":"https:\/\/scient.com.br\/pt\/wp-json\/wp\/v2\/pages\/1112\/revisions"}],"predecessor-version":[{"id":4645,"href":"https:\/\/scient.com.br\/pt\/wp-json\/wp\/v2\/pages\/1112\/revisions\/4645"}],"wp:featuredmedia":[{"embeddable":true,"href":"https:\/\/scient.com.br\/pt\/wp-json\/wp\/v2\/media\/432"}],"wp:attachment":[{"href":"https:\/\/scient.com.br\/pt\/wp-json\/wp\/v2\/media?parent=1112"}],"curies":[{"name":"wp","href":"https:\/\/api.w.org\/{rel}","templated":true}]}}