{"id":112,"date":"2024-10-23T17:03:48","date_gmt":"2024-10-23T17:03:48","guid":{"rendered":"https:\/?page_id=112"},"modified":"2026-03-13T15:42:51","modified_gmt":"2026-03-13T15:42:51","slug":"prototypes","status":"publish","type":"page","link":"https:\/\/scient.com.br\/pt\/prototypes\/","title":{"rendered":"Prot\u00f3tipos"},"content":{"rendered":"<div data-elementor-type=\"wp-page\" data-elementor-id=\"112\" class=\"elementor elementor-112\" data-elementor-post-type=\"page\">\n\t\t\t\t\t\t<section class=\"elementor-section elementor-top-section elementor-element elementor-element-8c7ecd0 elementor-section-stretched animated-slow elementor-section-boxed elementor-section-height-default elementor-section-height-default elementor-invisible\" data-id=\"8c7ecd0\" data-element_type=\"section\" data-e-type=\"section\" data-settings=\"{&quot;background_background&quot;:&quot;classic&quot;,&quot;stretch_section&quot;:&quot;section-stretched&quot;,&quot;animation&quot;:&quot;fadeIn&quot;}\">\n\t\t\t\t\t\t\t<div class=\"elementor-background-overlay\"><\/div>\n\t\t\t\t\t\t\t<div class=\"elementor-container elementor-column-gap-default\">\n\t\t\t\t\t<div class=\"elementor-column elementor-col-50 elementor-top-column elementor-element elementor-element-8cca2dd\" data-id=\"8cca2dd\" data-element_type=\"column\" data-e-type=\"column\">\n\t\t\t<div class=\"elementor-widget-wrap elementor-element-populated\">\n\t\t\t\t\t\t<div class=\"elementor-element elementor-element-21f9364 elementor-widget elementor-widget-heading\" data-id=\"21f9364\" data-element_type=\"widget\" data-e-type=\"widget\" data-widget_type=\"heading.default\">\n\t\t\t\t<div class=\"elementor-widget-container\">\n\t\t\t\t\t<h2 class=\"elementor-heading-title elementor-size-default\">Prototipagem: Transformando Ideias em Realidade<\/h2>\t\t\t\t<\/div>\n\t\t\t\t<\/div>\n\t\t\t\t<div class=\"elementor-element elementor-element-3c35c32 elementor-widget__width-initial elementor-widget elementor-widget-text-editor\" data-id=\"3c35c32\" data-element_type=\"widget\" data-e-type=\"widget\" data-widget_type=\"text-editor.default\">\n\t\t\t\t<div class=\"elementor-widget-container\">\n\t\t\t\t\t\t\t\t\t<p>Transforme seus conceitos em prot\u00f3tipos interativos e test\u00e1veis. Na Scient, especializamo-nos em traduzir ideias de neg\u00f3cios em prot\u00f3tipos funcionais que refletem cen\u00e1rios do mundo real e se alinham com objetivos estrat\u00e9gicos. Esse processo ajuda voc\u00ea a visualizar o produto, refinar seus recursos e coletar feedback dos usu\u00e1rios antes de investir no desenvolvimento completo.<\/p><p><strong>Por que a Prototipagem \u00e9 Importante?<\/strong><\/p><ul><li class=\"translation-block\"><strong>Validar Conceitos:<\/strong> Teste ideias cedo para garantir que ressoem com os usu\u00e1rios.<\/li><li><strong>Reduzir Riscos<\/strong> Identifique problemas antes de investir tempo e dinheiro.<\/li><li class=\"translation-block\"><strong>Abordagem Centrada no Usu\u00e1rio:<\/strong> Os prot\u00f3tipos focam na usabilidade, impulsionando melhorias no produto.<\/li><\/ul><div>\u00a0<\/div><p>Nossa expertise em Design Thinking garante que cada prot\u00f3tipo seja impactante, ajudando as empresas a lan\u00e7arem rapidamente com uma vis\u00e3o clara do produto. Seja voc\u00ea uma startup ou uma empresa estabelecida, a prototipagem acelera a tomada de decis\u00f5es e estabelece a base para um crescimento escal\u00e1vel.<\/p>\t\t\t\t\t\t\t\t<\/div>\n\t\t\t\t<\/div>\n\t\t\t\t<div class=\"elementor-element elementor-element-980ea9d elementor-widget elementor-widget-spacer\" data-id=\"980ea9d\" data-element_type=\"widget\" data-e-type=\"widget\" data-widget_type=\"spacer.default\">\n\t\t\t\t<div class=\"elementor-widget-container\">\n\t\t\t\t\t\t\t<div class=\"elementor-spacer\">\n\t\t\t<div class=\"elementor-spacer-inner\"><\/div>\n\t\t<\/div>\n\t\t\t\t\t\t<\/div>\n\t\t\t\t<\/div>\n\t\t\t\t\t<\/div>\n\t\t<\/div>\n\t\t\t\t<div class=\"elementor-column elementor-col-50 elementor-top-column elementor-element elementor-element-9c09a3b\" data-id=\"9c09a3b\" data-element_type=\"column\" data-e-type=\"column\">\n\t\t\t<div class=\"elementor-widget-wrap elementor-element-populated\">\n\t\t\t\t\t\t<div class=\"elementor-element elementor-element-bdec358 elementor-widget elementor-widget-spacer\" data-id=\"bdec358\" data-element_type=\"widget\" data-e-type=\"widget\" data-widget_type=\"spacer.default\">\n\t\t\t\t<div class=\"elementor-widget-container\">\n\t\t\t\t\t\t\t<div class=\"elementor-spacer\">\n\t\t\t<div class=\"elementor-spacer-inner\"><\/div>\n\t\t<\/div>\n\t\t\t\t\t\t<\/div>\n\t\t\t\t<\/div>\n\t\t\t\t<div class=\"elementor-element elementor-element-8d28695 elementor-widget elementor-widget-image\" data-id=\"8d28695\" data-element_type=\"widget\" data-e-type=\"widget\" data-widget_type=\"image.default\">\n\t\t\t\t<div class=\"elementor-widget-container\">\n\t\t\t\t\t\t\t\t\t\t\t\t\t\t\t<img fetchpriority=\"high\" decoding=\"async\" width=\"800\" height=\"396\" src=\"https:\/\/scient.com.br\/wp-content\/uploads\/2024\/10\/bgcasebike-1024x507.png\" class=\"attachment-large size-large wp-image-267\" alt=\"Bike tech Data Urban Visualization\" srcset=\"https:\/\/scient.com.br\/wp-content\/uploads\/2024\/10\/bgcasebike-1024x507.png 1024w, https:\/\/scient.com.br\/wp-content\/uploads\/2024\/10\/bgcasebike-300x148.png 300w, https:\/\/scient.com.br\/wp-content\/uploads\/2024\/10\/bgcasebike-768x380.png 768w, https:\/\/scient.com.br\/wp-content\/uploads\/2024\/10\/bgcasebike-1536x760.png 1536w, https:\/\/scient.com.br\/wp-content\/uploads\/2024\/10\/bgcasebike-2048x1013.png 2048w\" sizes=\"(max-width: 800px) 100vw, 800px\" \/>\t\t\t\t\t\t\t\t\t\t\t\t\t\t\t<\/div>\n\t\t\t\t<\/div>\n\t\t\t\t<div class=\"elementor-element elementor-element-0bfd723 elementor-widget__width-initial elementor-widget elementor-widget-text-editor\" data-id=\"0bfd723\" data-element_type=\"widget\" data-e-type=\"widget\" data-widget_type=\"text-editor.default\">\n\t\t\t\t<div class=\"elementor-widget-container\">\n\t\t\t\t\t\t\t\t\t<div class=\"scient-talk-box\">\n  <h4><a href=\"https:\/\/scient.com.br\/pt\/getaquote\/\">\n    <span style=\"color: #ffffff; font-weight: bold;\">\n      <i class=\"fas fa-comment\"><\/i> Vamos Falar!\n    <\/span>\n  <\/a><\/h4>\n  <h6><a href=\"https:\/\/scient.com.br\/pt\/getaquote\/\">\n    <span style=\"color: #ffffff;\">\n      Pronto para transformar seu conceito em impacto de mercado? Entre em contato hoje e vamos transformar sua vis\u00e3o em realidade.\n    <\/span>\n  <\/a><\/h6>\n<\/div>\t\t\t\t\t\t\t\t<\/div>\n\t\t\t\t<\/div>\n\t\t\t\t\t<\/div>\n\t\t<\/div>\n\t\t\t\t\t<\/div>\n\t\t<\/section>\n\t\t<div class=\"elementor-element elementor-element-2189369 e-flex e-con-boxed e-con e-parent\" data-id=\"2189369\" data-element_type=\"container\" data-e-type=\"container\">\n\t\t\t\t\t<div class=\"e-con-inner\">\n\t\t\t\t<div class=\"elementor-element elementor-element-7d85c9a elementor-widget elementor-widget-spacer\" data-id=\"7d85c9a\" data-element_type=\"widget\" data-e-type=\"widget\" data-widget_type=\"spacer.default\">\n\t\t\t\t<div class=\"elementor-widget-container\">\n\t\t\t\t\t\t\t<div class=\"elementor-spacer\">\n\t\t\t<div class=\"elementor-spacer-inner\"><\/div>\n\t\t<\/div>\n\t\t\t\t\t\t<\/div>\n\t\t\t\t<\/div>\n\t\t\t\t\t<\/div>\n\t\t\t\t<\/div>\n\t\t\t\t<\/div>","protected":false},"excerpt":{"rendered":"<p>Prototyping: Bringing Your Ideas to Life Turn your concepts into interactive, testable prototypes. At Scient, we specialize in translating business ideas into functional prototypes that reflect real-world scenarios and align with strategic goals. This process helps you visualize the product, refine its features, and gather user feedback before committing to full-scale development. Why Prototyping Matters: [&hellip;]<\/p>\n","protected":false},"author":1,"featured_media":0,"parent":0,"menu_order":0,"comment_status":"closed","ping_status":"closed","template":"","meta":{"footnotes":""},"class_list":["post-112","page","type-page","status-publish","hentry"],"yoast_head":"<!-- This site is optimized with the Yoast SEO Premium plugin v24.9 (Yoast SEO v24.9) - https:\/\/yoast.com\/wordpress\/plugins\/seo\/ -->\n<title>Prototypes - Scient<\/title>\n<meta name=\"description\" content=\"Turn your concepts into interactive, testable prototypes. At Scient, we specialize in translating business ideas into functional prototypes that reflect real-world scenarios and align with strategic goals.\" \/>\n<meta name=\"robots\" content=\"index, follow, max-snippet:-1, max-image-preview:large, max-video-preview:-1\" \/>\n<link rel=\"canonical\" href=\"https:\/\/scient.com.br\/pt\/prototypes\/\" \/>\n<meta property=\"og:locale\" content=\"pt_BR\" \/>\n<meta property=\"og:type\" content=\"article\" \/>\n<meta property=\"og:title\" content=\"Prototypes\" \/>\n<meta property=\"og:description\" content=\"Turn your concepts into interactive, testable prototypes. At Scient, we specialize in translating business ideas into functional prototypes that reflect real-world scenarios and align with strategic goals.\" \/>\n<meta property=\"og:url\" content=\"https:\/\/scient.com.br\/pt\/prototypes\/\" \/>\n<meta property=\"og:site_name\" content=\"Scient\" \/>\n<meta property=\"article:modified_time\" content=\"2026-03-13T15:42:51+00:00\" \/>\n<meta property=\"og:image\" content=\"https:\/\/scient.com.br\/wp-content\/uploads\/2024\/10\/bgcasebike-1024x507.png\" \/>\n\t<meta property=\"og:image:width\" content=\"1024\" \/>\n\t<meta property=\"og:image:height\" content=\"507\" \/>\n\t<meta property=\"og:image:type\" content=\"image\/png\" \/>\n<meta name=\"twitter:card\" content=\"summary_large_image\" \/>\n<meta name=\"twitter:description\" content=\"Turn your concepts into interactive, testable prototypes. At Scient, we specialize in translating business ideas into functional prototypes that reflect real-world scenarios and align with strategic goals.\" \/>\n<meta name=\"twitter:label1\" content=\"Est. tempo de leitura\" \/>\n\t<meta name=\"twitter:data1\" content=\"1 minuto\" \/>\n<script type=\"application\/ld+json\" class=\"yoast-schema-graph\">{\"@context\":\"https:\/\/schema.org\",\"@graph\":[{\"@type\":\"WebPage\",\"@id\":\"https:\/\/scient.com.br\/prototypes\/\",\"url\":\"https:\/\/scient.com.br\/prototypes\/\",\"name\":\"Prototypes - Scient\",\"isPartOf\":{\"@id\":\"https:\/\/scient.com.br\/#website\"},\"primaryImageOfPage\":{\"@id\":\"https:\/\/scient.com.br\/prototypes\/#primaryimage\"},\"image\":{\"@id\":\"https:\/\/scient.com.br\/prototypes\/#primaryimage\"},\"thumbnailUrl\":\"https:\/\/scient.com.br\/wp-content\/uploads\/2024\/10\/bgcasebike-1024x507.png\",\"datePublished\":\"2024-10-23T17:03:48+00:00\",\"dateModified\":\"2026-03-13T15:42:51+00:00\",\"description\":\"Turn your concepts into interactive, testable prototypes. At Scient, we specialize in translating business ideas into functional prototypes that reflect real-world scenarios and align with strategic goals.\",\"breadcrumb\":{\"@id\":\"https:\/\/scient.com.br\/prototypes\/#breadcrumb\"},\"inLanguage\":\"pt-BR\",\"potentialAction\":[{\"@type\":\"ReadAction\",\"target\":[\"https:\/\/scient.com.br\/prototypes\/\"]}]},{\"@type\":\"ImageObject\",\"inLanguage\":\"pt-BR\",\"@id\":\"https:\/\/scient.com.br\/prototypes\/#primaryimage\",\"url\":\"https:\/\/scient.com.br\/wp-content\/uploads\/2024\/10\/bgcasebike-1024x507.png\",\"contentUrl\":\"https:\/\/scient.com.br\/wp-content\/uploads\/2024\/10\/bgcasebike-1024x507.png\"},{\"@type\":\"BreadcrumbList\",\"@id\":\"https:\/\/scient.com.br\/prototypes\/#breadcrumb\",\"itemListElement\":[{\"@type\":\"ListItem\",\"position\":1,\"name\":\"Home\",\"item\":\"https:\/\/scient.com.br\/\"},{\"@type\":\"ListItem\",\"position\":2,\"name\":\"Prototypes\"}]},{\"@type\":\"WebSite\",\"@id\":\"https:\/\/scient.com.br\/#website\",\"url\":\"https:\/\/scient.com.br\/\",\"name\":\"Scient\",\"description\":\"From Strategy to Execution\",\"publisher\":{\"@id\":\"https:\/\/scient.com.br\/#organization\"},\"potentialAction\":[{\"@type\":\"SearchAction\",\"target\":{\"@type\":\"EntryPoint\",\"urlTemplate\":\"https:\/\/scient.com.br\/?s={search_term_string}\"},\"query-input\":{\"@type\":\"PropertyValueSpecification\",\"valueRequired\":true,\"valueName\":\"search_term_string\"}}],\"inLanguage\":\"pt-BR\"},{\"@type\":\"Organization\",\"@id\":\"https:\/\/scient.com.br\/#organization\",\"name\":\"Scient\",\"url\":\"https:\/\/scient.com.br\/\",\"logo\":{\"@type\":\"ImageObject\",\"inLanguage\":\"pt-BR\",\"@id\":\"https:\/\/scient.com.br\/#\/schema\/logo\/image\/\",\"url\":\"https:\/\/scient.com.br\/wp-content\/uploads\/2025\/02\/Scientg.png\",\"contentUrl\":\"https:\/\/scient.com.br\/wp-content\/uploads\/2025\/02\/Scientg.png\",\"width\":747,\"height\":189,\"caption\":\"Scient\"},\"image\":{\"@id\":\"https:\/\/scient.com.br\/#\/schema\/logo\/image\/\"}}]}<\/script>\n<!-- \/ Yoast SEO Premium plugin. -->","yoast_head_json":{"title":"Prototypes - Scient","description":"Turn your concepts into interactive, testable prototypes. At Scient, we specialize in translating business ideas into functional prototypes that reflect real-world scenarios and align with strategic goals.","robots":{"index":"index","follow":"follow","max-snippet":"max-snippet:-1","max-image-preview":"max-image-preview:large","max-video-preview":"max-video-preview:-1"},"canonical":"https:\/\/scient.com.br\/pt\/prototypes\/","og_locale":"pt_BR","og_type":"article","og_title":"Prototypes","og_description":"Turn your concepts into interactive, testable prototypes. At Scient, we specialize in translating business ideas into functional prototypes that reflect real-world scenarios and align with strategic goals.","og_url":"https:\/\/scient.com.br\/pt\/prototypes\/","og_site_name":"Scient","article_modified_time":"2026-03-13T15:42:51+00:00","og_image":[{"width":1024,"height":507,"url":"https:\/\/scient.com.br\/wp-content\/uploads\/2024\/10\/bgcasebike-1024x507.png","type":"image\/png"}],"twitter_card":"summary_large_image","twitter_description":"Turn your concepts into interactive, testable prototypes. At Scient, we specialize in translating business ideas into functional prototypes that reflect real-world scenarios and align with strategic goals.","twitter_misc":{"Est. tempo de leitura":"1 minuto"},"schema":{"@context":"https:\/\/schema.org","@graph":[{"@type":"WebPage","@id":"https:\/\/scient.com.br\/prototypes\/","url":"https:\/\/scient.com.br\/prototypes\/","name":"Prototypes - Scient","isPartOf":{"@id":"https:\/\/scient.com.br\/#website"},"primaryImageOfPage":{"@id":"https:\/\/scient.com.br\/prototypes\/#primaryimage"},"image":{"@id":"https:\/\/scient.com.br\/prototypes\/#primaryimage"},"thumbnailUrl":"https:\/\/scient.com.br\/wp-content\/uploads\/2024\/10\/bgcasebike-1024x507.png","datePublished":"2024-10-23T17:03:48+00:00","dateModified":"2026-03-13T15:42:51+00:00","description":"Turn your concepts into interactive, testable prototypes. At Scient, we specialize in translating business ideas into functional prototypes that reflect real-world scenarios and align with strategic goals.","breadcrumb":{"@id":"https:\/\/scient.com.br\/prototypes\/#breadcrumb"},"inLanguage":"pt-BR","potentialAction":[{"@type":"ReadAction","target":["https:\/\/scient.com.br\/prototypes\/"]}]},{"@type":"ImageObject","inLanguage":"pt-BR","@id":"https:\/\/scient.com.br\/prototypes\/#primaryimage","url":"https:\/\/scient.com.br\/wp-content\/uploads\/2024\/10\/bgcasebike-1024x507.png","contentUrl":"https:\/\/scient.com.br\/wp-content\/uploads\/2024\/10\/bgcasebike-1024x507.png"},{"@type":"BreadcrumbList","@id":"https:\/\/scient.com.br\/prototypes\/#breadcrumb","itemListElement":[{"@type":"ListItem","position":1,"name":"Home","item":"https:\/\/scient.com.br\/"},{"@type":"ListItem","position":2,"name":"Prototypes"}]},{"@type":"WebSite","@id":"https:\/\/scient.com.br\/#website","url":"https:\/\/scient.com.br\/","name":"Scient","description":"Da Estrat\u00e9gia \u00e0 Execu\u00e7\u00e3o","publisher":{"@id":"https:\/\/scient.com.br\/#organization"},"potentialAction":[{"@type":"SearchAction","target":{"@type":"EntryPoint","urlTemplate":"https:\/\/scient.com.br\/?s={search_term_string}"},"query-input":{"@type":"PropertyValueSpecification","valueRequired":true,"valueName":"search_term_string"}}],"inLanguage":"pt-BR"},{"@type":"Organization","@id":"https:\/\/scient.com.br\/#organization","name":"Scient","url":"https:\/\/scient.com.br\/","logo":{"@type":"ImageObject","inLanguage":"pt-BR","@id":"https:\/\/scient.com.br\/#\/schema\/logo\/image\/","url":"https:\/\/scient.com.br\/wp-content\/uploads\/2025\/02\/Scientg.png","contentUrl":"https:\/\/scient.com.br\/wp-content\/uploads\/2025\/02\/Scientg.png","width":747,"height":189,"caption":"Scient"},"image":{"@id":"https:\/\/scient.com.br\/#\/schema\/logo\/image\/"}}]}},"_links":{"self":[{"href":"https:\/\/scient.com.br\/pt\/wp-json\/wp\/v2\/pages\/112","targetHints":{"allow":["GET"]}}],"collection":[{"href":"https:\/\/scient.com.br\/pt\/wp-json\/wp\/v2\/pages"}],"about":[{"href":"https:\/\/scient.com.br\/pt\/wp-json\/wp\/v2\/types\/page"}],"author":[{"embeddable":true,"href":"https:\/\/scient.com.br\/pt\/wp-json\/wp\/v2\/users\/1"}],"replies":[{"embeddable":true,"href":"https:\/\/scient.com.br\/pt\/wp-json\/wp\/v2\/comments?post=112"}],"version-history":[{"count":27,"href":"https:\/\/scient.com.br\/pt\/wp-json\/wp\/v2\/pages\/112\/revisions"}],"predecessor-version":[{"id":3029,"href":"https:\/\/scient.com.br\/pt\/wp-json\/wp\/v2\/pages\/112\/revisions\/3029"}],"wp:attachment":[{"href":"https:\/\/scient.com.br\/pt\/wp-json\/wp\/v2\/media?parent=112"}],"curies":[{"name":"wp","href":"https:\/\/api.w.org\/{rel}","templated":true}]}}