{"id":2496,"date":"2025-02-17T20:10:11","date_gmt":"2025-02-17T20:10:11","guid":{"rendered":"https:\/\/scient.com.br\/?page_id=2496"},"modified":"2025-03-18T13:05:46","modified_gmt":"2025-03-18T13:05:46","slug":"ai-solutions","status":"publish","type":"page","link":"https:\/\/scient.com.br\/pt\/ai-solutions\/","title":{"rendered":"Solu\u00e7\u00f5es de IA - Scient"},"content":{"rendered":"<div data-elementor-type=\"wp-page\" data-elementor-id=\"2496\" class=\"elementor elementor-2496\" data-elementor-post-type=\"page\">\n\t\t\t\t\t\t<section class=\"elementor-section elementor-top-section elementor-element elementor-element-a64c7c7 elementor-section-stretched animated-slow elementor-section-boxed elementor-section-height-default elementor-section-height-default elementor-invisible\" data-id=\"a64c7c7\" data-element_type=\"section\" data-e-type=\"section\" data-settings=\"{&quot;background_background&quot;:&quot;classic&quot;,&quot;stretch_section&quot;:&quot;section-stretched&quot;,&quot;animation&quot;:&quot;fadeIn&quot;}\">\n\t\t\t\t\t\t\t<div class=\"elementor-background-overlay\"><\/div>\n\t\t\t\t\t\t\t<div class=\"elementor-container elementor-column-gap-default\">\n\t\t\t\t\t<div class=\"elementor-column elementor-col-50 elementor-top-column elementor-element elementor-element-38763fa\" data-id=\"38763fa\" data-element_type=\"column\" data-e-type=\"column\">\n\t\t\t<div class=\"elementor-widget-wrap elementor-element-populated\">\n\t\t\t\t\t\t<div class=\"elementor-element elementor-element-073d713 elementor-widget elementor-widget-heading\" data-id=\"073d713\" data-element_type=\"widget\" data-e-type=\"widget\" data-widget_type=\"heading.default\">\n\t\t\t\t<div class=\"elementor-widget-container\">\n\t\t\t\t\t<h2 class=\"elementor-heading-title elementor-size-default\">Explorando IA com a Scient<\/h2>\t\t\t\t<\/div>\n\t\t\t\t<\/div>\n\t\t\t\t<div class=\"elementor-element elementor-element-fa5dadc elementor-widget elementor-widget-heading\" data-id=\"fa5dadc\" data-element_type=\"widget\" data-e-type=\"widget\" data-widget_type=\"heading.default\">\n\t\t\t\t<div class=\"elementor-widget-container\">\n\t\t\t\t\t<div class=\"elementor-heading-title elementor-size-default\">Solu\u00e7\u00f5es Inovadoras de IA para Empresas Modernas<\/div>\t\t\t\t<\/div>\n\t\t\t\t<\/div>\n\t\t\t\t<div class=\"elementor-element elementor-element-6ef077d elementor-hidden-desktop elementor-widget elementor-widget-image\" data-id=\"6ef077d\" data-element_type=\"widget\" data-e-type=\"widget\" data-widget_type=\"image.default\">\n\t\t\t\t<div class=\"elementor-widget-container\">\n\t\t\t\t\t\t\t\t\t\t\t\t\t\t\t<img fetchpriority=\"high\" decoding=\"async\" width=\"768\" height=\"768\" src=\"https:\/\/scient.com.br\/wp-content\/uploads\/2025\/02\/ai-768x768.webp\" class=\"attachment-medium_large size-medium_large wp-image-2505\" alt=\"\" srcset=\"https:\/\/scient.com.br\/wp-content\/uploads\/2025\/02\/ai-768x768.webp 768w, https:\/\/scient.com.br\/wp-content\/uploads\/2025\/02\/ai-300x300.webp 300w, https:\/\/scient.com.br\/wp-content\/uploads\/2025\/02\/ai-150x150.webp 150w, https:\/\/scient.com.br\/wp-content\/uploads\/2025\/02\/ai-12x12.webp 12w, https:\/\/scient.com.br\/wp-content\/uploads\/2025\/02\/ai.webp 1024w\" sizes=\"(max-width: 768px) 100vw, 768px\" \/>\t\t\t\t\t\t\t\t\t\t\t\t\t\t\t<\/div>\n\t\t\t\t<\/div>\n\t\t\t\t<div class=\"elementor-element elementor-element-1debdc4 elementor-widget__width-initial elementor-widget elementor-widget-text-editor\" data-id=\"1debdc4\" data-element_type=\"widget\" data-e-type=\"widget\" data-widget_type=\"text-editor.default\">\n\t\t\t\t<div class=\"elementor-widget-container\">\n\t\t\t\t\t\t\t\t\t<p data-pm-slice=\"1 1 []\">Na Scient, estamos explorando a IA para ajudar empresas a integrar intelig\u00eancia artificial em seus produtos e servi\u00e7os. Acreditamos que a IA tem o potencial de transformar ind\u00fastrias ao aumentar a efici\u00eancia, melhorar a experi\u00eancia do cliente e possibilitar uma tomada de decis\u00e3o mais inteligente. Se voc\u00ea deseja automatizar processos rotineiros, aprimorar a an\u00e1lise de dados ou criar intera\u00e7\u00f5es inteligentes com clientes, nossa expertise pode ajud\u00e1-lo a desbloquear todo o potencial da IA.<strong>\u00a0<\/strong><\/p><p>Solu\u00e7\u00f5es de IA incluem:<\/p><ul data-spread=\"false\" data-pm-slice=\"3 3 []\"><li><p>Chatbots e Assistentes Virtuais de IA<\/p><\/li><li><p>Aplica\u00e7\u00f5es de Aprendizado de M\u00e1quina<\/p><\/li><li><p>Processamento de Linguagem Natural (PLN)<\/p><\/li><li><p>Automa\u00e7\u00e3o impulsionada por IA<\/p><\/li><\/ul><div><h3 data-pm-slice=\"1 3 []\"><strong>Ind\u00fastrias que podem se beneficiar:<\/strong><\/h3><ul data-spread=\"false\"><li><p><strong>Mercado Imobili\u00e1rio<\/strong> Chatbots de IA para busca de im\u00f3veis e atendimento a clientes.<\/p><\/li><li><p><strong>E-commerce<\/strong> Recomenda\u00e7\u00f5es de produtos baseadas em IA e suporte automatizado.<\/p><\/li><li><p><strong>Sa\u00fade<\/strong> Suporte ao paciente e diagn\u00f3sticos impulsionados por IA.<\/p><\/li><li><p><strong>Finan\u00e7as<\/strong> Detec\u00e7\u00e3o de fraudes e avalia\u00e7\u00e3o de riscos baseada em IA.<\/p><\/li><li><p><strong>Educa\u00e7\u00e3o<\/strong> Tutores personalizados de IA e recomenda\u00e7\u00f5es automatizadas de conte\u00fado.<\/p><\/li><\/ul><div><p data-pm-slice=\"1 1 []\">Vamos explorar a IA juntos! Entre em contato para discutir como a IA pode beneficiar seu neg\u00f3cio.<\/p><\/div><\/div>\t\t\t\t\t\t\t\t<\/div>\n\t\t\t\t<\/div>\n\t\t\t\t\t<\/div>\n\t\t<\/div>\n\t\t\t\t<div class=\"elementor-column elementor-col-50 elementor-top-column elementor-element elementor-element-3cf235b\" data-id=\"3cf235b\" data-element_type=\"column\" data-e-type=\"column\">\n\t\t\t<div class=\"elementor-widget-wrap elementor-element-populated\">\n\t\t\t\t\t\t<div class=\"elementor-element elementor-element-ba476bd elementor-widget elementor-widget-spacer\" data-id=\"ba476bd\" data-element_type=\"widget\" data-e-type=\"widget\" data-widget_type=\"spacer.default\">\n\t\t\t\t<div class=\"elementor-widget-container\">\n\t\t\t\t\t\t\t<div class=\"elementor-spacer\">\n\t\t\t<div class=\"elementor-spacer-inner\"><\/div>\n\t\t<\/div>\n\t\t\t\t\t\t<\/div>\n\t\t\t\t<\/div>\n\t\t\t\t<div class=\"elementor-element elementor-element-01b8ccf elementor-hidden-tablet elementor-hidden-mobile elementor-widget elementor-widget-image\" data-id=\"01b8ccf\" data-element_type=\"widget\" data-e-type=\"widget\" data-widget_type=\"image.default\">\n\t\t\t\t<div class=\"elementor-widget-container\">\n\t\t\t\t\t\t\t\t\t\t\t\t\t\t\t<img fetchpriority=\"high\" decoding=\"async\" width=\"768\" height=\"768\" src=\"https:\/\/scient.com.br\/wp-content\/uploads\/2025\/02\/ai-768x768.webp\" class=\"attachment-medium_large size-medium_large wp-image-2505\" alt=\"\" srcset=\"https:\/\/scient.com.br\/wp-content\/uploads\/2025\/02\/ai-768x768.webp 768w, https:\/\/scient.com.br\/wp-content\/uploads\/2025\/02\/ai-300x300.webp 300w, https:\/\/scient.com.br\/wp-content\/uploads\/2025\/02\/ai-150x150.webp 150w, https:\/\/scient.com.br\/wp-content\/uploads\/2025\/02\/ai-12x12.webp 12w, https:\/\/scient.com.br\/wp-content\/uploads\/2025\/02\/ai.webp 1024w\" sizes=\"(max-width: 768px) 100vw, 768px\" \/>\t\t\t\t\t\t\t\t\t\t\t\t\t\t\t<\/div>\n\t\t\t\t<\/div>\n\t\t\t\t<div class=\"elementor-element elementor-element-e411e71 elementor-widget__width-initial elementor-widget elementor-widget-text-editor\" data-id=\"e411e71\" data-element_type=\"widget\" data-e-type=\"widget\" data-widget_type=\"text-editor.default\">\n\t\t\t\t<div class=\"elementor-widget-container\">\n\t\t\t\t\t\t\t\t\t<h4><a href=\"https:\/\/scient.com.br\/pt\/getaquote\/\"><span style=\"color: #ffffff; font-weight: bold;\">\n<i class=\"fas fa-comment\"><\/i> Vamos Falar!\n<\/span><\/a><\/h4>\n<h6><a href=\"https:\/\/scient.com.br\/pt\/getaquote\/\"><span style=\"color: #ffffff;\">Pronto para transformar seu conceito em impacto de mercado? Entre em contato hoje e vamos transformar sua vis\u00e3o em realidade.<\/span><\/a><\/h6>\t\t\t\t\t\t\t\t<\/div>\n\t\t\t\t<\/div>\n\t\t\t\t\t<\/div>\n\t\t<\/div>\n\t\t\t\t\t<\/div>\n\t\t<\/section>\n\t\t<div class=\"elementor-element elementor-element-6e887a1 e-flex e-con-boxed e-con e-parent\" data-id=\"6e887a1\" data-element_type=\"container\" data-e-type=\"container\">\n\t\t\t\t\t<div class=\"e-con-inner\">\n\t\t\t\t<div class=\"elementor-element elementor-element-e5ad19f elementor-widget elementor-widget-spacer\" data-id=\"e5ad19f\" data-element_type=\"widget\" data-e-type=\"widget\" data-widget_type=\"spacer.default\">\n\t\t\t\t<div class=\"elementor-widget-container\">\n\t\t\t\t\t\t\t<div class=\"elementor-spacer\">\n\t\t\t<div class=\"elementor-spacer-inner\"><\/div>\n\t\t<\/div>\n\t\t\t\t\t\t<\/div>\n\t\t\t\t<\/div>\n\t\t\t\t\t<\/div>\n\t\t\t\t<\/div>\n\t\t<div class=\"elementor-element elementor-element-5c9ce6a e-flex e-con-boxed e-con e-parent\" data-id=\"5c9ce6a\" data-element_type=\"container\" data-e-type=\"container\">\n\t\t\t\t\t<div class=\"e-con-inner\">\n\t\t\t\t<div class=\"elementor-element elementor-element-c455478 elementor-widget elementor-widget-spacer\" data-id=\"c455478\" data-element_type=\"widget\" data-e-type=\"widget\" data-widget_type=\"spacer.default\">\n\t\t\t\t<div class=\"elementor-widget-container\">\n\t\t\t\t\t\t\t<div class=\"elementor-spacer\">\n\t\t\t<div class=\"elementor-spacer-inner\"><\/div>\n\t\t<\/div>\n\t\t\t\t\t\t<\/div>\n\t\t\t\t<\/div>\n\t\t\t\t\t<\/div>\n\t\t\t\t<\/div>\n\t\t<div class=\"elementor-element elementor-element-27dc36b e-flex e-con-boxed e-con e-parent\" data-id=\"27dc36b\" data-element_type=\"container\" data-e-type=\"container\">\n\t\t\t\t\t<div class=\"e-con-inner\">\n\t\t\t\t<div class=\"elementor-element elementor-element-5f9484f elementor-widget elementor-widget-spacer\" data-id=\"5f9484f\" data-element_type=\"widget\" data-e-type=\"widget\" data-widget_type=\"spacer.default\">\n\t\t\t\t<div class=\"elementor-widget-container\">\n\t\t\t\t\t\t\t<div class=\"elementor-spacer\">\n\t\t\t<div class=\"elementor-spacer-inner\"><\/div>\n\t\t<\/div>\n\t\t\t\t\t\t<\/div>\n\t\t\t\t<\/div>\n\t\t\t\t\t<\/div>\n\t\t\t\t<\/div>\n\t\t\t\t<\/div>","protected":false},"excerpt":{"rendered":"<p>Enquanto muitas ag\u00eancias encerram seu trabalho na fase de teste de conceitos ou viabilidade t\u00e9cnica, n\u00f3s vamos al\u00e9m. Na Scient, focamos no marco mais crucial: validar sua ideia no mercado real. Isso significa envolver-se diretamente com seu p\u00fablico-alvo, conquistar clientes e gerar resultados tang\u00edveis.<\/p>","protected":false},"author":1,"featured_media":432,"parent":0,"menu_order":0,"comment_status":"closed","ping_status":"closed","template":"","meta":{"footnotes":""},"class_list":["post-2496","page","type-page","status-publish","has-post-thumbnail","hentry"],"yoast_head":"<!-- This site is optimized with the Yoast SEO Premium plugin v24.9 (Yoast SEO v24.9) - https:\/\/yoast.com\/wordpress\/plugins\/seo\/ -->\n<title>AI solutions - Scient<\/title>\n<meta name=\"description\" content=\"Innovative AI Solutions. At Scient, we are exploring AI to help businesses integrate artificial intelligence into their products and services. Talk to us and discover the possibilities.\" \/>\n<meta name=\"robots\" content=\"index, follow, max-snippet:-1, max-image-preview:large, max-video-preview:-1\" \/>\n<link rel=\"canonical\" href=\"https:\/\/www.scient.com.br\/ai-solutions\/\" \/>\n<meta property=\"og:locale\" content=\"pt_BR\" \/>\n<meta property=\"og:type\" content=\"article\" \/>\n<meta property=\"og:title\" content=\"AI solutions\" \/>\n<meta property=\"og:description\" content=\"Innovative AI Solutions. At Scient, we are exploring AI to help businesses integrate artificial intelligence into their products and services. Talk to us and discover the possibilities.\" \/>\n<meta property=\"og:url\" content=\"https:\/\/www.scient.com.br\/ai-solutions\/\" \/>\n<meta property=\"og:site_name\" content=\"Scient\" \/>\n<meta property=\"article:modified_time\" content=\"2025-03-18T13:05:46+00:00\" \/>\n<meta property=\"og:image\" content=\"https:\/\/www.scient.com.br\/wp-content\/uploads\/2025\/02\/ai.webp\" \/>\n\t<meta property=\"og:image:width\" content=\"1024\" \/>\n\t<meta property=\"og:image:height\" content=\"1024\" \/>\n\t<meta property=\"og:image:type\" content=\"image\/webp\" \/>\n<meta name=\"twitter:card\" content=\"summary_large_image\" \/>\n<meta name=\"twitter:description\" content=\"Innovative AI Solutions. At Scient, we are exploring AI to help businesses integrate artificial intelligence into their products and services. Talk to us and discover the possibilities\" \/>\n<meta name=\"twitter:image\" content=\"https:\/\/scient.com.br\/wp-content\/uploads\/2025\/02\/ai.webp\" \/>\n<meta name=\"twitter:label1\" content=\"Est. tempo de leitura\" \/>\n\t<meta name=\"twitter:data1\" content=\"2 minutos\" \/>\n<script type=\"application\/ld+json\" class=\"yoast-schema-graph\">{\"@context\":\"https:\/\/schema.org\",\"@graph\":[{\"@type\":\"WebPage\",\"@id\":\"https:\/\/www.scient.com.br\/ai-solutions\/\",\"url\":\"https:\/\/www.scient.com.br\/ai-solutions\/\",\"name\":\"AI solutions - Scient\",\"isPartOf\":{\"@id\":\"https:\/\/scient.com.br\/#website\"},\"primaryImageOfPage\":{\"@id\":\"https:\/\/www.scient.com.br\/ai-solutions\/#primaryimage\"},\"image\":{\"@id\":\"https:\/\/www.scient.com.br\/ai-solutions\/#primaryimage\"},\"thumbnailUrl\":\"https:\/\/scient.com.br\/wp-content\/uploads\/2024\/10\/ads.png\",\"datePublished\":\"2025-02-17T20:10:11+00:00\",\"dateModified\":\"2025-03-18T13:05:46+00:00\",\"description\":\"Innovative AI Solutions. At Scient, we are exploring AI to help businesses integrate artificial intelligence into their products and services. Talk to us and discover the possibilities.\",\"breadcrumb\":{\"@id\":\"https:\/\/www.scient.com.br\/ai-solutions\/#breadcrumb\"},\"inLanguage\":\"pt-BR\",\"potentialAction\":[{\"@type\":\"ReadAction\",\"target\":[\"https:\/\/www.scient.com.br\/ai-solutions\/\"]}]},{\"@type\":\"ImageObject\",\"inLanguage\":\"pt-BR\",\"@id\":\"https:\/\/www.scient.com.br\/ai-solutions\/#primaryimage\",\"url\":\"https:\/\/scient.com.br\/wp-content\/uploads\/2024\/10\/ads.png\",\"contentUrl\":\"https:\/\/scient.com.br\/wp-content\/uploads\/2024\/10\/ads.png\",\"width\":1200,\"height\":628,\"caption\":\"flow\"},{\"@type\":\"BreadcrumbList\",\"@id\":\"https:\/\/www.scient.com.br\/ai-solutions\/#breadcrumb\",\"itemListElement\":[{\"@type\":\"ListItem\",\"position\":1,\"name\":\"Home\",\"item\":\"https:\/\/scient.com.br\/\"},{\"@type\":\"ListItem\",\"position\":2,\"name\":\"AI solutions\"}]},{\"@type\":\"WebSite\",\"@id\":\"https:\/\/scient.com.br\/#website\",\"url\":\"https:\/\/scient.com.br\/\",\"name\":\"Scient\",\"description\":\"From Strategy to Execution\",\"publisher\":{\"@id\":\"https:\/\/scient.com.br\/#organization\"},\"potentialAction\":[{\"@type\":\"SearchAction\",\"target\":{\"@type\":\"EntryPoint\",\"urlTemplate\":\"https:\/\/scient.com.br\/?s={search_term_string}\"},\"query-input\":{\"@type\":\"PropertyValueSpecification\",\"valueRequired\":true,\"valueName\":\"search_term_string\"}}],\"inLanguage\":\"pt-BR\"},{\"@type\":\"Organization\",\"@id\":\"https:\/\/scient.com.br\/#organization\",\"name\":\"Scient\",\"url\":\"https:\/\/scient.com.br\/\",\"logo\":{\"@type\":\"ImageObject\",\"inLanguage\":\"pt-BR\",\"@id\":\"https:\/\/scient.com.br\/#\/schema\/logo\/image\/\",\"url\":\"https:\/\/scient.com.br\/wp-content\/uploads\/2025\/02\/Scientg.png\",\"contentUrl\":\"https:\/\/scient.com.br\/wp-content\/uploads\/2025\/02\/Scientg.png\",\"width\":747,\"height\":189,\"caption\":\"Scient\"},\"image\":{\"@id\":\"https:\/\/scient.com.br\/#\/schema\/logo\/image\/\"}}]}<\/script>\n<!-- \/ Yoast SEO Premium plugin. -->","yoast_head_json":{"title":"Solu\u00e7\u00f5es de IA - Scient","description":"Solu\u00e7\u00f5es Inovadoras de IA. Na Scient, estamos explorando a IA para ajudar empresas a integrar intelig\u00eancia artificial em seus produtos e servi\u00e7os. Fale conosco e descubra as possibilidades.","robots":{"index":"index","follow":"follow","max-snippet":"max-snippet:-1","max-image-preview":"max-image-preview:large","max-video-preview":"max-video-preview:-1"},"canonical":"https:\/\/www.scient.com.br\/ai-solutions\/","og_locale":"pt_BR","og_type":"article","og_title":"AI solutions","og_description":"Innovative AI Solutions. At Scient, we are exploring AI to help businesses integrate artificial intelligence into their products and services. Talk to us and discover the possibilities.","og_url":"https:\/\/www.scient.com.br\/ai-solutions\/","og_site_name":"Scient","article_modified_time":"2025-03-18T13:05:46+00:00","og_image":[{"width":1024,"height":1024,"url":"https:\/\/www.scient.com.br\/wp-content\/uploads\/2025\/02\/ai.webp","type":"image\/webp"}],"twitter_card":"summary_large_image","twitter_description":"Innovative AI Solutions. At Scient, we are exploring AI to help businesses integrate artificial intelligence into their products and services. Talk to us and discover the possibilities","twitter_image":"https:\/\/scient.com.br\/wp-content\/uploads\/2025\/02\/ai.webp","twitter_misc":{"Est. tempo de leitura":"2 minutos"},"schema":{"@context":"https:\/\/schema.org","@graph":[{"@type":"WebPage","@id":"https:\/\/www.scient.com.br\/ai-solutions\/","url":"https:\/\/www.scient.com.br\/ai-solutions\/","name":"Solu\u00e7\u00f5es de IA - Scient","isPartOf":{"@id":"https:\/\/scient.com.br\/#website"},"primaryImageOfPage":{"@id":"https:\/\/www.scient.com.br\/ai-solutions\/#primaryimage"},"image":{"@id":"https:\/\/www.scient.com.br\/ai-solutions\/#primaryimage"},"thumbnailUrl":"https:\/\/scient.com.br\/wp-content\/uploads\/2024\/10\/ads.png","datePublished":"2025-02-17T20:10:11+00:00","dateModified":"2025-03-18T13:05:46+00:00","description":"Solu\u00e7\u00f5es Inovadoras de IA. Na Scient, estamos explorando a IA para ajudar empresas a integrar intelig\u00eancia artificial em seus produtos e servi\u00e7os. Fale conosco e descubra as possibilidades.","breadcrumb":{"@id":"https:\/\/www.scient.com.br\/ai-solutions\/#breadcrumb"},"inLanguage":"pt-BR","potentialAction":[{"@type":"ReadAction","target":["https:\/\/www.scient.com.br\/ai-solutions\/"]}]},{"@type":"ImageObject","inLanguage":"pt-BR","@id":"https:\/\/www.scient.com.br\/ai-solutions\/#primaryimage","url":"https:\/\/scient.com.br\/wp-content\/uploads\/2024\/10\/ads.png","contentUrl":"https:\/\/scient.com.br\/wp-content\/uploads\/2024\/10\/ads.png","width":1200,"height":628,"caption":"flow"},{"@type":"BreadcrumbList","@id":"https:\/\/www.scient.com.br\/ai-solutions\/#breadcrumb","itemListElement":[{"@type":"ListItem","position":1,"name":"Home","item":"https:\/\/scient.com.br\/"},{"@type":"ListItem","position":2,"name":"AI solutions"}]},{"@type":"WebSite","@id":"https:\/\/scient.com.br\/#website","url":"https:\/\/scient.com.br\/","name":"Scient","description":"Da Estrat\u00e9gia \u00e0 Execu\u00e7\u00e3o","publisher":{"@id":"https:\/\/scient.com.br\/#organization"},"potentialAction":[{"@type":"SearchAction","target":{"@type":"EntryPoint","urlTemplate":"https:\/\/scient.com.br\/?s={search_term_string}"},"query-input":{"@type":"PropertyValueSpecification","valueRequired":true,"valueName":"search_term_string"}}],"inLanguage":"pt-BR"},{"@type":"Organization","@id":"https:\/\/scient.com.br\/#organization","name":"Scient","url":"https:\/\/scient.com.br\/","logo":{"@type":"ImageObject","inLanguage":"pt-BR","@id":"https:\/\/scient.com.br\/#\/schema\/logo\/image\/","url":"https:\/\/scient.com.br\/wp-content\/uploads\/2025\/02\/Scientg.png","contentUrl":"https:\/\/scient.com.br\/wp-content\/uploads\/2025\/02\/Scientg.png","width":747,"height":189,"caption":"Scient"},"image":{"@id":"https:\/\/scient.com.br\/#\/schema\/logo\/image\/"}}]}},"_links":{"self":[{"href":"https:\/\/scient.com.br\/pt\/wp-json\/wp\/v2\/pages\/2496","targetHints":{"allow":["GET"]}}],"collection":[{"href":"https:\/\/scient.com.br\/pt\/wp-json\/wp\/v2\/pages"}],"about":[{"href":"https:\/\/scient.com.br\/pt\/wp-json\/wp\/v2\/types\/page"}],"author":[{"embeddable":true,"href":"https:\/\/scient.com.br\/pt\/wp-json\/wp\/v2\/users\/1"}],"replies":[{"embeddable":true,"href":"https:\/\/scient.com.br\/pt\/wp-json\/wp\/v2\/comments?post=2496"}],"version-history":[{"count":19,"href":"https:\/\/scient.com.br\/pt\/wp-json\/wp\/v2\/pages\/2496\/revisions"}],"predecessor-version":[{"id":2537,"href":"https:\/\/scient.com.br\/pt\/wp-json\/wp\/v2\/pages\/2496\/revisions\/2537"}],"wp:featuredmedia":[{"embeddable":true,"href":"https:\/\/scient.com.br\/pt\/wp-json\/wp\/v2\/media\/432"}],"wp:attachment":[{"href":"https:\/\/scient.com.br\/pt\/wp-json\/wp\/v2\/media?parent=2496"}],"curies":[{"name":"wp","href":"https:\/\/api.w.org\/{rel}","templated":true}]}}