{"id":2701,"date":"2026-03-11T14:17:56","date_gmt":"2026-03-11T14:17:56","guid":{"rendered":"https:\/\/scient.com.br\/?page_id=2701"},"modified":"2026-04-07T15:29:43","modified_gmt":"2026-04-07T15:29:43","slug":"strategy-to-execution","status":"publish","type":"page","link":"https:\/\/scient.com.br\/pt\/strategy-to-execution\/","title":{"rendered":"Da Estrat\u00e9gia \u00e0 Execu\u00e7\u00e3o"},"content":{"rendered":"<div data-elementor-type=\"wp-page\" data-elementor-id=\"2701\" class=\"elementor elementor-2701\" data-elementor-post-type=\"page\">\n\t\t\t\t<div class=\"elementor-element elementor-element-1acfecc e-flex e-con-boxed e-con e-parent\" data-id=\"1acfecc\" data-element_type=\"container\" data-e-type=\"container\" data-settings=\"{&quot;background_background&quot;:&quot;classic&quot;}\">\n\t\t\t\t\t<div class=\"e-con-inner\">\n\t\t<div class=\"elementor-element elementor-element-4070b1b e-con-full e-flex e-con e-child\" data-id=\"4070b1b\" data-element_type=\"container\" data-e-type=\"container\" data-settings=\"{&quot;background_background&quot;:&quot;classic&quot;}\">\n\t\t\t\t<div class=\"elementor-element elementor-element-f7e4a15 elementor-widget elementor-widget-heading\" data-id=\"f7e4a15\" data-element_type=\"widget\" data-e-type=\"widget\" data-widget_type=\"heading.default\">\n\t\t\t\t<div class=\"elementor-widget-container\">\n\t\t\t\t\t<h2 class=\"elementor-heading-title elementor-size-default\">Da Estrat\u00e9gia \u00e0 Execu\u00e7\u00e3o<\/h2>\t\t\t\t<\/div>\n\t\t\t\t<\/div>\n\t\t\t\t<div class=\"elementor-element elementor-element-fab9e89 elementor-widget__width-initial elementor-widget elementor-widget-heading\" data-id=\"fab9e89\" data-element_type=\"widget\" data-e-type=\"widget\" data-widget_type=\"heading.default\">\n\t\t\t\t<div class=\"elementor-widget-container\">\n\t\t\t\t\t<span class=\"elementor-heading-title elementor-size-default\">Transforme a estrat\u00e9gia em iniciativas claras, decis\u00f5es alinhadas e pr\u00f3ximos passos execut\u00e1veis.<\/span>\t\t\t\t<\/div>\n\t\t\t\t<\/div>\n\t\t\t\t<div class=\"elementor-element elementor-element-41a6949 elementor-widget elementor-widget-spacer\" data-id=\"41a6949\" data-element_type=\"widget\" data-e-type=\"widget\" data-widget_type=\"spacer.default\">\n\t\t\t\t<div class=\"elementor-widget-container\">\n\t\t\t\t\t\t\t<div class=\"elementor-spacer\">\n\t\t\t<div class=\"elementor-spacer-inner\"><\/div>\n\t\t<\/div>\n\t\t\t\t\t\t<\/div>\n\t\t\t\t<\/div>\n\t\t\t\t<\/div>\n\t\t\t\t\t<\/div>\n\t\t\t\t<\/div>\n\t\t<div class=\"elementor-element elementor-element-657fc7a e-flex e-con-boxed e-con e-parent\" data-id=\"657fc7a\" data-element_type=\"container\" data-e-type=\"container\">\n\t\t\t\t\t<div class=\"e-con-inner\">\n\t\t<div class=\"elementor-element elementor-element-6b1c80e e-con-full e-flex e-con e-child\" data-id=\"6b1c80e\" data-element_type=\"container\" data-e-type=\"container\">\n\t\t\t\t<div class=\"elementor-element elementor-element-40620da elementor-widget elementor-widget-text-editor\" data-id=\"40620da\" data-element_type=\"widget\" data-e-type=\"widget\" data-widget_type=\"text-editor.default\">\n\t\t\t\t<div class=\"elementor-widget-container\">\n\t\t\t\t\t\t\t\t\t<p>Muitas organiza\u00e7\u00f5es sabem que precisam evoluir, melhorar ou inovar \u2014 mas t\u00eam dificuldade para converter inten\u00e7\u00e3o estrat\u00e9gica em a\u00e7\u00e3o concreta. As prioridades permanecem amplas demais, os times n\u00e3o est\u00e3o totalmente alinhados e a execu\u00e7\u00e3o muitas vezes come\u00e7a sem clareza suficiente.<\/p><p>A Scient ajuda a fechar essa lacuna. Trabalhamos com lideran\u00e7as e times operacionais para compreender a realidade atual, enquadrar as oportunidades certas, definir o que realmente importa e estruturar pr\u00f3ximos passos pr\u00e1ticos que permitam avan\u00e7ar com mais confian\u00e7a e disciplina.<\/p><p>Isso pode envolver entender onde existe fric\u00e7\u00e3o na opera\u00e7\u00e3o atual, identificar as oportunidades mais relevantes, definir quais iniciativas merecem foco ou estruturar o caminho da ambi\u00e7\u00e3o at\u00e9 a execu\u00e7\u00e3o.<\/p><p>O objetivo n\u00e3o \u00e9 apenas pensar estrategicamente, mas tornar a estrat\u00e9gia acion\u00e1vel.<\/p>\t\t\t\t\t\t\t\t<\/div>\n\t\t\t\t<\/div>\n\t\t\t\t<div class=\"elementor-element elementor-element-e4e4b88 elementor-widget elementor-widget-heading\" data-id=\"e4e4b88\" data-element_type=\"widget\" data-e-type=\"widget\" data-widget_type=\"heading.default\">\n\t\t\t\t<div class=\"elementor-widget-container\">\n\t\t\t\t\t<h2 class=\"elementor-heading-title elementor-size-default\">Como a Scient trabalha<\/h2>\t\t\t\t<\/div>\n\t\t\t\t<\/div>\n\t\t\t\t<div class=\"elementor-element elementor-element-510f4dc elementor-widget elementor-widget-text-editor\" data-id=\"510f4dc\" data-element_type=\"widget\" data-e-type=\"widget\" data-widget_type=\"text-editor.default\">\n\t\t\t\t<div class=\"elementor-widget-container\">\n\t\t\t\t\t\t\t\t\t<p>Combinamos entendimento de neg\u00f3cio com estrutura\u00e7\u00e3o pr\u00e1tica. Em vez de produzir recomenda\u00e7\u00f5es abstratas, focamos em ajudar os clientes a definir o que deve acontecer em seguida, por que isso importa e como isso pode avan\u00e7ar para a execu\u00e7\u00e3o.<\/p><p>Dependendo do caso, esse trabalho pode evoluir para desenho de pilotos, melhorias no modelo operacional, desenho de novas iniciativas ou constru\u00e7\u00e3o de produtos e servi\u00e7os.<\/p>\t\t\t\t\t\t\t\t<\/div>\n\t\t\t\t<\/div>\n\t\t\t\t<div class=\"elementor-element elementor-element-4c0d7c0 elementor-widget elementor-widget-heading\" data-id=\"4c0d7c0\" data-element_type=\"widget\" data-e-type=\"widget\" data-widget_type=\"heading.default\">\n\t\t\t\t<div class=\"elementor-widget-container\">\n\t\t\t\t\t<h3 class=\"elementor-heading-title elementor-size-default\"><a href=\"https:\/\/scient.com.br\/pt\/scient-methodology\/\">Explore nossa metodologia<\/a><\/h3>\t\t\t\t<\/div>\n\t\t\t\t<\/div>\n\t\t\t\t<\/div>\n\t\t<div class=\"elementor-element elementor-element-84f10b1 e-con-full e-flex e-con e-child\" data-id=\"84f10b1\" data-element_type=\"container\" data-e-type=\"container\">\n\t\t\t\t<div class=\"elementor-element elementor-element-7afe74c elementor-widget elementor-widget-heading\" data-id=\"7afe74c\" data-element_type=\"widget\" data-e-type=\"widget\" data-widget_type=\"heading.default\">\n\t\t\t\t<div class=\"elementor-widget-container\">\n\t\t\t\t\t<h2 class=\"elementor-heading-title elementor-size-default\">O que ajudamos os clientes a fazer<\/h2>\t\t\t\t<\/div>\n\t\t\t\t<\/div>\n\t\t\t\t<div class=\"elementor-element elementor-element-aaecd9c elementor-widget elementor-widget-text-editor\" data-id=\"aaecd9c\" data-element_type=\"widget\" data-e-type=\"widget\" data-widget_type=\"text-editor.default\">\n\t\t\t\t<div class=\"elementor-widget-container\">\n\t\t\t\t\t\t\t\t\t<ul><li data-section-id=\"1fm8kvg\" data-start=\"2029\" data-end=\"2088\"><p data-start=\"2031\" data-end=\"2088\">Esclarecer prioridades estrat\u00e9gicas e oportunidades de neg\u00f3cio<\/p><\/li><li data-section-id=\"1j6ubm9\" data-start=\"2089\" data-end=\"2146\"><p data-start=\"2091\" data-end=\"2146\">Mapear fluxos de trabalho, dores, gargalos e handoffs<\/p><\/li><li data-section-id=\"1x5x0bl\" data-start=\"2147\" data-end=\"2213\"><p data-start=\"2149\" data-end=\"2213\">Identificar iniciativas vi\u00e1veis, relevantes e execut\u00e1veis<\/p><\/li><li data-section-id=\"58b013\" data-start=\"2214\" data-end=\"2282\"><p data-start=\"2216\" data-end=\"2282\">Priorizar oportunidades com base em valor de neg\u00f3cio e viabilidade<\/p><\/li><li data-section-id=\"b6i6ak\" data-start=\"2283\" data-end=\"2336\"><p data-start=\"2285\" data-end=\"2336\">Definir pr\u00f3ximos passos pr\u00e1ticos, escopo e direcionamento<\/p><\/li><li data-section-id=\"6l193n\" data-start=\"2337\" data-end=\"2405\"><p data-start=\"2339\" data-end=\"2405\">Criar maior alinhamento entre lideran\u00e7a e times de execu\u00e7\u00e3o<\/p><\/li><\/ul>\t\t\t\t\t\t\t\t<\/div>\n\t\t\t\t<\/div>\n\t\t\t\t<div class=\"elementor-element elementor-element-9e90033 elementor-widget elementor-widget-image\" data-id=\"9e90033\" data-element_type=\"widget\" data-e-type=\"widget\" data-widget_type=\"image.default\">\n\t\t\t\t<div class=\"elementor-widget-container\">\n\t\t\t\t\t\t\t\t\t\t\t\t\t\t\t<img fetchpriority=\"high\" decoding=\"async\" width=\"800\" height=\"364\" src=\"https:\/\/scient.com.br\/wp-content\/uploads\/2024\/10\/strategy-1024x466.png\" class=\"attachment-large size-large wp-image-263\" alt=\"strategy\" srcset=\"https:\/\/scient.com.br\/wp-content\/uploads\/2024\/10\/strategy-1024x466.png 1024w, https:\/\/scient.com.br\/wp-content\/uploads\/2024\/10\/strategy-300x136.png 300w, https:\/\/scient.com.br\/wp-content\/uploads\/2024\/10\/strategy-768x349.png 768w, https:\/\/scient.com.br\/wp-content\/uploads\/2024\/10\/strategy-1536x698.png 1536w, https:\/\/scient.com.br\/wp-content\/uploads\/2024\/10\/strategy-2048x931.png 2048w\" sizes=\"(max-width: 800px) 100vw, 800px\" \/>\t\t\t\t\t\t\t\t\t\t\t\t\t\t\t<\/div>\n\t\t\t\t<\/div>\n\t\t\t\t<div class=\"elementor-element elementor-element-c831873 elementor-widget__width-initial elementor-widget elementor-widget-text-editor\" data-id=\"c831873\" data-element_type=\"widget\" data-e-type=\"widget\" data-widget_type=\"text-editor.default\">\n\t\t\t\t<div class=\"elementor-widget-container\">\n\t\t\t\t\t\t\t\t\t<div class=\"scient-talk-box\">\n  <h4><a href=\"https:\/\/scient.com.br\/pt\/getaquote\/\">\n    <span style=\"color: #ffffff; font-weight: bold;\">\n      <i class=\"fas fa-comment\"><\/i> Vamos Falar!\n    <\/span>\n  <\/a><\/h4>\n  <h6><a href=\"https:\/\/scient.com.br\/pt\/getaquote\/\">\n    <span style=\"color: #ffffff;\">\n      Pronto para transformar seu conceito em impacto de mercado? Entre em contato hoje e vamos transformar sua vis\u00e3o em realidade.\n    <\/span>\n  <\/a><\/h6>\n<\/div>\t\t\t\t\t\t\t\t<\/div>\n\t\t\t\t<\/div>\n\t\t\t\t<\/div>\n\t\t\t\t\t<\/div>\n\t\t\t\t<\/div>\n\t\t<div class=\"elementor-element elementor-element-ec5fa3a e-flex e-con-boxed e-con e-parent\" data-id=\"ec5fa3a\" data-element_type=\"container\" data-e-type=\"container\">\n\t\t\t\t\t<div class=\"e-con-inner\">\n\t\t\t\t<div class=\"elementor-element elementor-element-a9714fc elementor-widget elementor-widget-spacer\" data-id=\"a9714fc\" data-element_type=\"widget\" data-e-type=\"widget\" data-widget_type=\"spacer.default\">\n\t\t\t\t<div class=\"elementor-widget-container\">\n\t\t\t\t\t\t\t<div class=\"elementor-spacer\">\n\t\t\t<div class=\"elementor-spacer-inner\"><\/div>\n\t\t<\/div>\n\t\t\t\t\t\t<\/div>\n\t\t\t\t<\/div>\n\t\t\t\t\t<\/div>\n\t\t\t\t<\/div>\n\t\t<div class=\"elementor-element elementor-element-a0ece4b e-flex e-con-boxed e-con e-parent\" data-id=\"a0ece4b\" data-element_type=\"container\" data-e-type=\"container\">\n\t\t\t\t\t<div class=\"e-con-inner\">\n\t\t\t\t\t<\/div>\n\t\t\t\t<\/div>\n\t\t\t\t<\/div>","protected":false},"excerpt":{"rendered":"<p>Transforme a estrat\u00e9gia em iniciativas claras, decis\u00f5es alinhadas e pr\u00f3ximos passos execut\u00e1veis.<\/p>","protected":false},"author":1,"featured_media":0,"parent":0,"menu_order":0,"comment_status":"closed","ping_status":"closed","template":"","meta":{"footnotes":""},"class_list":["post-2701","page","type-page","status-publish","hentry"],"yoast_head":"<!-- This site is optimized with the Yoast SEO Premium plugin v24.9 (Yoast SEO v24.9) - https:\/\/yoast.com\/wordpress\/plugins\/seo\/ -->\n<title>Strategy to Execution - Scient<\/title>\n<meta name=\"description\" content=\"Turn strategy into clear initiatives, aligned decisions, and executable next steps.\" \/>\n<meta name=\"robots\" content=\"index, follow, max-snippet:-1, max-image-preview:large, max-video-preview:-1\" \/>\n<link rel=\"canonical\" href=\"https:\/\/scient.com.br\/pt\/strategy-to-execution\/\" \/>\n<meta property=\"og:locale\" content=\"pt_BR\" \/>\n<meta property=\"og:type\" content=\"article\" \/>\n<meta property=\"og:title\" content=\"Strategy to Execution\" \/>\n<meta property=\"og:description\" content=\"Turn strategy into clear initiatives, aligned decisions, and executable next steps.\" \/>\n<meta property=\"og:url\" content=\"https:\/\/scient.com.br\/pt\/strategy-to-execution\/\" \/>\n<meta property=\"og:site_name\" content=\"Scient\" \/>\n<meta property=\"article:modified_time\" content=\"2026-04-07T15:29:43+00:00\" \/>\n<meta property=\"og:image\" content=\"https:\/\/scient.com.br\/wp-content\/uploads\/2024\/10\/strategy.png\" \/>\n\t<meta property=\"og:image:width\" content=\"5058\" \/>\n\t<meta property=\"og:image:height\" content=\"2300\" \/>\n\t<meta property=\"og:image:type\" content=\"image\/png\" \/>\n<meta name=\"twitter:card\" content=\"summary_large_image\" \/>\n<meta name=\"twitter:description\" content=\"Turn strategy into clear initiatives, aligned decisions, and executable next steps.\" \/>\n<meta name=\"twitter:label1\" content=\"Est. tempo de leitura\" \/>\n\t<meta name=\"twitter:data1\" content=\"2 minutos\" \/>\n<script type=\"application\/ld+json\" class=\"yoast-schema-graph\">{\"@context\":\"https:\/\/schema.org\",\"@graph\":[{\"@type\":\"WebPage\",\"@id\":\"https:\/\/scient.com.br\/strategy-to-execution\/\",\"url\":\"https:\/\/scient.com.br\/strategy-to-execution\/\",\"name\":\"Strategy to Execution - Scient\",\"isPartOf\":{\"@id\":\"https:\/\/scient.com.br\/#website\"},\"primaryImageOfPage\":{\"@id\":\"https:\/\/scient.com.br\/strategy-to-execution\/#primaryimage\"},\"image\":{\"@id\":\"https:\/\/scient.com.br\/strategy-to-execution\/#primaryimage\"},\"thumbnailUrl\":\"https:\/\/scient.com.br\/wp-content\/uploads\/2024\/10\/strategy-1024x466.png\",\"datePublished\":\"2026-03-11T14:17:56+00:00\",\"dateModified\":\"2026-04-07T15:29:43+00:00\",\"description\":\"Turn strategy into clear initiatives, aligned decisions, and executable next steps.\",\"breadcrumb\":{\"@id\":\"https:\/\/scient.com.br\/strategy-to-execution\/#breadcrumb\"},\"inLanguage\":\"pt-BR\",\"potentialAction\":[{\"@type\":\"ReadAction\",\"target\":[\"https:\/\/scient.com.br\/strategy-to-execution\/\"]}]},{\"@type\":\"ImageObject\",\"inLanguage\":\"pt-BR\",\"@id\":\"https:\/\/scient.com.br\/strategy-to-execution\/#primaryimage\",\"url\":\"https:\/\/scient.com.br\/wp-content\/uploads\/2024\/10\/strategy-1024x466.png\",\"contentUrl\":\"https:\/\/scient.com.br\/wp-content\/uploads\/2024\/10\/strategy-1024x466.png\"},{\"@type\":\"BreadcrumbList\",\"@id\":\"https:\/\/scient.com.br\/strategy-to-execution\/#breadcrumb\",\"itemListElement\":[{\"@type\":\"ListItem\",\"position\":1,\"name\":\"Home\",\"item\":\"https:\/\/scient.com.br\/\"},{\"@type\":\"ListItem\",\"position\":2,\"name\":\"Strategy to Execution\"}]},{\"@type\":\"WebSite\",\"@id\":\"https:\/\/scient.com.br\/#website\",\"url\":\"https:\/\/scient.com.br\/\",\"name\":\"Scient\",\"description\":\"From Strategy to Execution\",\"publisher\":{\"@id\":\"https:\/\/scient.com.br\/#organization\"},\"potentialAction\":[{\"@type\":\"SearchAction\",\"target\":{\"@type\":\"EntryPoint\",\"urlTemplate\":\"https:\/\/scient.com.br\/?s={search_term_string}\"},\"query-input\":{\"@type\":\"PropertyValueSpecification\",\"valueRequired\":true,\"valueName\":\"search_term_string\"}}],\"inLanguage\":\"pt-BR\"},{\"@type\":\"Organization\",\"@id\":\"https:\/\/scient.com.br\/#organization\",\"name\":\"Scient\",\"url\":\"https:\/\/scient.com.br\/\",\"logo\":{\"@type\":\"ImageObject\",\"inLanguage\":\"pt-BR\",\"@id\":\"https:\/\/scient.com.br\/#\/schema\/logo\/image\/\",\"url\":\"https:\/\/scient.com.br\/wp-content\/uploads\/2025\/02\/Scientg.png\",\"contentUrl\":\"https:\/\/scient.com.br\/wp-content\/uploads\/2025\/02\/Scientg.png\",\"width\":747,\"height\":189,\"caption\":\"Scient\"},\"image\":{\"@id\":\"https:\/\/scient.com.br\/#\/schema\/logo\/image\/\"}}]}<\/script>\n<!-- \/ Yoast SEO Premium plugin. -->","yoast_head_json":{"title":"Strategy to Execution - Scient","description":"Transforme a estrat\u00e9gia em iniciativas claras, decis\u00f5es alinhadas e pr\u00f3ximos passos execut\u00e1veis.","robots":{"index":"index","follow":"follow","max-snippet":"max-snippet:-1","max-image-preview":"max-image-preview:large","max-video-preview":"max-video-preview:-1"},"canonical":"https:\/\/scient.com.br\/pt\/strategy-to-execution\/","og_locale":"pt_BR","og_type":"article","og_title":"Strategy to Execution","og_description":"Turn strategy into clear initiatives, aligned decisions, and executable next steps.","og_url":"https:\/\/scient.com.br\/pt\/strategy-to-execution\/","og_site_name":"Scient","article_modified_time":"2026-04-07T15:29:43+00:00","og_image":[{"width":5058,"height":2300,"url":"https:\/\/scient.com.br\/wp-content\/uploads\/2024\/10\/strategy.png","type":"image\/png"}],"twitter_card":"summary_large_image","twitter_description":"Turn strategy into clear initiatives, aligned decisions, and executable next steps.","twitter_misc":{"Est. tempo de leitura":"2 minutos"},"schema":{"@context":"https:\/\/schema.org","@graph":[{"@type":"WebPage","@id":"https:\/\/scient.com.br\/strategy-to-execution\/","url":"https:\/\/scient.com.br\/strategy-to-execution\/","name":"Strategy to Execution - Scient","isPartOf":{"@id":"https:\/\/scient.com.br\/#website"},"primaryImageOfPage":{"@id":"https:\/\/scient.com.br\/strategy-to-execution\/#primaryimage"},"image":{"@id":"https:\/\/scient.com.br\/strategy-to-execution\/#primaryimage"},"thumbnailUrl":"https:\/\/scient.com.br\/wp-content\/uploads\/2024\/10\/strategy-1024x466.png","datePublished":"2026-03-11T14:17:56+00:00","dateModified":"2026-04-07T15:29:43+00:00","description":"Transforme a estrat\u00e9gia em iniciativas claras, decis\u00f5es alinhadas e pr\u00f3ximos passos execut\u00e1veis.","breadcrumb":{"@id":"https:\/\/scient.com.br\/strategy-to-execution\/#breadcrumb"},"inLanguage":"pt-BR","potentialAction":[{"@type":"ReadAction","target":["https:\/\/scient.com.br\/strategy-to-execution\/"]}]},{"@type":"ImageObject","inLanguage":"pt-BR","@id":"https:\/\/scient.com.br\/strategy-to-execution\/#primaryimage","url":"https:\/\/scient.com.br\/wp-content\/uploads\/2024\/10\/strategy-1024x466.png","contentUrl":"https:\/\/scient.com.br\/wp-content\/uploads\/2024\/10\/strategy-1024x466.png"},{"@type":"BreadcrumbList","@id":"https:\/\/scient.com.br\/strategy-to-execution\/#breadcrumb","itemListElement":[{"@type":"ListItem","position":1,"name":"Home","item":"https:\/\/scient.com.br\/"},{"@type":"ListItem","position":2,"name":"Strategy to Execution"}]},{"@type":"WebSite","@id":"https:\/\/scient.com.br\/#website","url":"https:\/\/scient.com.br\/","name":"Scient","description":"Da Estrat\u00e9gia \u00e0 Execu\u00e7\u00e3o","publisher":{"@id":"https:\/\/scient.com.br\/#organization"},"potentialAction":[{"@type":"SearchAction","target":{"@type":"EntryPoint","urlTemplate":"https:\/\/scient.com.br\/?s={search_term_string}"},"query-input":{"@type":"PropertyValueSpecification","valueRequired":true,"valueName":"search_term_string"}}],"inLanguage":"pt-BR"},{"@type":"Organization","@id":"https:\/\/scient.com.br\/#organization","name":"Scient","url":"https:\/\/scient.com.br\/","logo":{"@type":"ImageObject","inLanguage":"pt-BR","@id":"https:\/\/scient.com.br\/#\/schema\/logo\/image\/","url":"https:\/\/scient.com.br\/wp-content\/uploads\/2025\/02\/Scientg.png","contentUrl":"https:\/\/scient.com.br\/wp-content\/uploads\/2025\/02\/Scientg.png","width":747,"height":189,"caption":"Scient"},"image":{"@id":"https:\/\/scient.com.br\/#\/schema\/logo\/image\/"}}]}},"_links":{"self":[{"href":"https:\/\/scient.com.br\/pt\/wp-json\/wp\/v2\/pages\/2701","targetHints":{"allow":["GET"]}}],"collection":[{"href":"https:\/\/scient.com.br\/pt\/wp-json\/wp\/v2\/pages"}],"about":[{"href":"https:\/\/scient.com.br\/pt\/wp-json\/wp\/v2\/types\/page"}],"author":[{"embeddable":true,"href":"https:\/\/scient.com.br\/pt\/wp-json\/wp\/v2\/users\/1"}],"replies":[{"embeddable":true,"href":"https:\/\/scient.com.br\/pt\/wp-json\/wp\/v2\/comments?post=2701"}],"version-history":[{"count":76,"href":"https:\/\/scient.com.br\/pt\/wp-json\/wp\/v2\/pages\/2701\/revisions"}],"predecessor-version":[{"id":4914,"href":"https:\/\/scient.com.br\/pt\/wp-json\/wp\/v2\/pages\/2701\/revisions\/4914"}],"wp:attachment":[{"href":"https:\/\/scient.com.br\/pt\/wp-json\/wp\/v2\/media?parent=2701"}],"curies":[{"name":"wp","href":"https:\/\/api.w.org\/{rel}","templated":true}]}}