{"id":2715,"date":"2026-03-11T11:33:29","date_gmt":"2026-03-11T11:33:29","guid":{"rendered":"https:\/\/scient.com.br\/?page_id=2715"},"modified":"2026-03-31T18:17:09","modified_gmt":"2026-03-31T18:17:09","slug":"ai-and-digital-transformation-pilots","status":"publish","type":"page","link":"https:\/\/scient.com.br\/pt\/ai-and-digital-transformation-pilots\/","title":{"rendered":"Pilotos de IA e Transforma\u00e7\u00e3o Digital"},"content":{"rendered":"<div data-elementor-type=\"wp-page\" data-elementor-id=\"2715\" class=\"elementor elementor-2715\" data-elementor-post-type=\"page\">\n\t\t\t\t<div class=\"elementor-element elementor-element-53b2065 e-flex e-con-boxed e-con e-parent\" data-id=\"53b2065\" data-element_type=\"container\" data-e-type=\"container\" data-settings=\"{&quot;background_background&quot;:&quot;classic&quot;}\">\n\t\t\t\t\t<div class=\"e-con-inner\">\n\t\t<div class=\"elementor-element elementor-element-c763ed5 e-con-full e-flex e-con e-child\" data-id=\"c763ed5\" data-element_type=\"container\" data-e-type=\"container\" data-settings=\"{&quot;background_background&quot;:&quot;classic&quot;}\">\n\t\t\t\t<div class=\"elementor-element elementor-element-ee78f0f elementor-widget elementor-widget-heading\" data-id=\"ee78f0f\" data-element_type=\"widget\" data-e-type=\"widget\" data-widget_type=\"heading.default\">\n\t\t\t\t<div class=\"elementor-widget-container\">\n\t\t\t\t\t<h2 class=\"elementor-heading-title elementor-size-default\">Pilotos de IA e Transforma\u00e7\u00e3o Digital<\/h2>\t\t\t\t<\/div>\n\t\t\t\t<\/div>\n\t\t\t\t<div class=\"elementor-element elementor-element-1326ae7 elementor-widget__width-initial elementor-widget elementor-widget-heading\" data-id=\"1326ae7\" data-element_type=\"widget\" data-e-type=\"widget\" data-widget_type=\"heading.default\">\n\t\t\t\t<div class=\"elementor-widget-container\">\n\t\t\t\t\t<span class=\"elementor-heading-title elementor-size-default\">Transforme oportunidades de IA em pilotos pr\u00e1ticos e resultados de neg\u00f3cio mensur\u00e1veis.<\/span>\t\t\t\t<\/div>\n\t\t\t\t<\/div>\n\t\t\t\t<div class=\"elementor-element elementor-element-36aec99 elementor-widget elementor-widget-spacer\" data-id=\"36aec99\" data-element_type=\"widget\" data-e-type=\"widget\" data-widget_type=\"spacer.default\">\n\t\t\t\t<div class=\"elementor-widget-container\">\n\t\t\t\t\t\t\t<div class=\"elementor-spacer\">\n\t\t\t<div class=\"elementor-spacer-inner\"><\/div>\n\t\t<\/div>\n\t\t\t\t\t\t<\/div>\n\t\t\t\t<\/div>\n\t\t\t\t<\/div>\n\t\t\t\t\t<\/div>\n\t\t\t\t<\/div>\n\t\t<div class=\"elementor-element elementor-element-657fc7a e-flex e-con-boxed e-con e-parent\" data-id=\"657fc7a\" data-element_type=\"container\" data-e-type=\"container\">\n\t\t\t\t\t<div class=\"e-con-inner\">\n\t\t<div class=\"elementor-element elementor-element-6b1c80e e-con-full e-flex e-con e-child\" data-id=\"6b1c80e\" data-element_type=\"container\" data-e-type=\"container\">\n\t\t\t\t<div class=\"elementor-element elementor-element-40620da elementor-widget elementor-widget-text-editor\" data-id=\"40620da\" data-element_type=\"widget\" data-e-type=\"widget\" data-widget_type=\"text-editor.default\">\n\t\t\t\t<div class=\"elementor-widget-container\">\n\t\t\t\t\t\t\t\t\t<p>Esfor\u00e7os de IA e transforma\u00e7\u00e3o digital muitas vezes come\u00e7am com entusiasmo, mas perdem for\u00e7a quando n\u00e3o est\u00e3o claramente conectados ao valor de neg\u00f3cio, \u00e0 realidade dos fluxos de trabalho ou \u00e0s condi\u00e7\u00f5es de execu\u00e7\u00e3o.<\/p><p>A Scient ajuda organiza\u00e7\u00f5es a abordar IA de forma mais estrat\u00e9gica e mais pr\u00e1tica. Identificamos oportunidades relevantes, definimos casos de uso focados, estruturamos iniciativas piloto e apoiamos a passagem para implementa\u00e7\u00e3o com l\u00f3gica de neg\u00f3cio mais clara e melhor alinhamento.<\/p><p>Este servi\u00e7o foi desenhado para organiza\u00e7\u00f5es que querem explorar IA e transforma\u00e7\u00e3o digital de uma forma concreta, relevante e test\u00e1vel.<\/p><p>Em vez de come\u00e7ar pelas ferramentas, come\u00e7amos pelo neg\u00f3cio: onde decis\u00f5es podem melhorar, onde fluxos de trabalho podem ser simplificados, onde intera\u00e7\u00f5es com clientes podem se tornar mais eficazes e onde a efici\u00eancia operacional pode aumentar.<\/p><p>A partir da\u00ed, ajudamos a dar forma a pilotos que realmente possam ser validados.<\/p>\t\t\t\t\t\t\t\t<\/div>\n\t\t\t\t<\/div>\n\t\t\t\t<div class=\"elementor-element elementor-element-26d8758 elementor-widget elementor-widget-heading\" data-id=\"26d8758\" data-element_type=\"widget\" data-e-type=\"widget\" data-widget_type=\"heading.default\">\n\t\t\t\t<div class=\"elementor-widget-container\">\n\t\t\t\t\t<h3 class=\"elementor-heading-title elementor-size-default\">Como a Scient trabalha<\/h3>\t\t\t\t<\/div>\n\t\t\t\t<\/div>\n\t\t\t\t<div class=\"elementor-element elementor-element-510f4dc elementor-widget elementor-widget-text-editor\" data-id=\"510f4dc\" data-element_type=\"widget\" data-e-type=\"widget\" data-widget_type=\"text-editor.default\">\n\t\t\t\t<div class=\"elementor-widget-container\">\n\t\t\t\t\t\t\t\t\t<p>A Scient ajuda clientes a ir al\u00e9m do hype da IA ao combinar enquadramento estrat\u00e9gico com desenho pr\u00e1tico de execu\u00e7\u00e3o. N\u00e3o tratamos IA como uma conversa tecnol\u00f3gica isolada, mas como parte de um contexto mais amplo de neg\u00f3cio e transforma\u00e7\u00e3o.<\/p><p>Isso significa focar, desde o in\u00edcio, em valor, viabilidade, ado\u00e7\u00e3o, ownership e execu\u00e7\u00e3o.<\/p>\t\t\t\t\t\t\t\t<\/div>\n\t\t\t\t<\/div>\n\t\t\t\t<div class=\"elementor-element elementor-element-0da632c elementor-widget elementor-widget-text-editor\" data-id=\"0da632c\" data-element_type=\"widget\" data-e-type=\"widget\" data-widget_type=\"text-editor.default\">\n\t\t\t\t<div class=\"elementor-widget-container\">\n\t\t\t\t\t\t\t\t\t<p><strong>Capacidades relacionadas<\/strong><\/p><ul><li><a href=\"https:\/\/scient.com.br\/pt\/ai-solutions\/\">Solu\u00e7\u00f5es de IA<\/a><\/li><li>Assistentes de IA<\/li><li>Automa\u00e7\u00e3o de Fluxos de Trabalho<\/li><li>Integra\u00e7\u00e3o de IA<\/li><\/ul>\t\t\t\t\t\t\t\t<\/div>\n\t\t\t\t<\/div>\n\t\t\t\t<\/div>\n\t\t<div class=\"elementor-element elementor-element-84f10b1 e-con-full e-flex e-con e-child\" data-id=\"84f10b1\" data-element_type=\"container\" data-e-type=\"container\">\n\t\t\t\t<div class=\"elementor-element elementor-element-d457171 elementor-widget elementor-widget-heading\" data-id=\"d457171\" data-element_type=\"widget\" data-e-type=\"widget\" data-widget_type=\"heading.default\">\n\t\t\t\t<div class=\"elementor-widget-container\">\n\t\t\t\t\t<h3 class=\"elementor-heading-title elementor-size-default\">O que ajudamos os clientes a fazer<\/h3>\t\t\t\t<\/div>\n\t\t\t\t<\/div>\n\t\t\t\t<div class=\"elementor-element elementor-element-aaecd9c elementor-widget elementor-widget-text-editor\" data-id=\"aaecd9c\" data-element_type=\"widget\" data-e-type=\"widget\" data-widget_type=\"text-editor.default\">\n\t\t\t\t<div class=\"elementor-widget-container\">\n\t\t\t\t\t\t\t\t\t<ul><li data-section-id=\"1fm8kvg\" data-start=\"2029\" data-end=\"2088\"><p>Identificar oportunidades de alto valor em IA e transforma\u00e7\u00e3o digital<\/p><\/li><li data-section-id=\"1fm8kvg\" data-start=\"2029\" data-end=\"2088\"><p>Priorizar casos de uso com maior relev\u00e2ncia para o neg\u00f3cio<\/p><\/li><li data-section-id=\"1fm8kvg\" data-start=\"2029\" data-end=\"2088\"><p>Desenhar pilotos focados com escopo e ownership claros<\/p><\/li><li data-section-id=\"1fm8kvg\" data-start=\"2029\" data-end=\"2088\"><p>Definir crit\u00e9rios de sucesso e resultados mensur\u00e1veis<\/p><\/li><li data-section-id=\"1fm8kvg\" data-start=\"2029\" data-end=\"2088\"><p>Conectar iniciativas de IA a prioridades operacionais e estrat\u00e9gicas<\/p><\/li><li data-section-id=\"1fm8kvg\" data-start=\"2029\" data-end=\"2088\"><p>Apoiar a l\u00f3gica de implementa\u00e7\u00e3o e as decis\u00f5es da pr\u00f3xima fase<\/p><\/li><\/ul>\t\t\t\t\t\t\t\t<\/div>\n\t\t\t\t<\/div>\n\t\t\t\t<div class=\"elementor-element elementor-element-9e90033 elementor-widget elementor-widget-image\" data-id=\"9e90033\" data-element_type=\"widget\" data-e-type=\"widget\" data-widget_type=\"image.default\">\n\t\t\t\t<div class=\"elementor-widget-container\">\n\t\t\t\t\t\t\t\t\t\t\t\t\t\t\t<img fetchpriority=\"high\" decoding=\"async\" width=\"800\" height=\"534\" src=\"https:\/\/scient.com.br\/wp-content\/uploads\/2026\/03\/aisolutions-1024x683.png\" class=\"attachment-large size-large wp-image-2817\" alt=\"\" srcset=\"https:\/\/scient.com.br\/wp-content\/uploads\/2026\/03\/aisolutions-1024x683.png 1024w, https:\/\/scient.com.br\/wp-content\/uploads\/2026\/03\/aisolutions-300x200.png 300w, https:\/\/scient.com.br\/wp-content\/uploads\/2026\/03\/aisolutions-768x512.png 768w, https:\/\/scient.com.br\/wp-content\/uploads\/2026\/03\/aisolutions-18x12.png 18w, https:\/\/scient.com.br\/wp-content\/uploads\/2026\/03\/aisolutions.png 1536w\" sizes=\"(max-width: 800px) 100vw, 800px\" \/>\t\t\t\t\t\t\t\t\t\t\t\t\t\t\t<\/div>\n\t\t\t\t<\/div>\n\t\t\t\t<div class=\"elementor-element elementor-element-c831873 elementor-widget__width-initial elementor-widget elementor-widget-text-editor\" data-id=\"c831873\" data-element_type=\"widget\" data-e-type=\"widget\" data-widget_type=\"text-editor.default\">\n\t\t\t\t<div class=\"elementor-widget-container\">\n\t\t\t\t\t\t\t\t\t<div class=\"scient-talk-box\">\n<h4><a href=\"https:\/\/scient.com.br\/pt\/getaquote\/\">\n<span style=\"color: #ffffff; font-weight: bold;\">\n<i class=\"fas fa-comment\"><\/i> Vamos Falar!\n<\/span>\n<\/a><\/h4>\n<h6><a href=\"https:\/\/scient.com.br\/pt\/getaquote\/\">\n<span style=\"color: #ffffff;\">\nPronto para transformar seu conceito em impacto de mercado? Entre em contato hoje e vamos transformar sua vis\u00e3o em realidade.\n<\/span>\n<\/a><\/h6>\n<\/div>\t\t\t\t\t\t\t\t<\/div>\n\t\t\t\t<\/div>\n\t\t\t\t<\/div>\n\t\t\t\t\t<\/div>\n\t\t\t\t<\/div>\n\t\t<div class=\"elementor-element elementor-element-ec5fa3a e-flex e-con-boxed e-con e-parent\" data-id=\"ec5fa3a\" data-element_type=\"container\" data-e-type=\"container\">\n\t\t\t\t\t<div class=\"e-con-inner\">\n\t\t\t\t<div class=\"elementor-element elementor-element-a9714fc elementor-widget elementor-widget-spacer\" data-id=\"a9714fc\" data-element_type=\"widget\" data-e-type=\"widget\" data-widget_type=\"spacer.default\">\n\t\t\t\t<div class=\"elementor-widget-container\">\n\t\t\t\t\t\t\t<div class=\"elementor-spacer\">\n\t\t\t<div class=\"elementor-spacer-inner\"><\/div>\n\t\t<\/div>\n\t\t\t\t\t\t<\/div>\n\t\t\t\t<\/div>\n\t\t\t\t\t<\/div>\n\t\t\t\t<\/div>\n\t\t<div class=\"elementor-element elementor-element-a0ece4b e-flex e-con-boxed e-con e-parent\" data-id=\"a0ece4b\" data-element_type=\"container\" data-e-type=\"container\">\n\t\t\t\t\t<div class=\"e-con-inner\">\n\t\t\t\t<div class=\"elementor-element elementor-element-762ea19 elementor-widget elementor-widget-spacer\" data-id=\"762ea19\" data-element_type=\"widget\" data-e-type=\"widget\" data-widget_type=\"spacer.default\">\n\t\t\t\t<div class=\"elementor-widget-container\">\n\t\t\t\t\t\t\t<div class=\"elementor-spacer\">\n\t\t\t<div class=\"elementor-spacer-inner\"><\/div>\n\t\t<\/div>\n\t\t\t\t\t\t<\/div>\n\t\t\t\t<\/div>\n\t\t\t\t\t<\/div>\n\t\t\t\t<\/div>\n\t\t\t\t<\/div>","protected":false},"excerpt":{"rendered":"<p>Transforme a estrat\u00e9gia em iniciativas claras, decis\u00f5es alinhadas e pr\u00f3ximos passos execut\u00e1veis.<\/p>","protected":false},"author":1,"featured_media":0,"parent":0,"menu_order":0,"comment_status":"closed","ping_status":"closed","template":"","meta":{"footnotes":""},"class_list":["post-2715","page","type-page","status-publish","hentry"],"yoast_head":"<!-- This site is optimized with the Yoast SEO Premium plugin v24.9 (Yoast SEO v24.9) - https:\/\/yoast.com\/wordpress\/plugins\/seo\/ -->\n<title>AI and Digital Transformation Pilots - Scient<\/title>\n<meta name=\"description\" content=\"Turn AI opportunities into practical pilots and measurable business results\" \/>\n<meta name=\"robots\" content=\"index, follow, max-snippet:-1, max-image-preview:large, max-video-preview:-1\" \/>\n<link rel=\"canonical\" href=\"https:\/\/scient.com.br\/pt\/ai-and-digital-transformation-pilots\/\" \/>\n<meta property=\"og:locale\" content=\"pt_BR\" \/>\n<meta property=\"og:type\" content=\"article\" \/>\n<meta property=\"og:title\" content=\"AI and Digital Transformation Pilots\" \/>\n<meta property=\"og:description\" content=\"Turn AI opportunities into practical pilots and measurable business results\" \/>\n<meta property=\"og:url\" content=\"https:\/\/scient.com.br\/pt\/ai-and-digital-transformation-pilots\/\" \/>\n<meta property=\"og:site_name\" content=\"Scient\" \/>\n<meta property=\"article:modified_time\" content=\"2026-03-31T18:17:09+00:00\" \/>\n<meta property=\"og:image\" content=\"https:\/\/scient.com.br\/wp-content\/uploads\/2026\/03\/aisolutions-1024x683.png\" \/>\n\t<meta property=\"og:image:width\" content=\"1024\" \/>\n\t<meta property=\"og:image:height\" content=\"683\" \/>\n\t<meta property=\"og:image:type\" content=\"image\/png\" \/>\n<meta name=\"twitter:card\" content=\"summary_large_image\" \/>\n<meta name=\"twitter:description\" content=\"Turn AI opportunities into practical pilots and measurable business results\" \/>\n<meta name=\"twitter:label1\" content=\"Est. tempo de leitura\" \/>\n\t<meta name=\"twitter:data1\" content=\"2 minutos\" \/>\n<script type=\"application\/ld+json\" class=\"yoast-schema-graph\">{\"@context\":\"https:\/\/schema.org\",\"@graph\":[{\"@type\":\"WebPage\",\"@id\":\"https:\/\/scient.com.br\/ai-and-digital-transformation-pilots\/\",\"url\":\"https:\/\/scient.com.br\/ai-and-digital-transformation-pilots\/\",\"name\":\"AI and Digital Transformation Pilots - Scient\",\"isPartOf\":{\"@id\":\"https:\/\/scient.com.br\/#website\"},\"primaryImageOfPage\":{\"@id\":\"https:\/\/scient.com.br\/ai-and-digital-transformation-pilots\/#primaryimage\"},\"image\":{\"@id\":\"https:\/\/scient.com.br\/ai-and-digital-transformation-pilots\/#primaryimage\"},\"thumbnailUrl\":\"https:\/\/scient.com.br\/wp-content\/uploads\/2026\/03\/aisolutions-1024x683.png\",\"datePublished\":\"2026-03-11T11:33:29+00:00\",\"dateModified\":\"2026-03-31T18:17:09+00:00\",\"description\":\"Turn AI opportunities into practical pilots and measurable business results\",\"breadcrumb\":{\"@id\":\"https:\/\/scient.com.br\/ai-and-digital-transformation-pilots\/#breadcrumb\"},\"inLanguage\":\"pt-BR\",\"potentialAction\":[{\"@type\":\"ReadAction\",\"target\":[\"https:\/\/scient.com.br\/ai-and-digital-transformation-pilots\/\"]}]},{\"@type\":\"ImageObject\",\"inLanguage\":\"pt-BR\",\"@id\":\"https:\/\/scient.com.br\/ai-and-digital-transformation-pilots\/#primaryimage\",\"url\":\"https:\/\/scient.com.br\/wp-content\/uploads\/2026\/03\/aisolutions-1024x683.png\",\"contentUrl\":\"https:\/\/scient.com.br\/wp-content\/uploads\/2026\/03\/aisolutions-1024x683.png\"},{\"@type\":\"BreadcrumbList\",\"@id\":\"https:\/\/scient.com.br\/ai-and-digital-transformation-pilots\/#breadcrumb\",\"itemListElement\":[{\"@type\":\"ListItem\",\"position\":1,\"name\":\"Home\",\"item\":\"https:\/\/scient.com.br\/\"},{\"@type\":\"ListItem\",\"position\":2,\"name\":\"AI and Digital Transformation Pilots\"}]},{\"@type\":\"WebSite\",\"@id\":\"https:\/\/scient.com.br\/#website\",\"url\":\"https:\/\/scient.com.br\/\",\"name\":\"Scient\",\"description\":\"From Strategy to Execution\",\"publisher\":{\"@id\":\"https:\/\/scient.com.br\/#organization\"},\"potentialAction\":[{\"@type\":\"SearchAction\",\"target\":{\"@type\":\"EntryPoint\",\"urlTemplate\":\"https:\/\/scient.com.br\/?s={search_term_string}\"},\"query-input\":{\"@type\":\"PropertyValueSpecification\",\"valueRequired\":true,\"valueName\":\"search_term_string\"}}],\"inLanguage\":\"pt-BR\"},{\"@type\":\"Organization\",\"@id\":\"https:\/\/scient.com.br\/#organization\",\"name\":\"Scient\",\"url\":\"https:\/\/scient.com.br\/\",\"logo\":{\"@type\":\"ImageObject\",\"inLanguage\":\"pt-BR\",\"@id\":\"https:\/\/scient.com.br\/#\/schema\/logo\/image\/\",\"url\":\"https:\/\/scient.com.br\/wp-content\/uploads\/2025\/02\/Scientg.png\",\"contentUrl\":\"https:\/\/scient.com.br\/wp-content\/uploads\/2025\/02\/Scientg.png\",\"width\":747,\"height\":189,\"caption\":\"Scient\"},\"image\":{\"@id\":\"https:\/\/scient.com.br\/#\/schema\/logo\/image\/\"}}]}<\/script>\n<!-- \/ Yoast SEO Premium plugin. -->","yoast_head_json":{"title":"AI and Digital Transformation Pilots - Scient","description":"Transforme oportunidades de IA em pilotos pr\u00e1ticos e resultados de neg\u00f3cio mensur\u00e1veis.","robots":{"index":"index","follow":"follow","max-snippet":"max-snippet:-1","max-image-preview":"max-image-preview:large","max-video-preview":"max-video-preview:-1"},"canonical":"https:\/\/scient.com.br\/pt\/ai-and-digital-transformation-pilots\/","og_locale":"pt_BR","og_type":"article","og_title":"AI and Digital Transformation Pilots","og_description":"Turn AI opportunities into practical pilots and measurable business results","og_url":"https:\/\/scient.com.br\/pt\/ai-and-digital-transformation-pilots\/","og_site_name":"Scient","article_modified_time":"2026-03-31T18:17:09+00:00","og_image":[{"width":1024,"height":683,"url":"https:\/\/scient.com.br\/wp-content\/uploads\/2026\/03\/aisolutions-1024x683.png","type":"image\/png"}],"twitter_card":"summary_large_image","twitter_description":"Turn AI opportunities into practical pilots and measurable business results","twitter_misc":{"Est. tempo de leitura":"2 minutos"},"schema":{"@context":"https:\/\/schema.org","@graph":[{"@type":"WebPage","@id":"https:\/\/scient.com.br\/ai-and-digital-transformation-pilots\/","url":"https:\/\/scient.com.br\/ai-and-digital-transformation-pilots\/","name":"AI and Digital Transformation Pilots - Scient","isPartOf":{"@id":"https:\/\/scient.com.br\/#website"},"primaryImageOfPage":{"@id":"https:\/\/scient.com.br\/ai-and-digital-transformation-pilots\/#primaryimage"},"image":{"@id":"https:\/\/scient.com.br\/ai-and-digital-transformation-pilots\/#primaryimage"},"thumbnailUrl":"https:\/\/scient.com.br\/wp-content\/uploads\/2026\/03\/aisolutions-1024x683.png","datePublished":"2026-03-11T11:33:29+00:00","dateModified":"2026-03-31T18:17:09+00:00","description":"Transforme oportunidades de IA em pilotos pr\u00e1ticos e resultados de neg\u00f3cio mensur\u00e1veis.","breadcrumb":{"@id":"https:\/\/scient.com.br\/ai-and-digital-transformation-pilots\/#breadcrumb"},"inLanguage":"pt-BR","potentialAction":[{"@type":"ReadAction","target":["https:\/\/scient.com.br\/ai-and-digital-transformation-pilots\/"]}]},{"@type":"ImageObject","inLanguage":"pt-BR","@id":"https:\/\/scient.com.br\/ai-and-digital-transformation-pilots\/#primaryimage","url":"https:\/\/scient.com.br\/wp-content\/uploads\/2026\/03\/aisolutions-1024x683.png","contentUrl":"https:\/\/scient.com.br\/wp-content\/uploads\/2026\/03\/aisolutions-1024x683.png"},{"@type":"BreadcrumbList","@id":"https:\/\/scient.com.br\/ai-and-digital-transformation-pilots\/#breadcrumb","itemListElement":[{"@type":"ListItem","position":1,"name":"Home","item":"https:\/\/scient.com.br\/"},{"@type":"ListItem","position":2,"name":"AI and Digital Transformation Pilots"}]},{"@type":"WebSite","@id":"https:\/\/scient.com.br\/#website","url":"https:\/\/scient.com.br\/","name":"Scient","description":"Da Estrat\u00e9gia \u00e0 Execu\u00e7\u00e3o","publisher":{"@id":"https:\/\/scient.com.br\/#organization"},"potentialAction":[{"@type":"SearchAction","target":{"@type":"EntryPoint","urlTemplate":"https:\/\/scient.com.br\/?s={search_term_string}"},"query-input":{"@type":"PropertyValueSpecification","valueRequired":true,"valueName":"search_term_string"}}],"inLanguage":"pt-BR"},{"@type":"Organization","@id":"https:\/\/scient.com.br\/#organization","name":"Scient","url":"https:\/\/scient.com.br\/","logo":{"@type":"ImageObject","inLanguage":"pt-BR","@id":"https:\/\/scient.com.br\/#\/schema\/logo\/image\/","url":"https:\/\/scient.com.br\/wp-content\/uploads\/2025\/02\/Scientg.png","contentUrl":"https:\/\/scient.com.br\/wp-content\/uploads\/2025\/02\/Scientg.png","width":747,"height":189,"caption":"Scient"},"image":{"@id":"https:\/\/scient.com.br\/#\/schema\/logo\/image\/"}}]}},"_links":{"self":[{"href":"https:\/\/scient.com.br\/pt\/wp-json\/wp\/v2\/pages\/2715","targetHints":{"allow":["GET"]}}],"collection":[{"href":"https:\/\/scient.com.br\/pt\/wp-json\/wp\/v2\/pages"}],"about":[{"href":"https:\/\/scient.com.br\/pt\/wp-json\/wp\/v2\/types\/page"}],"author":[{"embeddable":true,"href":"https:\/\/scient.com.br\/pt\/wp-json\/wp\/v2\/users\/1"}],"replies":[{"embeddable":true,"href":"https:\/\/scient.com.br\/pt\/wp-json\/wp\/v2\/comments?post=2715"}],"version-history":[{"count":58,"href":"https:\/\/scient.com.br\/pt\/wp-json\/wp\/v2\/pages\/2715\/revisions"}],"predecessor-version":[{"id":4323,"href":"https:\/\/scient.com.br\/pt\/wp-json\/wp\/v2\/pages\/2715\/revisions\/4323"}],"wp:attachment":[{"href":"https:\/\/scient.com.br\/pt\/wp-json\/wp\/v2\/media?parent=2715"}],"curies":[{"name":"wp","href":"https:\/\/api.w.org\/{rel}","templated":true}]}}