{"id":2730,"date":"2026-03-11T14:36:18","date_gmt":"2026-03-11T14:36:18","guid":{"rendered":"https:\/\/scient.com.br\/?page_id=2730"},"modified":"2026-04-07T15:32:13","modified_gmt":"2026-04-07T15:32:13","slug":"new-initiative-and-venture-design","status":"publish","type":"page","link":"https:\/\/scient.com.br\/pt\/new-initiative-and-venture-design\/","title":{"rendered":"Desenho de Novas Iniciativas e Ventures"},"content":{"rendered":"<div data-elementor-type=\"wp-page\" data-elementor-id=\"2730\" class=\"elementor elementor-2730\" data-elementor-post-type=\"page\">\n\t\t\t\t<div class=\"elementor-element elementor-element-8a487e4 e-flex e-con-boxed e-con e-parent\" data-id=\"8a487e4\" data-element_type=\"container\" data-e-type=\"container\" data-settings=\"{&quot;background_background&quot;:&quot;classic&quot;}\">\n\t\t\t\t\t<div class=\"e-con-inner\">\n\t\t<div class=\"elementor-element elementor-element-f91aa90 e-con-full e-flex e-con e-child\" data-id=\"f91aa90\" data-element_type=\"container\" data-e-type=\"container\" data-settings=\"{&quot;background_background&quot;:&quot;classic&quot;}\">\n\t\t\t\t<div class=\"elementor-element elementor-element-5a50665 elementor-widget elementor-widget-heading\" data-id=\"5a50665\" data-element_type=\"widget\" data-e-type=\"widget\" data-widget_type=\"heading.default\">\n\t\t\t\t<div class=\"elementor-widget-container\">\n\t\t\t\t\t<h2 class=\"elementor-heading-title elementor-size-default\">Desenho de Novas Iniciativas e Ventures<\/h2>\t\t\t\t<\/div>\n\t\t\t\t<\/div>\n\t\t\t\t<div class=\"elementor-element elementor-element-10a5636 elementor-widget__width-initial elementor-widget elementor-widget-heading\" data-id=\"10a5636\" data-element_type=\"widget\" data-e-type=\"widget\" data-widget_type=\"heading.default\">\n\t\t\t\t<div class=\"elementor-widget-container\">\n\t\t\t\t\t<span class=\"elementor-heading-title elementor-size-default\">D\u00ea forma a novas iniciativas, ventures, produtos e servi\u00e7os com uma estrutura mais s\u00f3lida e uma l\u00f3gica de execu\u00e7\u00e3o mais clara.<\/span>\t\t\t\t<\/div>\n\t\t\t\t<\/div>\n\t\t\t\t<div class=\"elementor-element elementor-element-b4902bf elementor-widget elementor-widget-spacer\" data-id=\"b4902bf\" data-element_type=\"widget\" data-e-type=\"widget\" data-widget_type=\"spacer.default\">\n\t\t\t\t<div class=\"elementor-widget-container\">\n\t\t\t\t\t\t\t<div class=\"elementor-spacer\">\n\t\t\t<div class=\"elementor-spacer-inner\"><\/div>\n\t\t<\/div>\n\t\t\t\t\t\t<\/div>\n\t\t\t\t<\/div>\n\t\t\t\t<\/div>\n\t\t\t\t\t<\/div>\n\t\t\t\t<\/div>\n\t\t\t\t<section class=\"elementor-section elementor-top-section elementor-element elementor-element-b15329b elementor-section-stretched animated-slow elementor-section-boxed elementor-section-height-default elementor-section-height-default elementor-invisible\" data-id=\"b15329b\" data-element_type=\"section\" data-e-type=\"section\" data-settings=\"{&quot;background_background&quot;:&quot;classic&quot;,&quot;stretch_section&quot;:&quot;section-stretched&quot;,&quot;animation&quot;:&quot;fadeIn&quot;}\">\n\t\t\t\t\t\t\t<div class=\"elementor-background-overlay\"><\/div>\n\t\t\t\t\t\t\t<div class=\"elementor-container elementor-column-gap-default\">\n\t\t\t\t\t<div class=\"elementor-column elementor-col-50 elementor-top-column elementor-element elementor-element-bd32fb1\" data-id=\"bd32fb1\" data-element_type=\"column\" data-e-type=\"column\">\n\t\t\t<div class=\"elementor-widget-wrap elementor-element-populated\">\n\t\t\t\t\t\t<div class=\"elementor-element elementor-element-95cfd66 elementor-widget elementor-widget-text-editor\" data-id=\"95cfd66\" data-element_type=\"widget\" data-e-type=\"widget\" data-widget_type=\"text-editor.default\">\n\t\t\t\t<div class=\"elementor-widget-container\">\n\t\t\t\t\t\t\t\t\t<p>Muitas iniciativas promissoras perdem tra\u00e7\u00e3o logo no in\u00edcio porque a oportunidade ainda est\u00e1 vaga demais, o conceito n\u00e3o est\u00e1 totalmente estruturado ou o caminho para valida\u00e7\u00e3o n\u00e3o est\u00e1 claro.<\/p><p>A Scient ajuda a dar forma a novas iniciativas de neg\u00f3cio com mais rigor e mais senso pr\u00e1tico. Trabalhamos a pr\u00f3pria oportunidade, a l\u00f3gica por tr\u00e1s dela, a primeira vers\u00e3o que deve existir e o caminho necess\u00e1rio para test\u00e1-la e evolu\u00ed-la com confian\u00e7a.<\/p><p>Este servi\u00e7o \u00e9 voltado para empresas, founders e times de lideran\u00e7a que est\u00e3o trabalhando em algo novo.<\/p><p>Isso pode ser um novo produto, um novo servi\u00e7o, uma iniciativa digital, uma capacidade interna, uma ideia de expans\u00e3o de mercado ou uma frente de neg\u00f3cio inteiramente nova.<\/p><p>O objetivo \u00e9 sair do conceito para uma iniciativa mais bem estruturada \u2014 com proposta de valor mais clara, caminho de valida\u00e7\u00e3o mais s\u00f3lido e l\u00f3gica de execu\u00e7\u00e3o mais realista.<\/p>\t\t\t\t\t\t\t\t<\/div>\n\t\t\t\t<\/div>\n\t\t\t\t<div class=\"elementor-element elementor-element-91837bf elementor-widget elementor-widget-heading\" data-id=\"91837bf\" data-element_type=\"widget\" data-e-type=\"widget\" data-widget_type=\"heading.default\">\n\t\t\t\t<div class=\"elementor-widget-container\">\n\t\t\t\t\t<h3 class=\"elementor-heading-title elementor-size-default\">Quando este servi\u00e7o \u00e9 o mais adequado<\/h3>\t\t\t\t<\/div>\n\t\t\t\t<\/div>\n\t\t\t\t<div class=\"elementor-element elementor-element-051697b elementor-widget elementor-widget-text-editor\" data-id=\"051697b\" data-element_type=\"widget\" data-e-type=\"widget\" data-widget_type=\"text-editor.default\">\n\t\t\t\t<div class=\"elementor-widget-container\">\n\t\t\t\t\t\t\t\t\t<ul><li><p>Uma empresa quer lan\u00e7ar uma nova iniciativa, mas precisa de estrutura primeiro;<\/p><\/li><li><p>A lideran\u00e7a enxerga uma oportunidade, mas o conceito ainda est\u00e1 imaturo;<\/p><\/li><li><p>Um novo produto ou servi\u00e7o precisa de uma l\u00f3gica de neg\u00f3cio mais clara;<\/p><\/li><li><p>Uma equipe quer testar algo novo sem avan\u00e7ar r\u00e1pido demais para o desenvolvimento;<\/p><\/li><li><p>Uma organiza\u00e7\u00e3o quer uma forma mais disciplinada de passar da ideia \u00e0 a\u00e7\u00e3o.<\/p><\/li><\/ul>\t\t\t\t\t\t\t\t<\/div>\n\t\t\t\t<\/div>\n\t\t\t\t<div class=\"elementor-element elementor-element-bc0f63f elementor-widget elementor-widget-text-editor\" data-id=\"bc0f63f\" data-element_type=\"widget\" data-e-type=\"widget\" data-widget_type=\"text-editor.default\">\n\t\t\t\t<div class=\"elementor-widget-container\">\n\t\t\t\t\t\t\t\t\t<p><strong>Capacidades relacionadas<\/strong><\/p><ul><li><a href=\"https:\/\/scient.com.br\/pt\/market-validation-from-concept-to-client-acquisition\/\">Valida\u00e7\u00e3o de Mercado<\/a><\/li><li><a href=\"https:\/\/scient.com.br\/pt\/minimum-viable-product\/\">Defini\u00e7\u00e3o de MVP<\/a><\/li><li>Defini\u00e7\u00e3o da Oportunidade<\/li><li>Desenho de Rollout Inicial<\/li><\/ul>\t\t\t\t\t\t\t\t<\/div>\n\t\t\t\t<\/div>\n\t\t\t\t\t<\/div>\n\t\t<\/div>\n\t\t\t\t<div class=\"elementor-column elementor-col-50 elementor-top-column elementor-element elementor-element-dc18fd7\" data-id=\"dc18fd7\" data-element_type=\"column\" data-e-type=\"column\">\n\t\t\t<div class=\"elementor-widget-wrap elementor-element-populated\">\n\t\t\t\t\t\t<div class=\"elementor-element elementor-element-4e735f2 elementor-widget elementor-widget-spacer\" data-id=\"4e735f2\" data-element_type=\"widget\" data-e-type=\"widget\" data-widget_type=\"spacer.default\">\n\t\t\t\t<div class=\"elementor-widget-container\">\n\t\t\t\t\t\t\t<div class=\"elementor-spacer\">\n\t\t\t<div class=\"elementor-spacer-inner\"><\/div>\n\t\t<\/div>\n\t\t\t\t\t\t<\/div>\n\t\t\t\t<\/div>\n\t\t\t\t<div class=\"elementor-element elementor-element-3cabc20 elementor-widget elementor-widget-heading\" data-id=\"3cabc20\" data-element_type=\"widget\" data-e-type=\"widget\" data-widget_type=\"heading.default\">\n\t\t\t\t<div class=\"elementor-widget-container\">\n\t\t\t\t\t<h3 class=\"elementor-heading-title elementor-size-default\">O que ajudamos os clientes a fazer<\/h3>\t\t\t\t<\/div>\n\t\t\t\t<\/div>\n\t\t\t\t<div class=\"elementor-element elementor-element-4d9f8f4 elementor-widget elementor-widget-text-editor\" data-id=\"4d9f8f4\" data-element_type=\"widget\" data-e-type=\"widget\" data-widget_type=\"text-editor.default\">\n\t\t\t\t<div class=\"elementor-widget-container\">\n\t\t\t\t\t\t\t\t\t<ul><li><p>Esclarecer a oportunidade por tr\u00e1s da iniciativa<\/p><\/li><li><p>Refinar o conceito e a proposta de valor<\/p><\/li><li><p>Definir qual deve ser a primeira vers\u00e3o certa<\/p><\/li><li><p>Estruturar um caminho de valida\u00e7\u00e3o ou l\u00f3gica de piloto<\/p><\/li><li><p>Conectar a iniciativa aos objetivos do neg\u00f3cio e \u00e0 realidade operacional<\/p><\/li><li><p>Reduzir achismos antes de investir de forma mais pesada<\/p><\/li><\/ul>\t\t\t\t\t\t\t\t<\/div>\n\t\t\t\t<\/div>\n\t\t\t\t<div class=\"elementor-element elementor-element-6a3bc7f elementor-widget elementor-widget-image\" data-id=\"6a3bc7f\" data-element_type=\"widget\" data-e-type=\"widget\" data-widget_type=\"image.default\">\n\t\t\t\t<div class=\"elementor-widget-container\">\n\t\t\t\t\t\t\t\t\t\t\t\t\t\t\t<img fetchpriority=\"high\" decoding=\"async\" width=\"596\" height=\"447\" src=\"https:\/\/scient.com.br\/wp-content\/uploads\/2024\/10\/3032719-inline-orig3914798.webp\" class=\"attachment-large size-large wp-image-268\" alt=\"From Concepts to Customers \u2013 Building Digital Experiences from Brazil to the World.\" srcset=\"https:\/\/scient.com.br\/wp-content\/uploads\/2024\/10\/3032719-inline-orig3914798.webp 596w, https:\/\/scient.com.br\/wp-content\/uploads\/2024\/10\/3032719-inline-orig3914798-300x225.webp 300w\" sizes=\"(max-width: 596px) 100vw, 596px\" \/>\t\t\t\t\t\t\t\t\t\t\t\t\t\t\t<\/div>\n\t\t\t\t<\/div>\n\t\t\t\t<div class=\"elementor-element elementor-element-dcb3fd0 elementor-widget__width-initial elementor-widget elementor-widget-text-editor\" data-id=\"dcb3fd0\" data-element_type=\"widget\" data-e-type=\"widget\" data-widget_type=\"text-editor.default\">\n\t\t\t\t<div class=\"elementor-widget-container\">\n\t\t\t\t\t\t\t\t\t<div class=\"scient-talk-box\">\n  <h4><a href=\"https:\/\/scient.com.br\/pt\/getaquote\/\">\n    <span style=\"color: #ffffff; font-weight: bold;\">\n      <i class=\"fas fa-comment\"><\/i> Vamos Falar!\n    <\/span>\n  <\/a><\/h4>\n  <h6><a href=\"https:\/\/scient.com.br\/pt\/getaquote\/\">\n    <span style=\"color: #ffffff;\">\n      Pronto para transformar seu conceito em impacto de mercado? Entre em contato hoje e vamos transformar sua vis\u00e3o em realidade.\n    <\/span>\n  <\/a><\/h6>\n<\/div>\t\t\t\t\t\t\t\t<\/div>\n\t\t\t\t<\/div>\n\t\t\t\t\t<\/div>\n\t\t<\/div>\n\t\t\t\t\t<\/div>\n\t\t<\/section>\n\t\t<div class=\"elementor-element elementor-element-4756a3e e-flex e-con-boxed e-con e-parent\" data-id=\"4756a3e\" data-element_type=\"container\" data-e-type=\"container\">\n\t\t\t\t\t<div class=\"e-con-inner\">\n\t\t\t\t<div class=\"elementor-element elementor-element-e00381b elementor-widget elementor-widget-spacer\" data-id=\"e00381b\" data-element_type=\"widget\" data-e-type=\"widget\" data-widget_type=\"spacer.default\">\n\t\t\t\t<div class=\"elementor-widget-container\">\n\t\t\t\t\t\t\t<div class=\"elementor-spacer\">\n\t\t\t<div class=\"elementor-spacer-inner\"><\/div>\n\t\t<\/div>\n\t\t\t\t\t\t<\/div>\n\t\t\t\t<\/div>\n\t\t\t\t\t<\/div>\n\t\t\t\t<\/div>\n\t\t\t\t<\/div>","protected":false},"excerpt":{"rendered":"<p>New Initiative and Venture Design Shape new initiatives, ventures, products, and services with stronger structure and clearer execution logic Many promising initiatives lose momentum early because the opportunity is still too vague, the concept is not fully framed, or the path to validation is unclear. Scient helps shape new business initiatives with more rigor and [&hellip;]<\/p>\n","protected":false},"author":1,"featured_media":0,"parent":0,"menu_order":0,"comment_status":"closed","ping_status":"closed","template":"","meta":{"footnotes":""},"class_list":["post-2730","page","type-page","status-publish","hentry"],"yoast_head":"<!-- This site is optimized with the Yoast SEO Premium plugin v24.9 (Yoast SEO v24.9) - https:\/\/yoast.com\/wordpress\/plugins\/seo\/ -->\n<title>New Initiative and Venture Design - Scient<\/title>\n<meta name=\"description\" content=\"Scient helps shape new business initiatives with more rigor and more practicality. We work on the opportunity itself, the logic behind it, the first version that should exist, and the path needed to test and evolve it with confidence.\" \/>\n<meta name=\"robots\" content=\"index, follow, max-snippet:-1, max-image-preview:large, max-video-preview:-1\" \/>\n<link rel=\"canonical\" href=\"https:\/\/scient.com.br\/pt\/new-initiative-and-venture-design\/\" \/>\n<meta property=\"og:locale\" content=\"pt_BR\" \/>\n<meta property=\"og:type\" content=\"article\" \/>\n<meta property=\"og:title\" content=\"New Initiative and Venture Design\" \/>\n<meta property=\"og:description\" content=\"Scient helps shape new business initiatives with more rigor and more practicality. We work on the opportunity itself, the logic behind it, the first version that should exist, and the path needed to test and evolve it with confidence.\" \/>\n<meta property=\"og:url\" content=\"https:\/\/scient.com.br\/pt\/new-initiative-and-venture-design\/\" \/>\n<meta property=\"og:site_name\" content=\"Scient\" \/>\n<meta property=\"article:modified_time\" content=\"2026-04-07T15:32:13+00:00\" \/>\n<meta property=\"og:image\" content=\"https:\/\/scient.com.br\/wp-content\/uploads\/2024\/10\/3032719-inline-orig3914798.webp\" \/>\n\t<meta property=\"og:image:width\" content=\"596\" \/>\n\t<meta property=\"og:image:height\" content=\"447\" \/>\n\t<meta property=\"og:image:type\" content=\"image\/webp\" \/>\n<meta name=\"twitter:card\" content=\"summary_large_image\" \/>\n<meta name=\"twitter:description\" content=\"Scient helps shape new business initiatives with more rigor and more practicality. We work on the opportunity itself, the logic behind it, the first version that should exist, and the path needed to test and evolve it with confidence.\" \/>\n<meta name=\"twitter:label1\" content=\"Est. tempo de leitura\" \/>\n\t<meta name=\"twitter:data1\" content=\"2 minutos\" \/>\n<script type=\"application\/ld+json\" class=\"yoast-schema-graph\">{\"@context\":\"https:\/\/schema.org\",\"@graph\":[{\"@type\":\"WebPage\",\"@id\":\"https:\/\/scient.com.br\/new-initiative-and-venture-design\/\",\"url\":\"https:\/\/scient.com.br\/new-initiative-and-venture-design\/\",\"name\":\"New Initiative and Venture Design - Scient\",\"isPartOf\":{\"@id\":\"https:\/\/scient.com.br\/#website\"},\"primaryImageOfPage\":{\"@id\":\"https:\/\/scient.com.br\/new-initiative-and-venture-design\/#primaryimage\"},\"image\":{\"@id\":\"https:\/\/scient.com.br\/new-initiative-and-venture-design\/#primaryimage\"},\"thumbnailUrl\":\"https:\/\/scient.com.br\/wp-content\/uploads\/2024\/10\/3032719-inline-orig3914798.webp\",\"datePublished\":\"2026-03-11T14:36:18+00:00\",\"dateModified\":\"2026-04-07T15:32:13+00:00\",\"description\":\"Scient helps shape new business initiatives with more rigor and more practicality. We work on the opportunity itself, the logic behind it, the first version that should exist, and the path needed to test and evolve it with confidence.\",\"breadcrumb\":{\"@id\":\"https:\/\/scient.com.br\/new-initiative-and-venture-design\/#breadcrumb\"},\"inLanguage\":\"pt-BR\",\"potentialAction\":[{\"@type\":\"ReadAction\",\"target\":[\"https:\/\/scient.com.br\/new-initiative-and-venture-design\/\"]}]},{\"@type\":\"ImageObject\",\"inLanguage\":\"pt-BR\",\"@id\":\"https:\/\/scient.com.br\/new-initiative-and-venture-design\/#primaryimage\",\"url\":\"https:\/\/scient.com.br\/wp-content\/uploads\/2024\/10\/3032719-inline-orig3914798.webp\",\"contentUrl\":\"https:\/\/scient.com.br\/wp-content\/uploads\/2024\/10\/3032719-inline-orig3914798.webp\"},{\"@type\":\"BreadcrumbList\",\"@id\":\"https:\/\/scient.com.br\/new-initiative-and-venture-design\/#breadcrumb\",\"itemListElement\":[{\"@type\":\"ListItem\",\"position\":1,\"name\":\"Home\",\"item\":\"https:\/\/scient.com.br\/\"},{\"@type\":\"ListItem\",\"position\":2,\"name\":\"New Initiative and Venture Design\"}]},{\"@type\":\"WebSite\",\"@id\":\"https:\/\/scient.com.br\/#website\",\"url\":\"https:\/\/scient.com.br\/\",\"name\":\"Scient\",\"description\":\"From Strategy to Execution\",\"publisher\":{\"@id\":\"https:\/\/scient.com.br\/#organization\"},\"potentialAction\":[{\"@type\":\"SearchAction\",\"target\":{\"@type\":\"EntryPoint\",\"urlTemplate\":\"https:\/\/scient.com.br\/?s={search_term_string}\"},\"query-input\":{\"@type\":\"PropertyValueSpecification\",\"valueRequired\":true,\"valueName\":\"search_term_string\"}}],\"inLanguage\":\"pt-BR\"},{\"@type\":\"Organization\",\"@id\":\"https:\/\/scient.com.br\/#organization\",\"name\":\"Scient\",\"url\":\"https:\/\/scient.com.br\/\",\"logo\":{\"@type\":\"ImageObject\",\"inLanguage\":\"pt-BR\",\"@id\":\"https:\/\/scient.com.br\/#\/schema\/logo\/image\/\",\"url\":\"https:\/\/scient.com.br\/wp-content\/uploads\/2025\/02\/Scientg.png\",\"contentUrl\":\"https:\/\/scient.com.br\/wp-content\/uploads\/2025\/02\/Scientg.png\",\"width\":747,\"height\":189,\"caption\":\"Scient\"},\"image\":{\"@id\":\"https:\/\/scient.com.br\/#\/schema\/logo\/image\/\"}}]}<\/script>\n<!-- \/ Yoast SEO Premium plugin. -->","yoast_head_json":{"title":"New Initiative and Venture Design - Scient","description":"A Scient ajuda a dar forma a novas iniciativas de neg\u00f3cio com mais rigor e mais senso pr\u00e1tico. Trabalhamos a pr\u00f3pria oportunidade, a l\u00f3gica por tr\u00e1s dela, a primeira vers\u00e3o que deve existir e o caminho necess\u00e1rio para test\u00e1-la e evolu\u00ed-la com confian\u00e7a.","robots":{"index":"index","follow":"follow","max-snippet":"max-snippet:-1","max-image-preview":"max-image-preview:large","max-video-preview":"max-video-preview:-1"},"canonical":"https:\/\/scient.com.br\/pt\/new-initiative-and-venture-design\/","og_locale":"pt_BR","og_type":"article","og_title":"New Initiative and Venture Design","og_description":"Scient helps shape new business initiatives with more rigor and more practicality. We work on the opportunity itself, the logic behind it, the first version that should exist, and the path needed to test and evolve it with confidence.","og_url":"https:\/\/scient.com.br\/pt\/new-initiative-and-venture-design\/","og_site_name":"Scient","article_modified_time":"2026-04-07T15:32:13+00:00","og_image":[{"width":596,"height":447,"url":"https:\/\/scient.com.br\/wp-content\/uploads\/2024\/10\/3032719-inline-orig3914798.webp","type":"image\/webp"}],"twitter_card":"summary_large_image","twitter_description":"Scient helps shape new business initiatives with more rigor and more practicality. We work on the opportunity itself, the logic behind it, the first version that should exist, and the path needed to test and evolve it with confidence.","twitter_misc":{"Est. tempo de leitura":"2 minutos"},"schema":{"@context":"https:\/\/schema.org","@graph":[{"@type":"WebPage","@id":"https:\/\/scient.com.br\/new-initiative-and-venture-design\/","url":"https:\/\/scient.com.br\/new-initiative-and-venture-design\/","name":"New Initiative and Venture Design - Scient","isPartOf":{"@id":"https:\/\/scient.com.br\/#website"},"primaryImageOfPage":{"@id":"https:\/\/scient.com.br\/new-initiative-and-venture-design\/#primaryimage"},"image":{"@id":"https:\/\/scient.com.br\/new-initiative-and-venture-design\/#primaryimage"},"thumbnailUrl":"https:\/\/scient.com.br\/wp-content\/uploads\/2024\/10\/3032719-inline-orig3914798.webp","datePublished":"2026-03-11T14:36:18+00:00","dateModified":"2026-04-07T15:32:13+00:00","description":"A Scient ajuda a dar forma a novas iniciativas de neg\u00f3cio com mais rigor e mais senso pr\u00e1tico. Trabalhamos a pr\u00f3pria oportunidade, a l\u00f3gica por tr\u00e1s dela, a primeira vers\u00e3o que deve existir e o caminho necess\u00e1rio para test\u00e1-la e evolu\u00ed-la com confian\u00e7a.","breadcrumb":{"@id":"https:\/\/scient.com.br\/new-initiative-and-venture-design\/#breadcrumb"},"inLanguage":"pt-BR","potentialAction":[{"@type":"ReadAction","target":["https:\/\/scient.com.br\/new-initiative-and-venture-design\/"]}]},{"@type":"ImageObject","inLanguage":"pt-BR","@id":"https:\/\/scient.com.br\/new-initiative-and-venture-design\/#primaryimage","url":"https:\/\/scient.com.br\/wp-content\/uploads\/2024\/10\/3032719-inline-orig3914798.webp","contentUrl":"https:\/\/scient.com.br\/wp-content\/uploads\/2024\/10\/3032719-inline-orig3914798.webp"},{"@type":"BreadcrumbList","@id":"https:\/\/scient.com.br\/new-initiative-and-venture-design\/#breadcrumb","itemListElement":[{"@type":"ListItem","position":1,"name":"Home","item":"https:\/\/scient.com.br\/"},{"@type":"ListItem","position":2,"name":"New Initiative and Venture Design"}]},{"@type":"WebSite","@id":"https:\/\/scient.com.br\/#website","url":"https:\/\/scient.com.br\/","name":"Scient","description":"Da Estrat\u00e9gia \u00e0 Execu\u00e7\u00e3o","publisher":{"@id":"https:\/\/scient.com.br\/#organization"},"potentialAction":[{"@type":"SearchAction","target":{"@type":"EntryPoint","urlTemplate":"https:\/\/scient.com.br\/?s={search_term_string}"},"query-input":{"@type":"PropertyValueSpecification","valueRequired":true,"valueName":"search_term_string"}}],"inLanguage":"pt-BR"},{"@type":"Organization","@id":"https:\/\/scient.com.br\/#organization","name":"Scient","url":"https:\/\/scient.com.br\/","logo":{"@type":"ImageObject","inLanguage":"pt-BR","@id":"https:\/\/scient.com.br\/#\/schema\/logo\/image\/","url":"https:\/\/scient.com.br\/wp-content\/uploads\/2025\/02\/Scientg.png","contentUrl":"https:\/\/scient.com.br\/wp-content\/uploads\/2025\/02\/Scientg.png","width":747,"height":189,"caption":"Scient"},"image":{"@id":"https:\/\/scient.com.br\/#\/schema\/logo\/image\/"}}]}},"_links":{"self":[{"href":"https:\/\/scient.com.br\/pt\/wp-json\/wp\/v2\/pages\/2730","targetHints":{"allow":["GET"]}}],"collection":[{"href":"https:\/\/scient.com.br\/pt\/wp-json\/wp\/v2\/pages"}],"about":[{"href":"https:\/\/scient.com.br\/pt\/wp-json\/wp\/v2\/types\/page"}],"author":[{"embeddable":true,"href":"https:\/\/scient.com.br\/pt\/wp-json\/wp\/v2\/users\/1"}],"replies":[{"embeddable":true,"href":"https:\/\/scient.com.br\/pt\/wp-json\/wp\/v2\/comments?post=2730"}],"version-history":[{"count":70,"href":"https:\/\/scient.com.br\/pt\/wp-json\/wp\/v2\/pages\/2730\/revisions"}],"predecessor-version":[{"id":4917,"href":"https:\/\/scient.com.br\/pt\/wp-json\/wp\/v2\/pages\/2730\/revisions\/4917"}],"wp:attachment":[{"href":"https:\/\/scient.com.br\/pt\/wp-json\/wp\/v2\/media?parent=2730"}],"curies":[{"name":"wp","href":"https:\/\/api.w.org\/{rel}","templated":true}]}}