{"id":2748,"date":"2026-03-11T16:28:18","date_gmt":"2026-03-11T16:28:18","guid":{"rendered":"https:\/\/scient.com.br\/?page_id=2748"},"modified":"2026-04-02T14:05:56","modified_gmt":"2026-04-02T14:05:56","slug":"product-and-service-build","status":"publish","type":"page","link":"https:\/\/scient.com.br\/pt\/product-and-service-build\/","title":{"rendered":"Constru\u00e7\u00e3o de Produtos e Servi\u00e7os"},"content":{"rendered":"<div data-elementor-type=\"wp-page\" data-elementor-id=\"2748\" class=\"elementor elementor-2748\" data-elementor-post-type=\"page\">\n\t\t\t\t<div class=\"elementor-element elementor-element-72efad7 e-flex e-con-boxed e-con e-parent\" data-id=\"72efad7\" data-element_type=\"container\" data-e-type=\"container\" data-settings=\"{&quot;background_background&quot;:&quot;classic&quot;}\">\n\t\t\t\t\t<div class=\"e-con-inner\">\n\t\t<div class=\"elementor-element elementor-element-4c30fff e-con-full e-flex e-con e-child\" data-id=\"4c30fff\" data-element_type=\"container\" data-e-type=\"container\" data-settings=\"{&quot;background_background&quot;:&quot;classic&quot;}\">\n\t\t\t\t<div class=\"elementor-element elementor-element-1afd1da elementor-widget elementor-widget-heading\" data-id=\"1afd1da\" data-element_type=\"widget\" data-e-type=\"widget\" data-widget_type=\"heading.default\">\n\t\t\t\t<div class=\"elementor-widget-container\">\n\t\t\t\t\t<h2 class=\"elementor-heading-title elementor-size-default\">Desenvolvimento de Solu\u00e7\u00f5es<\/h2>\t\t\t\t<\/div>\n\t\t\t\t<\/div>\n\t\t\t\t<div class=\"elementor-element elementor-element-d00bb50 elementor-widget__width-initial elementor-widget elementor-widget-heading\" data-id=\"d00bb50\" data-element_type=\"widget\" data-e-type=\"widget\" data-widget_type=\"heading.default\">\n\t\t\t\t<div class=\"elementor-widget-container\">\n\t\t\t\t\t<span class=\"elementor-heading-title elementor-size-default\">Construa a camada digital que viabiliza valida\u00e7\u00e3o, execu\u00e7\u00e3o e crescimento.<\/span>\t\t\t\t<\/div>\n\t\t\t\t<\/div>\n\t\t\t\t<div class=\"elementor-element elementor-element-21435dd elementor-widget elementor-widget-spacer\" data-id=\"21435dd\" data-element_type=\"widget\" data-e-type=\"widget\" data-widget_type=\"spacer.default\">\n\t\t\t\t<div class=\"elementor-widget-container\">\n\t\t\t\t\t\t\t<div class=\"elementor-spacer\">\n\t\t\t<div class=\"elementor-spacer-inner\"><\/div>\n\t\t<\/div>\n\t\t\t\t\t\t<\/div>\n\t\t\t\t<\/div>\n\t\t\t\t<\/div>\n\t\t\t\t\t<\/div>\n\t\t\t\t<\/div>\n\t\t\t\t<section class=\"elementor-section elementor-top-section elementor-element elementor-element-0db61af elementor-section-stretched animated-slow elementor-section-boxed elementor-section-height-default elementor-section-height-default elementor-invisible\" data-id=\"0db61af\" data-element_type=\"section\" data-e-type=\"section\" data-settings=\"{&quot;background_background&quot;:&quot;slideshow&quot;,&quot;stretch_section&quot;:&quot;section-stretched&quot;,&quot;animation&quot;:&quot;fadeIn&quot;,&quot;background_slideshow_gallery&quot;:[],&quot;background_slideshow_loop&quot;:&quot;yes&quot;,&quot;background_slideshow_slide_duration&quot;:5000,&quot;background_slideshow_slide_transition&quot;:&quot;fade&quot;,&quot;background_slideshow_transition_duration&quot;:500}\">\n\t\t\t\t\t\t\t<div class=\"elementor-background-overlay\"><\/div>\n\t\t\t\t\t\t\t<div class=\"elementor-container elementor-column-gap-default\">\n\t\t\t\t\t<div class=\"elementor-column elementor-col-50 elementor-top-column elementor-element elementor-element-ab51c64\" data-id=\"ab51c64\" data-element_type=\"column\" data-e-type=\"column\">\n\t\t\t<div class=\"elementor-widget-wrap elementor-element-populated\">\n\t\t\t\t\t\t<div class=\"elementor-element elementor-element-aa14417 elementor-widget__width-initial elementor-widget elementor-widget-text-editor\" data-id=\"aa14417\" data-element_type=\"widget\" data-e-type=\"widget\" data-widget_type=\"text-editor.default\">\n\t\t\t\t<div class=\"elementor-widget-container\">\n\t\t\t\t\t\t\t\t\t<p>A Scient ajuda organiza\u00e7\u00f5es a desenhar e construir os produtos, servi\u00e7os, fluxos de trabalho e solu\u00e7\u00f5es digitais necess\u00e1rios para tornar iniciativas estrat\u00e9gicas reais.<\/p><p>\u00c0s vezes, o pr\u00f3ximo passo certo n\u00e3o \u00e9 apenas estrat\u00e9gia, design ou diagn\u00f3stico. \u00c0s vezes, o neg\u00f3cio precisa de algo tang\u00edvel: um prot\u00f3tipo, um MVP, uma ferramenta de workflow, uma interface, um componente de plataforma ou uma solu\u00e7\u00e3o digital mais completa.<\/p><p>A Scient apoia essa constru\u00e7\u00e3o com uma mentalidade pr\u00e1tica. Focamos no que precisa existir para sustentar a iniciativa, a opera\u00e7\u00e3o ou o objetivo de neg\u00f3cio \u2014 no n\u00edvel certo para o est\u00e1gio e o contexto.<\/p><p>Product and Service Build \u00e9 a camada de execu\u00e7\u00e3o que transforma ideias, pilotos e iniciativas em solu\u00e7\u00f5es utiliz\u00e1veis.<\/p><p>Isso pode incluir prot\u00f3tipos test\u00e1veis, MVPs, workflows integrados, camadas de servi\u00e7o digital, ferramentas voltadas ao cliente, plataformas internas ou interfaces operacionais.<\/p><p>O objetivo n\u00e3o \u00e9 apenas construir r\u00e1pido, mas construir com prop\u00f3sito.<\/p>\t\t\t\t\t\t\t\t<\/div>\n\t\t\t\t<\/div>\n\t\t\t\t<div class=\"elementor-element elementor-element-9953812 elementor-widget elementor-widget-heading\" data-id=\"9953812\" data-element_type=\"widget\" data-e-type=\"widget\" data-widget_type=\"heading.default\">\n\t\t\t\t<div class=\"elementor-widget-container\">\n\t\t\t\t\t<h3 class=\"elementor-heading-title elementor-size-default\">Capacidades relacionadas<\/h3>\t\t\t\t<\/div>\n\t\t\t\t<\/div>\n\t\t\t\t<div class=\"elementor-element elementor-element-56bcbb2 elementor-widget__width-initial elementor-widget elementor-widget-text-editor\" data-id=\"56bcbb2\" data-element_type=\"widget\" data-e-type=\"widget\" data-widget_type=\"text-editor.default\">\n\t\t\t\t<div class=\"elementor-widget-container\">\n\t\t\t\t\t\t\t\t\t<ul><li><a href=\"https:\/\/scient.com.br\/pt\/ui-ux-design\/\">Design UI\/UX<\/a><\/li><li><a href=\"https:\/\/scient.com.br\/pt\/prototypes\/\">Prot\u00f3tipos<\/a><\/li><li><a href=\"https:\/\/scient.com.br\/pt\/minimum-viable-product\/\">Produto M\u00ednimo Vi\u00e1vel (MVP)<\/a><\/li><li><a href=\"https:\/\/scient.com.br\/pt\/web-development\/\">Desenvolvimento Web<\/a><\/li><li><a href=\"https:\/\/scient.com.br\/pt\/scalable-full-projects\/\">Solu\u00e7\u00f5es Digitais Escal\u00e1veis<\/a><\/li><\/ul>\t\t\t\t\t\t\t\t<\/div>\n\t\t\t\t<\/div>\n\t\t\t\t\t<\/div>\n\t\t<\/div>\n\t\t\t\t<div class=\"elementor-column elementor-col-50 elementor-top-column elementor-element elementor-element-d804cf7\" data-id=\"d804cf7\" data-element_type=\"column\" data-e-type=\"column\">\n\t\t\t<div class=\"elementor-widget-wrap elementor-element-populated\">\n\t\t\t\t\t\t<div class=\"elementor-element elementor-element-c7c9d16 elementor-widget elementor-widget-spacer\" data-id=\"c7c9d16\" data-element_type=\"widget\" data-e-type=\"widget\" data-widget_type=\"spacer.default\">\n\t\t\t\t<div class=\"elementor-widget-container\">\n\t\t\t\t\t\t\t<div class=\"elementor-spacer\">\n\t\t\t<div class=\"elementor-spacer-inner\"><\/div>\n\t\t<\/div>\n\t\t\t\t\t\t<\/div>\n\t\t\t\t<\/div>\n\t\t\t\t<div class=\"elementor-element elementor-element-25dc927 elementor-widget elementor-widget-image\" data-id=\"25dc927\" data-element_type=\"widget\" data-e-type=\"widget\" data-widget_type=\"image.default\">\n\t\t\t\t<div class=\"elementor-widget-container\">\n\t\t\t\t\t\t\t\t\t\t\t\t\t\t\t<img fetchpriority=\"high\" decoding=\"async\" width=\"800\" height=\"534\" src=\"https:\/\/scient.com.br\/wp-content\/uploads\/2026\/03\/ProductandServiceBuild-1024x683.png\" class=\"attachment-large size-large wp-image-2829\" alt=\"\" srcset=\"https:\/\/scient.com.br\/wp-content\/uploads\/2026\/03\/ProductandServiceBuild-1024x683.png 1024w, https:\/\/scient.com.br\/wp-content\/uploads\/2026\/03\/ProductandServiceBuild-300x200.png 300w, https:\/\/scient.com.br\/wp-content\/uploads\/2026\/03\/ProductandServiceBuild-768x512.png 768w, https:\/\/scient.com.br\/wp-content\/uploads\/2026\/03\/ProductandServiceBuild-18x12.png 18w, https:\/\/scient.com.br\/wp-content\/uploads\/2026\/03\/ProductandServiceBuild.png 1536w\" sizes=\"(max-width: 800px) 100vw, 800px\" \/>\t\t\t\t\t\t\t\t\t\t\t\t\t\t\t<\/div>\n\t\t\t\t<\/div>\n\t\t\t\t<div class=\"elementor-element elementor-element-7a03855 elementor-widget__width-initial elementor-widget elementor-widget-text-editor\" data-id=\"7a03855\" data-element_type=\"widget\" data-e-type=\"widget\" data-widget_type=\"text-editor.default\">\n\t\t\t\t<div class=\"elementor-widget-container\">\n\t\t\t\t\t\t\t\t\t<div class=\"scient-talk-box\">\n  <h4><a href=\"https:\/\/scient.com.br\/pt\/getaquote\/\">\n    <span style=\"color: #ffffff; font-weight: bold;\">\n      <i class=\"fas fa-comment\"><\/i> Vamos Falar!\n    <\/span>\n  <\/a><\/h4>\n  <h6><a href=\"https:\/\/scient.com.br\/pt\/getaquote\/\">\n    <span style=\"color: #ffffff;\">\n      Pronto para transformar seu conceito em impacto de mercado? Entre em contato hoje e vamos transformar sua vis\u00e3o em realidade.\n    <\/span>\n  <\/a><\/h6>\n<\/div>\t\t\t\t\t\t\t\t<\/div>\n\t\t\t\t<\/div>\n\t\t\t\t\t<\/div>\n\t\t<\/div>\n\t\t\t\t\t<\/div>\n\t\t<\/section>\n\t\t\t\t<\/div>","protected":false},"excerpt":{"rendered":"<p>Solution Build Build the digital layer that enables validation, execution, and growth Scient helps organizations design and build the products, services, workflows, and digital solutions needed to make strategic initiatives real. Sometimes the right next step is not only strategy, design, or diagnosis. Sometimes the business needs something tangible: a prototype, an MVP, a workflow [&hellip;]<\/p>\n","protected":false},"author":1,"featured_media":0,"parent":0,"menu_order":0,"comment_status":"closed","ping_status":"closed","template":"","meta":{"footnotes":""},"class_list":["post-2748","page","type-page","status-publish","hentry"],"yoast_head":"<!-- This site is optimized with the Yoast SEO Premium plugin v24.9 (Yoast SEO v24.9) - https:\/\/yoast.com\/wordpress\/plugins\/seo\/ -->\n<title>Product and Service Build\u200b| - Scient<\/title>\n<meta name=\"description\" content=\"Scient helps organizations design and build the products, services, workflows, and digital solutions needed to make strategic initiatives real.\" \/>\n<meta name=\"robots\" content=\"index, follow, max-snippet:-1, max-image-preview:large, max-video-preview:-1\" \/>\n<link rel=\"canonical\" href=\"https:\/\/scient.com.br\/pt\/product-and-service-build\/\" \/>\n<meta property=\"og:locale\" content=\"pt_BR\" \/>\n<meta property=\"og:type\" content=\"article\" \/>\n<meta property=\"og:title\" content=\"Product and Service Build\u200b\" \/>\n<meta property=\"og:description\" content=\"Scient helps organizations design and build the products, services, workflows, and digital solutions needed to make strategic initiatives real.\" \/>\n<meta property=\"og:url\" content=\"https:\/\/scient.com.br\/pt\/product-and-service-build\/\" \/>\n<meta property=\"og:site_name\" content=\"Scient\" \/>\n<meta property=\"article:modified_time\" content=\"2026-04-02T14:05:56+00:00\" \/>\n<meta property=\"og:image\" content=\"https:\/\/scient.com.br\/wp-content\/uploads\/2026\/03\/ProductandServiceBuild-1024x683.png\" \/>\n\t<meta property=\"og:image:width\" content=\"1024\" \/>\n\t<meta property=\"og:image:height\" content=\"683\" \/>\n\t<meta property=\"og:image:type\" content=\"image\/png\" \/>\n<meta name=\"twitter:card\" content=\"summary_large_image\" \/>\n<meta name=\"twitter:description\" content=\"Scient helps organizations design and build the products, services, workflows, and digital solutions needed to make strategic initiatives real.\" \/>\n<meta name=\"twitter:label1\" content=\"Est. tempo de leitura\" \/>\n\t<meta name=\"twitter:data1\" content=\"2 minutos\" \/>\n<script type=\"application\/ld+json\" class=\"yoast-schema-graph\">{\"@context\":\"https:\/\/schema.org\",\"@graph\":[{\"@type\":\"WebPage\",\"@id\":\"https:\/\/scient.com.br\/product-and-service-build\/\",\"url\":\"https:\/\/scient.com.br\/product-and-service-build\/\",\"name\":\"Product and Service Build\u200b| - Scient\",\"isPartOf\":{\"@id\":\"https:\/\/scient.com.br\/#website\"},\"primaryImageOfPage\":{\"@id\":\"https:\/\/scient.com.br\/product-and-service-build\/#primaryimage\"},\"image\":{\"@id\":\"https:\/\/scient.com.br\/product-and-service-build\/#primaryimage\"},\"thumbnailUrl\":\"https:\/\/scient.com.br\/wp-content\/uploads\/2026\/03\/ProductandServiceBuild-1024x683.png\",\"datePublished\":\"2026-03-11T16:28:18+00:00\",\"dateModified\":\"2026-04-02T14:05:56+00:00\",\"description\":\"Scient helps organizations design and build the products, services, workflows, and digital solutions needed to make strategic initiatives real.\",\"breadcrumb\":{\"@id\":\"https:\/\/scient.com.br\/product-and-service-build\/#breadcrumb\"},\"inLanguage\":\"pt-BR\",\"potentialAction\":[{\"@type\":\"ReadAction\",\"target\":[\"https:\/\/scient.com.br\/product-and-service-build\/\"]}]},{\"@type\":\"ImageObject\",\"inLanguage\":\"pt-BR\",\"@id\":\"https:\/\/scient.com.br\/product-and-service-build\/#primaryimage\",\"url\":\"https:\/\/scient.com.br\/wp-content\/uploads\/2026\/03\/ProductandServiceBuild-1024x683.png\",\"contentUrl\":\"https:\/\/scient.com.br\/wp-content\/uploads\/2026\/03\/ProductandServiceBuild-1024x683.png\"},{\"@type\":\"BreadcrumbList\",\"@id\":\"https:\/\/scient.com.br\/product-and-service-build\/#breadcrumb\",\"itemListElement\":[{\"@type\":\"ListItem\",\"position\":1,\"name\":\"Home\",\"item\":\"https:\/\/scient.com.br\/\"},{\"@type\":\"ListItem\",\"position\":2,\"name\":\"Product and Service Build\u200b\"}]},{\"@type\":\"WebSite\",\"@id\":\"https:\/\/scient.com.br\/#website\",\"url\":\"https:\/\/scient.com.br\/\",\"name\":\"Scient\",\"description\":\"From Strategy to Execution\",\"publisher\":{\"@id\":\"https:\/\/scient.com.br\/#organization\"},\"potentialAction\":[{\"@type\":\"SearchAction\",\"target\":{\"@type\":\"EntryPoint\",\"urlTemplate\":\"https:\/\/scient.com.br\/?s={search_term_string}\"},\"query-input\":{\"@type\":\"PropertyValueSpecification\",\"valueRequired\":true,\"valueName\":\"search_term_string\"}}],\"inLanguage\":\"pt-BR\"},{\"@type\":\"Organization\",\"@id\":\"https:\/\/scient.com.br\/#organization\",\"name\":\"Scient\",\"url\":\"https:\/\/scient.com.br\/\",\"logo\":{\"@type\":\"ImageObject\",\"inLanguage\":\"pt-BR\",\"@id\":\"https:\/\/scient.com.br\/#\/schema\/logo\/image\/\",\"url\":\"https:\/\/scient.com.br\/wp-content\/uploads\/2025\/02\/Scientg.png\",\"contentUrl\":\"https:\/\/scient.com.br\/wp-content\/uploads\/2025\/02\/Scientg.png\",\"width\":747,\"height\":189,\"caption\":\"Scient\"},\"image\":{\"@id\":\"https:\/\/scient.com.br\/#\/schema\/logo\/image\/\"}}]}<\/script>\n<!-- \/ Yoast SEO Premium plugin. -->","yoast_head_json":{"title":"Product and Service Build\u200b| - Scient","description":"A Scient ajuda organiza\u00e7\u00f5es a desenhar e construir os produtos, servi\u00e7os, fluxos de trabalho e solu\u00e7\u00f5es digitais necess\u00e1rios para tornar iniciativas estrat\u00e9gicas reais.","robots":{"index":"index","follow":"follow","max-snippet":"max-snippet:-1","max-image-preview":"max-image-preview:large","max-video-preview":"max-video-preview:-1"},"canonical":"https:\/\/scient.com.br\/pt\/product-and-service-build\/","og_locale":"pt_BR","og_type":"article","og_title":"Product and Service Build\u200b","og_description":"Scient helps organizations design and build the products, services, workflows, and digital solutions needed to make strategic initiatives real.","og_url":"https:\/\/scient.com.br\/pt\/product-and-service-build\/","og_site_name":"Scient","article_modified_time":"2026-04-02T14:05:56+00:00","og_image":[{"width":1024,"height":683,"url":"https:\/\/scient.com.br\/wp-content\/uploads\/2026\/03\/ProductandServiceBuild-1024x683.png","type":"image\/png"}],"twitter_card":"summary_large_image","twitter_description":"Scient helps organizations design and build the products, services, workflows, and digital solutions needed to make strategic initiatives real.","twitter_misc":{"Est. tempo de leitura":"2 minutos"},"schema":{"@context":"https:\/\/schema.org","@graph":[{"@type":"WebPage","@id":"https:\/\/scient.com.br\/product-and-service-build\/","url":"https:\/\/scient.com.br\/product-and-service-build\/","name":"Product and Service Build\u200b| - Scient","isPartOf":{"@id":"https:\/\/scient.com.br\/#website"},"primaryImageOfPage":{"@id":"https:\/\/scient.com.br\/product-and-service-build\/#primaryimage"},"image":{"@id":"https:\/\/scient.com.br\/product-and-service-build\/#primaryimage"},"thumbnailUrl":"https:\/\/scient.com.br\/wp-content\/uploads\/2026\/03\/ProductandServiceBuild-1024x683.png","datePublished":"2026-03-11T16:28:18+00:00","dateModified":"2026-04-02T14:05:56+00:00","description":"A Scient ajuda organiza\u00e7\u00f5es a desenhar e construir os produtos, servi\u00e7os, fluxos de trabalho e solu\u00e7\u00f5es digitais necess\u00e1rios para tornar iniciativas estrat\u00e9gicas reais.","breadcrumb":{"@id":"https:\/\/scient.com.br\/product-and-service-build\/#breadcrumb"},"inLanguage":"pt-BR","potentialAction":[{"@type":"ReadAction","target":["https:\/\/scient.com.br\/product-and-service-build\/"]}]},{"@type":"ImageObject","inLanguage":"pt-BR","@id":"https:\/\/scient.com.br\/product-and-service-build\/#primaryimage","url":"https:\/\/scient.com.br\/wp-content\/uploads\/2026\/03\/ProductandServiceBuild-1024x683.png","contentUrl":"https:\/\/scient.com.br\/wp-content\/uploads\/2026\/03\/ProductandServiceBuild-1024x683.png"},{"@type":"BreadcrumbList","@id":"https:\/\/scient.com.br\/product-and-service-build\/#breadcrumb","itemListElement":[{"@type":"ListItem","position":1,"name":"Home","item":"https:\/\/scient.com.br\/"},{"@type":"ListItem","position":2,"name":"Product and Service Build\u200b"}]},{"@type":"WebSite","@id":"https:\/\/scient.com.br\/#website","url":"https:\/\/scient.com.br\/","name":"Scient","description":"Da Estrat\u00e9gia \u00e0 Execu\u00e7\u00e3o","publisher":{"@id":"https:\/\/scient.com.br\/#organization"},"potentialAction":[{"@type":"SearchAction","target":{"@type":"EntryPoint","urlTemplate":"https:\/\/scient.com.br\/?s={search_term_string}"},"query-input":{"@type":"PropertyValueSpecification","valueRequired":true,"valueName":"search_term_string"}}],"inLanguage":"pt-BR"},{"@type":"Organization","@id":"https:\/\/scient.com.br\/#organization","name":"Scient","url":"https:\/\/scient.com.br\/","logo":{"@type":"ImageObject","inLanguage":"pt-BR","@id":"https:\/\/scient.com.br\/#\/schema\/logo\/image\/","url":"https:\/\/scient.com.br\/wp-content\/uploads\/2025\/02\/Scientg.png","contentUrl":"https:\/\/scient.com.br\/wp-content\/uploads\/2025\/02\/Scientg.png","width":747,"height":189,"caption":"Scient"},"image":{"@id":"https:\/\/scient.com.br\/#\/schema\/logo\/image\/"}}]}},"_links":{"self":[{"href":"https:\/\/scient.com.br\/pt\/wp-json\/wp\/v2\/pages\/2748","targetHints":{"allow":["GET"]}}],"collection":[{"href":"https:\/\/scient.com.br\/pt\/wp-json\/wp\/v2\/pages"}],"about":[{"href":"https:\/\/scient.com.br\/pt\/wp-json\/wp\/v2\/types\/page"}],"author":[{"embeddable":true,"href":"https:\/\/scient.com.br\/pt\/wp-json\/wp\/v2\/users\/1"}],"replies":[{"embeddable":true,"href":"https:\/\/scient.com.br\/pt\/wp-json\/wp\/v2\/comments?post=2748"}],"version-history":[{"count":91,"href":"https:\/\/scient.com.br\/pt\/wp-json\/wp\/v2\/pages\/2748\/revisions"}],"predecessor-version":[{"id":4601,"href":"https:\/\/scient.com.br\/pt\/wp-json\/wp\/v2\/pages\/2748\/revisions\/4601"}],"wp:attachment":[{"href":"https:\/\/scient.com.br\/pt\/wp-json\/wp\/v2\/media?parent=2748"}],"curies":[{"name":"wp","href":"https:\/\/api.w.org\/{rel}","templated":true}]}}