{"id":2779,"date":"2026-03-11T16:58:16","date_gmt":"2026-03-11T16:58:16","guid":{"rendered":"https:\/\/scient.com.br\/?page_id=2779"},"modified":"2026-04-02T14:00:56","modified_gmt":"2026-04-02T14:00:56","slug":"operating-model-and-performance","status":"publish","type":"page","link":"https:\/\/scient.com.br\/pt\/operating-model-and-performance\/","title":{"rendered":"Modelo Operacional e Performance"},"content":{"rendered":"<div data-elementor-type=\"wp-page\" data-elementor-id=\"2779\" class=\"elementor elementor-2779\" data-elementor-post-type=\"page\">\n\t\t\t\t<div class=\"elementor-element elementor-element-0e28735 e-flex e-con-boxed e-con e-parent\" data-id=\"0e28735\" data-element_type=\"container\" data-e-type=\"container\" data-settings=\"{&quot;background_background&quot;:&quot;classic&quot;}\">\n\t\t\t\t\t<div class=\"e-con-inner\">\n\t\t<div class=\"elementor-element elementor-element-0c67398 e-con-full e-flex e-con e-child\" data-id=\"0c67398\" data-element_type=\"container\" data-e-type=\"container\" data-settings=\"{&quot;background_background&quot;:&quot;classic&quot;}\">\n\t\t\t\t<div class=\"elementor-element elementor-element-53edb77 elementor-widget elementor-widget-heading\" data-id=\"53edb77\" data-element_type=\"widget\" data-e-type=\"widget\" data-widget_type=\"heading.default\">\n\t\t\t\t<div class=\"elementor-widget-container\">\n\t\t\t\t\t<h2 class=\"elementor-heading-title elementor-size-default\">Modelo Operacional e Performance<\/h2>\t\t\t\t<\/div>\n\t\t\t\t<\/div>\n\t\t\t\t<div class=\"elementor-element elementor-element-896989a elementor-widget__width-initial elementor-widget elementor-widget-heading\" data-id=\"896989a\" data-element_type=\"widget\" data-e-type=\"widget\" data-widget_type=\"heading.default\">\n\t\t\t\t<div class=\"elementor-widget-container\">\n\t\t\t\t\t<span class=\"elementor-heading-title elementor-size-default\">Melhore como o trabalho flui, as decis\u00f5es acontecem e a execu\u00e7\u00e3o performa.<\/span>\t\t\t\t<\/div>\n\t\t\t\t<\/div>\n\t\t\t\t<div class=\"elementor-element elementor-element-e28ae07 elementor-widget elementor-widget-spacer\" data-id=\"e28ae07\" data-element_type=\"widget\" data-e-type=\"widget\" data-widget_type=\"spacer.default\">\n\t\t\t\t<div class=\"elementor-widget-container\">\n\t\t\t\t\t\t\t<div class=\"elementor-spacer\">\n\t\t\t<div class=\"elementor-spacer-inner\"><\/div>\n\t\t<\/div>\n\t\t\t\t\t\t<\/div>\n\t\t\t\t<\/div>\n\t\t\t\t<\/div>\n\t\t\t\t\t<\/div>\n\t\t\t\t<\/div>\n\t\t<div class=\"elementor-element elementor-element-657fc7a e-flex e-con-boxed e-con e-parent\" data-id=\"657fc7a\" data-element_type=\"container\" data-e-type=\"container\">\n\t\t\t\t\t<div class=\"e-con-inner\">\n\t\t<div class=\"elementor-element elementor-element-6b1c80e e-con-full e-flex e-con e-child\" data-id=\"6b1c80e\" data-element_type=\"container\" data-e-type=\"container\">\n\t\t\t\t<div class=\"elementor-element elementor-element-be2f6e3 elementor-widget elementor-widget-heading\" data-id=\"be2f6e3\" data-element_type=\"widget\" data-e-type=\"widget\" data-widget_type=\"heading.default\">\n\t\t\t\t<div class=\"elementor-widget-container\">\n\t\t\t\t\t<h3 class=\"elementor-heading-title elementor-size-default\">A Scient ajuda organiza\u00e7\u00f5es a fortalecer fluxos de trabalho, handoffs, accountability, governan\u00e7a e l\u00f3gica de KPIs para que as equipes executem com mais clareza, velocidade e consist\u00eancia.<\/h3>\t\t\t\t<\/div>\n\t\t\t\t<\/div>\n\t\t\t\t<div class=\"elementor-element elementor-element-9cc1891 elementor-widget elementor-widget-text-editor\" data-id=\"9cc1891\" data-element_type=\"widget\" data-e-type=\"widget\" data-widget_type=\"text-editor.default\">\n\t\t\t\t<div class=\"elementor-widget-container\">\n\t\t\t\t\t\t\t\t\t<p>A execu\u00e7\u00e3o n\u00e3o depende apenas de estrat\u00e9gia, tecnologia ou novas iniciativas. Ela tamb\u00e9m depende de como o neg\u00f3cio opera no dia a dia \u2014 como o trabalho se move, como as equipes se coordenam, onde surgem fric\u00e7\u00f5es, como as decis\u00f5es s\u00e3o tomadas e se a performance realmente est\u00e1 vis\u00edvel.<\/p><p>A Scient ajuda organiza\u00e7\u00f5es a melhorar o lado operacional da execu\u00e7\u00e3o, analisando como o trabalho realmente acontece na pr\u00e1tica e identificando onde o modelo precisa se tornar mais claro, mais forte e mais eficaz.<\/p><p>Isso pode envolver a revis\u00e3o de fluxos de trabalho, responsabilidades, l\u00f3gica de decis\u00e3o, coordena\u00e7\u00e3o entre \u00e1reas, rotinas de governan\u00e7a e estrutura de KPIs para que a organiza\u00e7\u00e3o passe de um esfor\u00e7o fragmentado para uma execu\u00e7\u00e3o mais consistente.<\/p>\t\t\t\t\t\t\t\t<\/div>\n\t\t\t\t<\/div>\n\t\t\t\t<div class=\"elementor-element elementor-element-d40267b elementor-widget elementor-widget-heading\" data-id=\"d40267b\" data-element_type=\"widget\" data-e-type=\"widget\" data-widget_type=\"heading.default\">\n\t\t\t\t<div class=\"elementor-widget-container\">\n\t\t\t\t\t<h3 class=\"elementor-heading-title elementor-size-default\">O que a Scient pode entregar<\/h3>\t\t\t\t<\/div>\n\t\t\t\t<\/div>\n\t\t\t\t<div class=\"elementor-element elementor-element-e68d822 elementor-widget elementor-widget-text-editor\" data-id=\"e68d822\" data-element_type=\"widget\" data-e-type=\"widget\" data-widget_type=\"text-editor.default\">\n\t\t\t\t<div class=\"elementor-widget-container\">\n\t\t\t\t\t\t\t\t\t<ul><li>Mapeamento do fluxo operacional atual<\/li><li>Diagn\u00f3stico operacional e organizacional<\/li><li>Identifica\u00e7\u00e3o de gargalos, pontos de fric\u00e7\u00e3o e falhas de coordena\u00e7\u00e3o<\/li><li>Clareza de pap\u00e9is e accountability<\/li><li>An\u00e1lise de handoffs e depend\u00eancias<\/li><li>Recomenda\u00e7\u00f5es sobre governan\u00e7a e fluxo de decis\u00e3o<\/li><li>Estrutura de KPIs e medi\u00e7\u00e3o de baseline<\/li><li>Oportunidades de melhoria priorizadas<\/li><li>Roadmap pr\u00e1tico para melhoria operacional<\/li><\/ul>\t\t\t\t\t\t\t\t<\/div>\n\t\t\t\t<\/div>\n\t\t\t\t<div class=\"elementor-element elementor-element-000f3e4 elementor-widget elementor-widget-heading\" data-id=\"000f3e4\" data-element_type=\"widget\" data-e-type=\"widget\" data-widget_type=\"heading.default\">\n\t\t\t\t<div class=\"elementor-widget-container\">\n\t\t\t\t\t<h3 class=\"elementor-heading-title elementor-size-default\">O que muda depois desse trabalho<\/h3>\t\t\t\t<\/div>\n\t\t\t\t<\/div>\n\t\t\t\t<div class=\"elementor-element elementor-element-758ca77 elementor-widget elementor-widget-text-editor\" data-id=\"758ca77\" data-element_type=\"widget\" data-e-type=\"widget\" data-widget_type=\"text-editor.default\">\n\t\t\t\t<div class=\"elementor-widget-container\">\n\t\t\t\t\t\t\t\t\t<ul><li>Melhor visibilidade sobre como o trabalho realmente flui<\/li><li>Ownership e accountability mais claros<\/li><li>Coordena\u00e7\u00e3o mais forte entre equipes<\/li><li>Melhor entendimento de onde a execu\u00e7\u00e3o est\u00e1 sendo bloqueada<\/li><li>L\u00f3gica de KPIs mais \u00fatil e maior visibilidade de performance<\/li><li>Estrutura de governan\u00e7a mais s\u00f3lida para acompanhamento<\/li><li>Um caminho mais claro para melhoria operacional e execu\u00e7\u00e3o mais forte<\/li><\/ul>\t\t\t\t\t\t\t\t<\/div>\n\t\t\t\t<\/div>\n\t\t\t\t<\/div>\n\t\t<div class=\"elementor-element elementor-element-84f10b1 e-con-full e-flex e-con e-child\" data-id=\"84f10b1\" data-element_type=\"container\" data-e-type=\"container\">\n\t\t\t\t<div class=\"elementor-element elementor-element-7201ba6 elementor-widget elementor-widget-heading\" data-id=\"7201ba6\" data-element_type=\"widget\" data-e-type=\"widget\" data-widget_type=\"heading.default\">\n\t\t\t\t<div class=\"elementor-widget-container\">\n\t\t\t\t\t<h3 class=\"elementor-heading-title elementor-size-default\">Mapeamento operacional e organizacional<\/h3>\t\t\t\t<\/div>\n\t\t\t\t<\/div>\n\t\t\t\t<div class=\"elementor-element elementor-element-fd56c06 elementor-widget elementor-widget-text-editor\" data-id=\"fd56c06\" data-element_type=\"widget\" data-e-type=\"widget\" data-widget_type=\"text-editor.default\">\n\t\t\t\t<div class=\"elementor-widget-container\">\n\t\t\t\t\t\t\t\t\t<p>An\u00e1lise estruturada de como o trabalho realmente acontece em toda a organiza\u00e7\u00e3o \u2014 incluindo fluxos, responsabilidades, handoffs, depend\u00eancias, gargalos, pontos de decis\u00e3o e fric\u00e7\u00f5es que afetam a execu\u00e7\u00e3o.<\/p><p>Isso ajuda a revelar onde o trabalho desacelera, onde o ownership \u00e9 pouco claro, onde a coordena\u00e7\u00e3o falha e onde o modelo operacional precisa de ajustes para sustentar uma execu\u00e7\u00e3o mais confi\u00e1vel.<\/p>\t\t\t\t\t\t\t\t<\/div>\n\t\t\t\t<\/div>\n\t\t\t\t<div class=\"elementor-element elementor-element-7a8ff1d elementor-widget elementor-widget-html\" data-id=\"7a8ff1d\" data-element_type=\"widget\" data-e-type=\"widget\" data-widget_type=\"html.default\">\n\t\t\t\t<div class=\"elementor-widget-container\">\n\t\t\t\t\t<section class=\"scient-capabilities-section\">\n  <div class=\"scient-capabilities-wrap\">\n    <div class=\"scient-capabilities-header\">\n      <h2>O que a Scient analisa<\/h2>\n    <\/div>\n\n    <div class=\"scient-capabilities-grid\">\n      <div class=\"scient-capabilities-column\">\n        <article class=\"scient-capability-item\">\n          <h3>Fluxos de trabalho e fluxo de execu\u00e7\u00e3o<\/h3>\n          <p>Como as atividades passam de uma etapa para outra, onde surgem atrasos, onde acontece retrabalho e onde a execu\u00e7\u00e3o depende demais de coordena\u00e7\u00e3o informal.<\/p>\n        <\/article>\n\n        <article class=\"scient-capability-item\">\n          <h3>Pap\u00e9is e accountability<\/h3>\n          <p>Como as responsabilidades est\u00e3o distribu\u00eddas, onde o ownership \u00e9 fraco ou sobreposto e se as equipes t\u00eam clareza suficiente para levar o trabalho adiante com efic\u00e1cia.<\/p>\n        <\/article>\n\n        <article class=\"scient-capability-item\">\n          <h3>Handoffs e depend\u00eancias<\/h3>\n          <p>Como as equipes se conectam, onde as transi\u00e7\u00f5es se rompem e quais depend\u00eancias criam espera desnecess\u00e1ria, duplica\u00e7\u00e3o ou perda de ritmo.<\/p>\n        <\/article>\n      <\/div>\n\n      <div class=\"scient-capabilities-column\">\n        <article class=\"scient-capability-item\">\n          <h3>L\u00f3gica de decis\u00e3o e governan\u00e7a<\/h3>\n          <p>Como as decis\u00f5es s\u00e3o tomadas, quem decide o qu\u00ea, como acontecem os escalonamentos e se as rotinas de governan\u00e7a realmente sustentam a execu\u00e7\u00e3o em vez de desaceler\u00e1-la.<\/p>\n        <\/article>\n\n        <article class=\"scient-capability-item\">\n          <h3>L\u00f3gica de KPIs e visibilidade<\/h3>\n          <p>O que est\u00e1 sendo medido, se isso reflete a realidade operacional, onde a visibilidade de performance \u00e9 fraca e como as m\u00e9tricas podem apoiar melhor a gest\u00e3o e a tomada de decis\u00e3o.<\/p>\n        <\/article>\n      <\/div>\n    <\/div>\n  <\/div>\n<\/section>\t\t\t\t<\/div>\n\t\t\t\t<\/div>\n\t\t\t\t<div class=\"elementor-element elementor-element-c831873 elementor-widget__width-initial elementor-widget elementor-widget-text-editor\" data-id=\"c831873\" data-element_type=\"widget\" data-e-type=\"widget\" data-widget_type=\"text-editor.default\">\n\t\t\t\t<div class=\"elementor-widget-container\">\n\t\t\t\t\t\t\t\t\t<div class=\"scient-talk-box\">\n<h4><a href=\"https:\/\/scient.com.br\/pt\/getaquote\/\">\n<span style=\"color: #ffffff; font-weight: bold;\">\n<i class=\"fas fa-comment\"><\/i> Vamos Falar!\n<\/span>\n<\/a><\/h4>\n<h6><a href=\"https:\/\/scient.com.br\/pt\/getaquote\/\">\n<span style=\"color: #ffffff;\">\nPrecisa melhorar como a execu\u00e7\u00e3o funciona na pr\u00e1tica? Entre em contato conosco hoje e vamos transformar sua vis\u00e3o em realidade.\n<\/span>\n<\/a><\/h6>\n<\/div>\t\t\t\t\t\t\t\t<\/div>\n\t\t\t\t<\/div>\n\t\t\t\t<\/div>\n\t\t\t\t\t<\/div>\n\t\t\t\t<\/div>\n\t\t<div class=\"elementor-element elementor-element-ec5fa3a e-flex e-con-boxed e-con e-parent\" data-id=\"ec5fa3a\" data-element_type=\"container\" data-e-type=\"container\">\n\t\t\t\t\t<div class=\"e-con-inner\">\n\t\t\t\t<div class=\"elementor-element elementor-element-a9714fc elementor-widget elementor-widget-spacer\" data-id=\"a9714fc\" data-element_type=\"widget\" data-e-type=\"widget\" data-widget_type=\"spacer.default\">\n\t\t\t\t<div class=\"elementor-widget-container\">\n\t\t\t\t\t\t\t<div class=\"elementor-spacer\">\n\t\t\t<div class=\"elementor-spacer-inner\"><\/div>\n\t\t<\/div>\n\t\t\t\t\t\t<\/div>\n\t\t\t\t<\/div>\n\t\t\t\t\t<\/div>\n\t\t\t\t<\/div>\n\t\t<div class=\"elementor-element elementor-element-a0ece4b e-flex e-con-boxed e-con e-parent\" data-id=\"a0ece4b\" data-element_type=\"container\" data-e-type=\"container\">\n\t\t\t\t\t<div class=\"e-con-inner\">\n\t\t\t\t<div class=\"elementor-element elementor-element-762ea19 elementor-widget elementor-widget-spacer\" data-id=\"762ea19\" data-element_type=\"widget\" data-e-type=\"widget\" data-widget_type=\"spacer.default\">\n\t\t\t\t<div class=\"elementor-widget-container\">\n\t\t\t\t\t\t\t<div class=\"elementor-spacer\">\n\t\t\t<div class=\"elementor-spacer-inner\"><\/div>\n\t\t<\/div>\n\t\t\t\t\t\t<\/div>\n\t\t\t\t<\/div>\n\t\t\t\t\t<\/div>\n\t\t\t\t<\/div>\n\t\t\t\t<\/div>","protected":false},"excerpt":{"rendered":"<p>Operating Model and Performance Improve how work flows, decisions happen, and execution performs Scient helps organizations strengthen workflows, handoffs, accountability, governance, and KPI logic so teams can execute with more clarity, speed, and consistency. Execution does not depend only on strategy, technology, or new initiatives. It also depends on how the business operates day to [&hellip;]<\/p>\n","protected":false},"author":1,"featured_media":0,"parent":0,"menu_order":0,"comment_status":"closed","ping_status":"closed","template":"","meta":{"footnotes":""},"class_list":["post-2779","page","type-page","status-publish","hentry"],"yoast_head":"<!-- This site is optimized with the Yoast SEO Premium plugin v24.9 (Yoast SEO v24.9) - https:\/\/yoast.com\/wordpress\/plugins\/seo\/ -->\n<title>Operating Model and Performance - Scient<\/title>\n<meta name=\"description\" content=\"Scient helps organizations strengthen workflows, handoffs, accountability, and KPI logic so teams can execute with more clarity, speed, and consistency.\" \/>\n<meta name=\"robots\" content=\"index, follow, max-snippet:-1, max-image-preview:large, max-video-preview:-1\" \/>\n<link rel=\"canonical\" href=\"https:\/\/scient.com.br\/pt\/operating-model-and-performance\/\" \/>\n<meta property=\"og:locale\" content=\"pt_BR\" \/>\n<meta property=\"og:type\" content=\"article\" \/>\n<meta property=\"og:title\" content=\"Operating Model and Performance\" \/>\n<meta property=\"og:description\" content=\"Scient helps organizations strengthen workflows, handoffs, accountability, and KPI logic so teams can execute with more clarity, speed, and consistency.\" \/>\n<meta property=\"og:url\" content=\"https:\/\/scient.com.br\/pt\/operating-model-and-performance\/\" \/>\n<meta property=\"og:site_name\" content=\"Scient\" \/>\n<meta property=\"article:modified_time\" content=\"2026-04-02T14:00:56+00:00\" \/>\n<meta name=\"twitter:card\" content=\"summary_large_image\" \/>\n<meta name=\"twitter:description\" content=\"Scient helps organizations strengthen workflows, handoffs, accountability, and KPI logic so teams can execute with more clarity, speed, and consistency.\" \/>\n<meta name=\"twitter:label1\" content=\"Est. tempo de leitura\" \/>\n\t<meta name=\"twitter:data1\" content=\"2 minutos\" \/>\n<script type=\"application\/ld+json\" class=\"yoast-schema-graph\">{\"@context\":\"https:\/\/schema.org\",\"@graph\":[{\"@type\":\"WebPage\",\"@id\":\"https:\/\/scient.com.br\/operating-model-and-performance\/\",\"url\":\"https:\/\/scient.com.br\/operating-model-and-performance\/\",\"name\":\"Operating Model and Performance - Scient\",\"isPartOf\":{\"@id\":\"https:\/\/scient.com.br\/#website\"},\"datePublished\":\"2026-03-11T16:58:16+00:00\",\"dateModified\":\"2026-04-02T14:00:56+00:00\",\"description\":\"Scient helps organizations strengthen workflows, handoffs, accountability, and KPI logic so teams can execute with more clarity, speed, and consistency.\",\"breadcrumb\":{\"@id\":\"https:\/\/scient.com.br\/operating-model-and-performance\/#breadcrumb\"},\"inLanguage\":\"pt-BR\",\"potentialAction\":[{\"@type\":\"ReadAction\",\"target\":[\"https:\/\/scient.com.br\/operating-model-and-performance\/\"]}]},{\"@type\":\"BreadcrumbList\",\"@id\":\"https:\/\/scient.com.br\/operating-model-and-performance\/#breadcrumb\",\"itemListElement\":[{\"@type\":\"ListItem\",\"position\":1,\"name\":\"Home\",\"item\":\"https:\/\/scient.com.br\/\"},{\"@type\":\"ListItem\",\"position\":2,\"name\":\"Operating Model and Performance\"}]},{\"@type\":\"WebSite\",\"@id\":\"https:\/\/scient.com.br\/#website\",\"url\":\"https:\/\/scient.com.br\/\",\"name\":\"Scient\",\"description\":\"From Strategy to Execution\",\"publisher\":{\"@id\":\"https:\/\/scient.com.br\/#organization\"},\"potentialAction\":[{\"@type\":\"SearchAction\",\"target\":{\"@type\":\"EntryPoint\",\"urlTemplate\":\"https:\/\/scient.com.br\/?s={search_term_string}\"},\"query-input\":{\"@type\":\"PropertyValueSpecification\",\"valueRequired\":true,\"valueName\":\"search_term_string\"}}],\"inLanguage\":\"pt-BR\"},{\"@type\":\"Organization\",\"@id\":\"https:\/\/scient.com.br\/#organization\",\"name\":\"Scient\",\"url\":\"https:\/\/scient.com.br\/\",\"logo\":{\"@type\":\"ImageObject\",\"inLanguage\":\"pt-BR\",\"@id\":\"https:\/\/scient.com.br\/#\/schema\/logo\/image\/\",\"url\":\"https:\/\/scient.com.br\/wp-content\/uploads\/2025\/02\/Scientg.png\",\"contentUrl\":\"https:\/\/scient.com.br\/wp-content\/uploads\/2025\/02\/Scientg.png\",\"width\":747,\"height\":189,\"caption\":\"Scient\"},\"image\":{\"@id\":\"https:\/\/scient.com.br\/#\/schema\/logo\/image\/\"}}]}<\/script>\n<!-- \/ Yoast SEO Premium plugin. -->","yoast_head_json":{"title":"Operating Model and Performance - Scient","description":"Scient ajuda organiza\u00e7\u00f5es a fortalecer fluxos de trabalho, handoffs, responsabilidades e a l\u00f3gica de KPIs para que as equipes possam executar com mais clareza, velocidade e consist\u00eancia.","robots":{"index":"index","follow":"follow","max-snippet":"max-snippet:-1","max-image-preview":"max-image-preview:large","max-video-preview":"max-video-preview:-1"},"canonical":"https:\/\/scient.com.br\/pt\/operating-model-and-performance\/","og_locale":"pt_BR","og_type":"article","og_title":"Operating Model and Performance","og_description":"Scient helps organizations strengthen workflows, handoffs, accountability, and KPI logic so teams can execute with more clarity, speed, and consistency.","og_url":"https:\/\/scient.com.br\/pt\/operating-model-and-performance\/","og_site_name":"Scient","article_modified_time":"2026-04-02T14:00:56+00:00","twitter_card":"summary_large_image","twitter_description":"Scient helps organizations strengthen workflows, handoffs, accountability, and KPI logic so teams can execute with more clarity, speed, and consistency.","twitter_misc":{"Est. tempo de leitura":"2 minutos"},"schema":{"@context":"https:\/\/schema.org","@graph":[{"@type":"WebPage","@id":"https:\/\/scient.com.br\/operating-model-and-performance\/","url":"https:\/\/scient.com.br\/operating-model-and-performance\/","name":"Operating Model and Performance - Scient","isPartOf":{"@id":"https:\/\/scient.com.br\/#website"},"datePublished":"2026-03-11T16:58:16+00:00","dateModified":"2026-04-02T14:00:56+00:00","description":"Scient ajuda organiza\u00e7\u00f5es a fortalecer fluxos de trabalho, handoffs, responsabilidades e a l\u00f3gica de KPIs para que as equipes possam executar com mais clareza, velocidade e consist\u00eancia.","breadcrumb":{"@id":"https:\/\/scient.com.br\/operating-model-and-performance\/#breadcrumb"},"inLanguage":"pt-BR","potentialAction":[{"@type":"ReadAction","target":["https:\/\/scient.com.br\/operating-model-and-performance\/"]}]},{"@type":"BreadcrumbList","@id":"https:\/\/scient.com.br\/operating-model-and-performance\/#breadcrumb","itemListElement":[{"@type":"ListItem","position":1,"name":"Home","item":"https:\/\/scient.com.br\/"},{"@type":"ListItem","position":2,"name":"Operating Model and Performance"}]},{"@type":"WebSite","@id":"https:\/\/scient.com.br\/#website","url":"https:\/\/scient.com.br\/","name":"Scient","description":"Da Estrat\u00e9gia \u00e0 Execu\u00e7\u00e3o","publisher":{"@id":"https:\/\/scient.com.br\/#organization"},"potentialAction":[{"@type":"SearchAction","target":{"@type":"EntryPoint","urlTemplate":"https:\/\/scient.com.br\/?s={search_term_string}"},"query-input":{"@type":"PropertyValueSpecification","valueRequired":true,"valueName":"search_term_string"}}],"inLanguage":"pt-BR"},{"@type":"Organization","@id":"https:\/\/scient.com.br\/#organization","name":"Scient","url":"https:\/\/scient.com.br\/","logo":{"@type":"ImageObject","inLanguage":"pt-BR","@id":"https:\/\/scient.com.br\/#\/schema\/logo\/image\/","url":"https:\/\/scient.com.br\/wp-content\/uploads\/2025\/02\/Scientg.png","contentUrl":"https:\/\/scient.com.br\/wp-content\/uploads\/2025\/02\/Scientg.png","width":747,"height":189,"caption":"Scient"},"image":{"@id":"https:\/\/scient.com.br\/#\/schema\/logo\/image\/"}}]}},"_links":{"self":[{"href":"https:\/\/scient.com.br\/pt\/wp-json\/wp\/v2\/pages\/2779","targetHints":{"allow":["GET"]}}],"collection":[{"href":"https:\/\/scient.com.br\/pt\/wp-json\/wp\/v2\/pages"}],"about":[{"href":"https:\/\/scient.com.br\/pt\/wp-json\/wp\/v2\/types\/page"}],"author":[{"embeddable":true,"href":"https:\/\/scient.com.br\/pt\/wp-json\/wp\/v2\/users\/1"}],"replies":[{"embeddable":true,"href":"https:\/\/scient.com.br\/pt\/wp-json\/wp\/v2\/comments?post=2779"}],"version-history":[{"count":56,"href":"https:\/\/scient.com.br\/pt\/wp-json\/wp\/v2\/pages\/2779\/revisions"}],"predecessor-version":[{"id":4582,"href":"https:\/\/scient.com.br\/pt\/wp-json\/wp\/v2\/pages\/2779\/revisions\/4582"}],"wp:attachment":[{"href":"https:\/\/scient.com.br\/pt\/wp-json\/wp\/v2\/media?parent=2779"}],"curies":[{"name":"wp","href":"https:\/\/api.w.org\/{rel}","templated":true}]}}