{"id":4865,"date":"2026-04-06T18:24:54","date_gmt":"2026-04-06T18:24:54","guid":{"rendered":"https:\/\/scient.com.br\/?page_id=4865"},"modified":"2026-04-06T19:11:27","modified_gmt":"2026-04-06T19:11:27","slug":"pilot-structuring","status":"publish","type":"page","link":"https:\/\/scient.com.br\/pt\/pilot-structuring\/","title":{"rendered":"Estrutura\u00e7\u00e3o de Pilotos"},"content":{"rendered":"<div data-elementor-type=\"wp-page\" data-elementor-id=\"4865\" class=\"elementor elementor-4865\" data-elementor-post-type=\"page\">\n\t\t\t\t<div class=\"elementor-element elementor-element-53b2065 e-flex e-con-boxed e-con e-parent\" data-id=\"53b2065\" data-element_type=\"container\" data-e-type=\"container\" data-settings=\"{&quot;background_background&quot;:&quot;classic&quot;}\">\n\t\t\t\t\t<div class=\"e-con-inner\">\n\t\t<div class=\"elementor-element elementor-element-c763ed5 e-con-full e-flex e-con e-child\" data-id=\"c763ed5\" data-element_type=\"container\" data-e-type=\"container\" data-settings=\"{&quot;background_background&quot;:&quot;classic&quot;}\">\n\t\t\t\t<div class=\"elementor-element elementor-element-ee78f0f elementor-widget elementor-widget-heading\" data-id=\"ee78f0f\" data-element_type=\"widget\" data-e-type=\"widget\" data-widget_type=\"heading.default\">\n\t\t\t\t<div class=\"elementor-widget-container\">\n\t\t\t\t\t<h2 class=\"elementor-heading-title elementor-size-default\">Estrutura\u00e7\u00e3o de Pilotos<\/h2>\t\t\t\t<\/div>\n\t\t\t\t<\/div>\n\t\t\t\t<div class=\"elementor-element elementor-element-1326ae7 elementor-widget__width-initial elementor-widget elementor-widget-heading\" data-id=\"1326ae7\" data-element_type=\"widget\" data-e-type=\"widget\" data-widget_type=\"heading.default\">\n\t\t\t\t<div class=\"elementor-widget-container\">\n\t\t\t\t\t<span class=\"elementor-heading-title elementor-size-default\">Transforme ideias em pilotos execut\u00e1veis<\/span>\t\t\t\t<\/div>\n\t\t\t\t<\/div>\n\t\t\t\t<div class=\"elementor-element elementor-element-36aec99 elementor-widget elementor-widget-spacer\" data-id=\"36aec99\" data-element_type=\"widget\" data-e-type=\"widget\" data-widget_type=\"spacer.default\">\n\t\t\t\t<div class=\"elementor-widget-container\">\n\t\t\t\t\t\t\t<div class=\"elementor-spacer\">\n\t\t\t<div class=\"elementor-spacer-inner\"><\/div>\n\t\t<\/div>\n\t\t\t\t\t\t<\/div>\n\t\t\t\t<\/div>\n\t\t\t\t<\/div>\n\t\t\t\t\t<\/div>\n\t\t\t\t<\/div>\n\t\t<div class=\"elementor-element elementor-element-657fc7a e-flex e-con-boxed e-con e-parent\" data-id=\"657fc7a\" data-element_type=\"container\" data-e-type=\"container\">\n\t\t\t\t\t<div class=\"e-con-inner\">\n\t\t<div class=\"elementor-element elementor-element-6b1c80e e-con-full e-flex e-con e-child\" data-id=\"6b1c80e\" data-element_type=\"container\" data-e-type=\"container\">\n\t\t\t\t<div class=\"elementor-element elementor-element-d457171 elementor-widget elementor-widget-heading\" data-id=\"d457171\" data-element_type=\"widget\" data-e-type=\"widget\" data-widget_type=\"heading.default\">\n\t\t\t\t<div class=\"elementor-widget-container\">\n\t\t\t\t\t<h3 class=\"elementor-heading-title elementor-size-default\">Muitas organiza\u00e7\u00f5es j\u00e1 t\u00eam uma dire\u00e7\u00e3o em mente \u2014 uma iniciativa de IA, uma transforma\u00e7\u00e3o de processos, um novo modelo operacional.<\/h3>\t\t\t\t<\/div>\n\t\t\t\t<\/div>\n\t\t\t\t<div class=\"elementor-element elementor-element-40620da elementor-widget elementor-widget-text-editor\" data-id=\"40620da\" data-element_type=\"widget\" data-e-type=\"widget\" data-widget_type=\"text-editor.default\">\n\t\t\t\t<div class=\"elementor-widget-container\">\n\t\t\t\t\t\t\t\t\t<p>O desafio raramente est\u00e1 na ideia em si. Est\u00e1 em torn\u00e1-la execut\u00e1vel: definir o escopo correto, estabelecer crit\u00e9rios claros de sucesso, atribuir responsabilidades e construir a l\u00f3gica que permita testar, medir e evoluir o piloto.<\/p><p>A Scient ajuda organiza\u00e7\u00f5es a estruturar pilotos prontos para execu\u00e7\u00e3o. Trabalhamos a partir de qualquer ponto de partida trazido pelo cliente \u2014 uma hip\u00f3tese, um caso de uso, uma prioridade estrat\u00e9gica \u2014 e o transformamos em um piloto com limites claros, uma abordagem de valida\u00e7\u00e3o definida e as condi\u00e7\u00f5es necess\u00e1rias para execu\u00e7\u00e3o.<\/p><p>Quando a dire\u00e7\u00e3o ainda precisa ser refinada antes da estrutura\u00e7\u00e3o, fazemos esse trabalho primeiro.<\/p>\t\t\t\t\t\t\t\t<\/div>\n\t\t\t\t<\/div>\n\t\t\t\t<div class=\"elementor-element elementor-element-26d8758 elementor-widget elementor-widget-heading\" data-id=\"26d8758\" data-element_type=\"widget\" data-e-type=\"widget\" data-widget_type=\"heading.default\">\n\t\t\t\t<div class=\"elementor-widget-container\">\n\t\t\t\t\t<h3 class=\"elementor-heading-title elementor-size-default\">Como a Scient trabalha<\/h3>\t\t\t\t<\/div>\n\t\t\t\t<\/div>\n\t\t\t\t<div class=\"elementor-element elementor-element-510f4dc elementor-widget elementor-widget-text-editor\" data-id=\"510f4dc\" data-element_type=\"widget\" data-e-type=\"widget\" data-widget_type=\"text-editor.default\">\n\t\t\t\t<div class=\"elementor-widget-container\">\n\t\t\t\t\t\t\t\t\t<p>Estruturar um piloto n\u00e3o \u00e9 planejar um projeto. \u00c9 o trabalho de traduzir uma inten\u00e7\u00e3o em algo test\u00e1vel \u2014 com o n\u00edvel certo de defini\u00e7\u00e3o, as pessoas certas envolvidas e uma resposta clara para o que significa sucesso.<br \/><br \/>A Scient combina vis\u00e3o estrat\u00e9gica e experi\u00eancia em execu\u00e7\u00e3o para ajudar clientes a evitar os erros mais comuns: pilotos amplos demais para serem validados, restritos demais para gerar impacto ou mal definidos a ponto de n\u00e3o gerar aprendizado.<\/p>\t\t\t\t\t\t\t\t<\/div>\n\t\t\t\t<\/div>\n\t\t\t\t<div class=\"elementor-element elementor-element-0da632c elementor-widget elementor-widget-text-editor\" data-id=\"0da632c\" data-element_type=\"widget\" data-e-type=\"widget\" data-widget_type=\"text-editor.default\">\n\t\t\t\t<div class=\"elementor-widget-container\">\n\t\t\t\t\t\t\t\t\t<p><strong>Capacidades relacionadas<\/strong><\/p><ul><li class=\"whitespace-normal break-words pl-2\">Design de Pilotos<\/li><li class=\"whitespace-normal break-words pl-2\">Suporte \u00e0 Valida\u00e7\u00e3o<\/li><li class=\"whitespace-normal break-words pl-2\">Digital Workflows<\/li><li class=\"whitespace-normal break-words pl-2\">MVPs<\/li><\/ul>\t\t\t\t\t\t\t\t<\/div>\n\t\t\t\t<\/div>\n\t\t\t\t<\/div>\n\t\t<div class=\"elementor-element elementor-element-84f10b1 e-con-full e-flex e-con e-child\" data-id=\"84f10b1\" data-element_type=\"container\" data-e-type=\"container\">\n\t\t\t\t<div class=\"elementor-element elementor-element-b2e719f elementor-widget elementor-widget-heading\" data-id=\"b2e719f\" data-element_type=\"widget\" data-e-type=\"widget\" data-widget_type=\"heading.default\">\n\t\t\t\t<div class=\"elementor-widget-container\">\n\t\t\t\t\t<h3 class=\"elementor-heading-title elementor-size-default\">O que ajudamos os clientes a fazer<\/h3>\t\t\t\t<\/div>\n\t\t\t\t<\/div>\n\t\t\t\t<div class=\"elementor-element elementor-element-aaecd9c elementor-widget elementor-widget-text-editor\" data-id=\"aaecd9c\" data-element_type=\"widget\" data-e-type=\"widget\" data-widget_type=\"text-editor.default\">\n\t\t\t\t<div class=\"elementor-widget-container\">\n\t\t\t\t\t\t\t\t\t<ul><li class=\"whitespace-normal break-words pl-2\">Avaliar a prontid\u00e3o e a viabilidade de uma ideia de piloto<\/li><li class=\"whitespace-normal break-words pl-2\">Definir escopo, limites e o que est\u00e1 explicitamente fora do escopo<\/li><li class=\"whitespace-normal break-words pl-2\">Estabelecer crit\u00e9rios de sucesso e l\u00f3gica de valida\u00e7\u00e3o mensur\u00e1vel<\/li><li class=\"whitespace-normal break-words pl-2\">Estruturar pap\u00e9is, responsabilidades e pontos de decis\u00e3o<\/li><li class=\"whitespace-normal break-words pl-2\">Alinhar o piloto \u00e0 realidade operacional e \u00e0s prioridades do neg\u00f3cio<\/li><li class=\"whitespace-normal break-words pl-2\">Preparar as condi\u00e7\u00f5es para execu\u00e7\u00e3o e decis\u00f5es sobre as pr\u00f3ximas etapas<\/li><\/ul>\t\t\t\t\t\t\t\t<\/div>\n\t\t\t\t<\/div>\n\t\t\t\t<div class=\"elementor-element elementor-element-9e90033 elementor-widget elementor-widget-image\" data-id=\"9e90033\" data-element_type=\"widget\" data-e-type=\"widget\" data-widget_type=\"image.default\">\n\t\t\t\t<div class=\"elementor-widget-container\">\n\t\t\t\t\t\t\t\t\t\t\t\t\t\t\t<img fetchpriority=\"high\" decoding=\"async\" width=\"800\" height=\"457\" src=\"https:\/\/scient.com.br\/wp-content\/uploads\/2026\/04\/Aerial-editorial-photograph-of-a-coordinated-group-of-birds-or-drones-moving-in-a-precise-geometric-1-1024x585.png\" class=\"attachment-large size-large wp-image-4885\" alt=\"\" srcset=\"https:\/\/scient.com.br\/wp-content\/uploads\/2026\/04\/Aerial-editorial-photograph-of-a-coordinated-group-of-birds-or-drones-moving-in-a-precise-geometric-1-1024x585.png 1024w, https:\/\/scient.com.br\/wp-content\/uploads\/2026\/04\/Aerial-editorial-photograph-of-a-coordinated-group-of-birds-or-drones-moving-in-a-precise-geometric-1-300x171.png 300w, https:\/\/scient.com.br\/wp-content\/uploads\/2026\/04\/Aerial-editorial-photograph-of-a-coordinated-group-of-birds-or-drones-moving-in-a-precise-geometric-1-768x439.png 768w, https:\/\/scient.com.br\/wp-content\/uploads\/2026\/04\/Aerial-editorial-photograph-of-a-coordinated-group-of-birds-or-drones-moving-in-a-precise-geometric-1-18x10.png 18w, https:\/\/scient.com.br\/wp-content\/uploads\/2026\/04\/Aerial-editorial-photograph-of-a-coordinated-group-of-birds-or-drones-moving-in-a-precise-geometric-1.png 1344w\" sizes=\"(max-width: 800px) 100vw, 800px\" \/>\t\t\t\t\t\t\t\t\t\t\t\t\t\t\t<\/div>\n\t\t\t\t<\/div>\n\t\t\t\t<div class=\"elementor-element elementor-element-c831873 elementor-widget__width-initial elementor-widget elementor-widget-text-editor\" data-id=\"c831873\" data-element_type=\"widget\" data-e-type=\"widget\" data-widget_type=\"text-editor.default\">\n\t\t\t\t<div class=\"elementor-widget-container\">\n\t\t\t\t\t\t\t\t\t<div class=\"scient-talk-box\">\n<h4><a href=\"https:\/\/scient.com.br\/pt\/getaquote\/\">\n<span style=\"color: #ffffff; font-weight: bold;\">\n<i class=\"fas fa-comment\"><\/i> Vamos Falar!\n<\/span>\n<\/a><\/h4>\n<h6><a href=\"https:\/\/scient.com.br\/pt\/getaquote\/\">\n<span style=\"color: #ffffff;\">\nPronto para transformar seu conceito em impacto de mercado? Entre em contato hoje e vamos transformar sua vis\u00e3o em realidade.\n<\/span>\n<\/a><\/h6>\n<\/div>\t\t\t\t\t\t\t\t<\/div>\n\t\t\t\t<\/div>\n\t\t\t\t<\/div>\n\t\t\t\t\t<\/div>\n\t\t\t\t<\/div>\n\t\t<div class=\"elementor-element elementor-element-ec5fa3a e-flex e-con-boxed e-con e-parent\" data-id=\"ec5fa3a\" data-element_type=\"container\" data-e-type=\"container\">\n\t\t\t\t\t<div class=\"e-con-inner\">\n\t\t\t\t<div class=\"elementor-element elementor-element-a9714fc elementor-widget elementor-widget-spacer\" data-id=\"a9714fc\" data-element_type=\"widget\" data-e-type=\"widget\" data-widget_type=\"spacer.default\">\n\t\t\t\t<div class=\"elementor-widget-container\">\n\t\t\t\t\t\t\t<div class=\"elementor-spacer\">\n\t\t\t<div class=\"elementor-spacer-inner\"><\/div>\n\t\t<\/div>\n\t\t\t\t\t\t<\/div>\n\t\t\t\t<\/div>\n\t\t\t\t\t<\/div>\n\t\t\t\t<\/div>\n\t\t<div class=\"elementor-element elementor-element-a0ece4b e-flex e-con-boxed e-con e-parent\" data-id=\"a0ece4b\" data-element_type=\"container\" data-e-type=\"container\">\n\t\t\t\t\t<div class=\"e-con-inner\">\n\t\t\t\t<div class=\"elementor-element elementor-element-762ea19 elementor-widget elementor-widget-spacer\" data-id=\"762ea19\" data-element_type=\"widget\" data-e-type=\"widget\" data-widget_type=\"spacer.default\">\n\t\t\t\t<div class=\"elementor-widget-container\">\n\t\t\t\t\t\t\t<div class=\"elementor-spacer\">\n\t\t\t<div class=\"elementor-spacer-inner\"><\/div>\n\t\t<\/div>\n\t\t\t\t\t\t<\/div>\n\t\t\t\t<\/div>\n\t\t\t\t\t<\/div>\n\t\t\t\t<\/div>\n\t\t\t\t<\/div>","protected":false},"excerpt":{"rendered":"<p>Transforme a estrat\u00e9gia em iniciativas claras, decis\u00f5es alinhadas e pr\u00f3ximos passos execut\u00e1veis.<\/p>","protected":false},"author":1,"featured_media":0,"parent":0,"menu_order":0,"comment_status":"closed","ping_status":"closed","template":"","meta":{"footnotes":""},"class_list":["post-4865","page","type-page","status-publish","hentry"],"yoast_head":"<!-- This site is optimized with the Yoast SEO Premium plugin v24.9 (Yoast SEO v24.9) - https:\/\/yoast.com\/wordpress\/plugins\/seo\/ -->\n<title>Pilot Structuring - Scient<\/title>\n<meta name=\"description\" content=\"Structure and validate AI, automation, or innovation pilots with clear scope, hypotheses, and execution paths. Turn ideas into testable initiatives with real business relevance.\" \/>\n<meta name=\"robots\" content=\"index, follow, max-snippet:-1, max-image-preview:large, max-video-preview:-1\" \/>\n<link rel=\"canonical\" href=\"https:\/\/scient.com.br\/pt\/pilot-structuring\/\" \/>\n<meta property=\"og:locale\" content=\"pt_BR\" \/>\n<meta property=\"og:type\" content=\"article\" \/>\n<meta property=\"og:title\" content=\"Pilot Structuring\" \/>\n<meta property=\"og:description\" content=\"Structure and validate AI, automation, or innovation pilots with clear scope, hypotheses, and execution paths. Turn ideas into testable initiatives with real business relevance.\" \/>\n<meta property=\"og:url\" content=\"https:\/\/scient.com.br\/pt\/pilot-structuring\/\" \/>\n<meta property=\"og:site_name\" content=\"Scient\" \/>\n<meta property=\"article:modified_time\" content=\"2026-04-06T19:11:27+00:00\" \/>\n<meta property=\"og:image\" content=\"https:\/\/scient.com.br\/wp-content\/uploads\/2026\/04\/Aerial-editorial-photograph-of-a-coordinated-group-of-birds-or-drones-moving-in-a-precise-geometric-1.png\" \/>\n\t<meta property=\"og:image:width\" content=\"1344\" \/>\n\t<meta property=\"og:image:height\" content=\"768\" \/>\n\t<meta property=\"og:image:type\" content=\"image\/png\" \/>\n<meta name=\"twitter:card\" content=\"summary_large_image\" \/>\n<meta name=\"twitter:description\" content=\"Structure and validate AI, automation, or innovation pilots with clear scope, hypotheses, and execution paths. Turn ideas into testable initiatives with real business relevance.\" \/>\n<meta name=\"twitter:label1\" content=\"Est. tempo de leitura\" \/>\n\t<meta name=\"twitter:data1\" content=\"2 minutos\" \/>\n<script type=\"application\/ld+json\" class=\"yoast-schema-graph\">{\"@context\":\"https:\/\/schema.org\",\"@graph\":[{\"@type\":\"WebPage\",\"@id\":\"https:\/\/scient.com.br\/pilot-structuring\/\",\"url\":\"https:\/\/scient.com.br\/pilot-structuring\/\",\"name\":\"Pilot Structuring - Scient\",\"isPartOf\":{\"@id\":\"https:\/\/scient.com.br\/#website\"},\"primaryImageOfPage\":{\"@id\":\"https:\/\/scient.com.br\/pilot-structuring\/#primaryimage\"},\"image\":{\"@id\":\"https:\/\/scient.com.br\/pilot-structuring\/#primaryimage\"},\"thumbnailUrl\":\"https:\/\/scient.com.br\/wp-content\/uploads\/2026\/04\/Aerial-editorial-photograph-of-a-coordinated-group-of-birds-or-drones-moving-in-a-precise-geometric-1-1024x585.png\",\"datePublished\":\"2026-04-06T18:24:54+00:00\",\"dateModified\":\"2026-04-06T19:11:27+00:00\",\"description\":\"Structure and validate AI, automation, or innovation pilots with clear scope, hypotheses, and execution paths. Turn ideas into testable initiatives with real business relevance.\",\"breadcrumb\":{\"@id\":\"https:\/\/scient.com.br\/pilot-structuring\/#breadcrumb\"},\"inLanguage\":\"pt-BR\",\"potentialAction\":[{\"@type\":\"ReadAction\",\"target\":[\"https:\/\/scient.com.br\/pilot-structuring\/\"]}]},{\"@type\":\"ImageObject\",\"inLanguage\":\"pt-BR\",\"@id\":\"https:\/\/scient.com.br\/pilot-structuring\/#primaryimage\",\"url\":\"https:\/\/scient.com.br\/wp-content\/uploads\/2026\/04\/Aerial-editorial-photograph-of-a-coordinated-group-of-birds-or-drones-moving-in-a-precise-geometric-1-1024x585.png\",\"contentUrl\":\"https:\/\/scient.com.br\/wp-content\/uploads\/2026\/04\/Aerial-editorial-photograph-of-a-coordinated-group-of-birds-or-drones-moving-in-a-precise-geometric-1-1024x585.png\"},{\"@type\":\"BreadcrumbList\",\"@id\":\"https:\/\/scient.com.br\/pilot-structuring\/#breadcrumb\",\"itemListElement\":[{\"@type\":\"ListItem\",\"position\":1,\"name\":\"Home\",\"item\":\"https:\/\/scient.com.br\/\"},{\"@type\":\"ListItem\",\"position\":2,\"name\":\"Pilot Structuring\"}]},{\"@type\":\"WebSite\",\"@id\":\"https:\/\/scient.com.br\/#website\",\"url\":\"https:\/\/scient.com.br\/\",\"name\":\"Scient\",\"description\":\"From Strategy to Execution\",\"publisher\":{\"@id\":\"https:\/\/scient.com.br\/#organization\"},\"potentialAction\":[{\"@type\":\"SearchAction\",\"target\":{\"@type\":\"EntryPoint\",\"urlTemplate\":\"https:\/\/scient.com.br\/?s={search_term_string}\"},\"query-input\":{\"@type\":\"PropertyValueSpecification\",\"valueRequired\":true,\"valueName\":\"search_term_string\"}}],\"inLanguage\":\"pt-BR\"},{\"@type\":\"Organization\",\"@id\":\"https:\/\/scient.com.br\/#organization\",\"name\":\"Scient\",\"url\":\"https:\/\/scient.com.br\/\",\"logo\":{\"@type\":\"ImageObject\",\"inLanguage\":\"pt-BR\",\"@id\":\"https:\/\/scient.com.br\/#\/schema\/logo\/image\/\",\"url\":\"https:\/\/scient.com.br\/wp-content\/uploads\/2025\/02\/Scientg.png\",\"contentUrl\":\"https:\/\/scient.com.br\/wp-content\/uploads\/2025\/02\/Scientg.png\",\"width\":747,\"height\":189,\"caption\":\"Scient\"},\"image\":{\"@id\":\"https:\/\/scient.com.br\/#\/schema\/logo\/image\/\"}}]}<\/script>\n<!-- \/ Yoast SEO Premium plugin. -->","yoast_head_json":{"title":"Pilot Structuring - Scient","description":"Structure and validate AI, automation, or innovation pilots with clear scope, hypotheses, and execution paths. Turn ideas into testable initiatives with real business relevance.","robots":{"index":"index","follow":"follow","max-snippet":"max-snippet:-1","max-image-preview":"max-image-preview:large","max-video-preview":"max-video-preview:-1"},"canonical":"https:\/\/scient.com.br\/pt\/pilot-structuring\/","og_locale":"pt_BR","og_type":"article","og_title":"Pilot Structuring","og_description":"Structure and validate AI, automation, or innovation pilots with clear scope, hypotheses, and execution paths. Turn ideas into testable initiatives with real business relevance.","og_url":"https:\/\/scient.com.br\/pt\/pilot-structuring\/","og_site_name":"Scient","article_modified_time":"2026-04-06T19:11:27+00:00","og_image":[{"width":1344,"height":768,"url":"https:\/\/scient.com.br\/wp-content\/uploads\/2026\/04\/Aerial-editorial-photograph-of-a-coordinated-group-of-birds-or-drones-moving-in-a-precise-geometric-1.png","type":"image\/png"}],"twitter_card":"summary_large_image","twitter_description":"Structure and validate AI, automation, or innovation pilots with clear scope, hypotheses, and execution paths. Turn ideas into testable initiatives with real business relevance.","twitter_misc":{"Est. tempo de leitura":"2 minutos"},"schema":{"@context":"https:\/\/schema.org","@graph":[{"@type":"WebPage","@id":"https:\/\/scient.com.br\/pilot-structuring\/","url":"https:\/\/scient.com.br\/pilot-structuring\/","name":"Pilot Structuring - Scient","isPartOf":{"@id":"https:\/\/scient.com.br\/#website"},"primaryImageOfPage":{"@id":"https:\/\/scient.com.br\/pilot-structuring\/#primaryimage"},"image":{"@id":"https:\/\/scient.com.br\/pilot-structuring\/#primaryimage"},"thumbnailUrl":"https:\/\/scient.com.br\/wp-content\/uploads\/2026\/04\/Aerial-editorial-photograph-of-a-coordinated-group-of-birds-or-drones-moving-in-a-precise-geometric-1-1024x585.png","datePublished":"2026-04-06T18:24:54+00:00","dateModified":"2026-04-06T19:11:27+00:00","description":"Structure and validate AI, automation, or innovation pilots with clear scope, hypotheses, and execution paths. Turn ideas into testable initiatives with real business relevance.","breadcrumb":{"@id":"https:\/\/scient.com.br\/pilot-structuring\/#breadcrumb"},"inLanguage":"pt-BR","potentialAction":[{"@type":"ReadAction","target":["https:\/\/scient.com.br\/pilot-structuring\/"]}]},{"@type":"ImageObject","inLanguage":"pt-BR","@id":"https:\/\/scient.com.br\/pilot-structuring\/#primaryimage","url":"https:\/\/scient.com.br\/wp-content\/uploads\/2026\/04\/Aerial-editorial-photograph-of-a-coordinated-group-of-birds-or-drones-moving-in-a-precise-geometric-1-1024x585.png","contentUrl":"https:\/\/scient.com.br\/wp-content\/uploads\/2026\/04\/Aerial-editorial-photograph-of-a-coordinated-group-of-birds-or-drones-moving-in-a-precise-geometric-1-1024x585.png"},{"@type":"BreadcrumbList","@id":"https:\/\/scient.com.br\/pilot-structuring\/#breadcrumb","itemListElement":[{"@type":"ListItem","position":1,"name":"Home","item":"https:\/\/scient.com.br\/"},{"@type":"ListItem","position":2,"name":"Pilot Structuring"}]},{"@type":"WebSite","@id":"https:\/\/scient.com.br\/#website","url":"https:\/\/scient.com.br\/","name":"Scient","description":"Da Estrat\u00e9gia \u00e0 Execu\u00e7\u00e3o","publisher":{"@id":"https:\/\/scient.com.br\/#organization"},"potentialAction":[{"@type":"SearchAction","target":{"@type":"EntryPoint","urlTemplate":"https:\/\/scient.com.br\/?s={search_term_string}"},"query-input":{"@type":"PropertyValueSpecification","valueRequired":true,"valueName":"search_term_string"}}],"inLanguage":"pt-BR"},{"@type":"Organization","@id":"https:\/\/scient.com.br\/#organization","name":"Scient","url":"https:\/\/scient.com.br\/","logo":{"@type":"ImageObject","inLanguage":"pt-BR","@id":"https:\/\/scient.com.br\/#\/schema\/logo\/image\/","url":"https:\/\/scient.com.br\/wp-content\/uploads\/2025\/02\/Scientg.png","contentUrl":"https:\/\/scient.com.br\/wp-content\/uploads\/2025\/02\/Scientg.png","width":747,"height":189,"caption":"Scient"},"image":{"@id":"https:\/\/scient.com.br\/#\/schema\/logo\/image\/"}}]}},"_links":{"self":[{"href":"https:\/\/scient.com.br\/pt\/wp-json\/wp\/v2\/pages\/4865","targetHints":{"allow":["GET"]}}],"collection":[{"href":"https:\/\/scient.com.br\/pt\/wp-json\/wp\/v2\/pages"}],"about":[{"href":"https:\/\/scient.com.br\/pt\/wp-json\/wp\/v2\/types\/page"}],"author":[{"embeddable":true,"href":"https:\/\/scient.com.br\/pt\/wp-json\/wp\/v2\/users\/1"}],"replies":[{"embeddable":true,"href":"https:\/\/scient.com.br\/pt\/wp-json\/wp\/v2\/comments?post=4865"}],"version-history":[{"count":25,"href":"https:\/\/scient.com.br\/pt\/wp-json\/wp\/v2\/pages\/4865\/revisions"}],"predecessor-version":[{"id":4896,"href":"https:\/\/scient.com.br\/pt\/wp-json\/wp\/v2\/pages\/4865\/revisions\/4896"}],"wp:attachment":[{"href":"https:\/\/scient.com.br\/pt\/wp-json\/wp\/v2\/media?parent=4865"}],"curies":[{"name":"wp","href":"https:\/\/api.w.org\/{rel}","templated":true}]}}