{"id":5005,"date":"2026-04-15T20:30:24","date_gmt":"2026-04-15T20:30:24","guid":{"rendered":"https:\/\/scient.com.br\/?page_id=5005"},"modified":"2026-04-16T21:47:07","modified_gmt":"2026-04-16T21:47:07","slug":"manifesto-scient","status":"publish","type":"page","link":"https:\/\/scient.com.br\/pt\/manifesto-scient\/","title":{"rendered":"Manifesto Scient"},"content":{"rendered":"<div data-elementor-type=\"wp-page\" data-elementor-id=\"5005\" class=\"elementor elementor-5005\" data-elementor-post-type=\"page\">\n\t\t\t\t<div class=\"elementor-element elementor-element-9347a96 e-flex e-con-boxed e-con e-parent\" data-id=\"9347a96\" data-element_type=\"container\" data-e-type=\"container\">\n\t\t\t\t\t<div class=\"e-con-inner\">\n\t\t\t\t<div class=\"elementor-element elementor-element-ce59aae elementor-widget elementor-widget-text-editor\" data-id=\"ce59aae\" data-element_type=\"widget\" data-e-type=\"widget\" data-widget_type=\"text-editor.default\">\n\t\t\t\t<div class=\"elementor-widget-container\">\n\t\t\t\t\t\t\t\t\t<div class=\"scient-manifesto\">\n<section id=\"page-1\" class=\"page\">\n<div class=\"masthead\">\n<div class=\"brand\">SCIENT<span class=\"dot\">\u00b7<\/span>MANIFESTO<\/div>\n<div>01<\/div>\n<\/div>\n<div class=\"rule\">&nbsp;<\/div>\n<div class=\"hero-grid hero-grid-balanced\">\n<div>\n<h1 class=\"hero-title hero-title-tight\">Artificial Intelligence and emerging technologies are now at the <span class=\"accent\">center of executive attention.<\/span><\/h1>\n<\/div>\n<div class=\"hero-copy-block\">\n<div class=\"side-note\">The pressure to act is constant. Market noise, internal expectations, and competitive anxiety all reinforce the idea that speed alone is a strategic virtue.<\/div>\n<div class=\"hero-summary hero-summary-expanded\">The result is predictable: many organizations begin moving before they have properly understood what actually needs to change.<\/div>\n<div class=\"hero-summary hero-summary-expanded\">Technology becomes the visible answer before the business has rigorously read the operating system it is trying to improve.<\/div>\n<\/div>\n<\/div>\n<div class=\"mid-divider\">&nbsp;<\/div>\n<div class=\"intro-grid intro-grid-refined\">\n<div class=\"intro-lead\">Scient begins elsewhere. Before technology, before projects, before urgency, there is the real logic of how the business operates.<\/div>\n<div class=\"intro-statement intro-statement-tight\">Every company is already a living operating system.<\/div>\n<\/div>\n<div class=\"micro-grid micro-grid-2 page1-system-grid\">\n<div class=\"micro\">Even when it is partially sustained by exceptions, informal compensations, workarounds, and invisible dependencies.<\/div>\n<div class=\"micro\">That operating reality \u2014 not the technology layered on top of it \u2014 is the <strong>verdadeiro ponto de partida.<\/strong><\/div>\n<\/div>\n<div class=\"section-band\">\n<div class=\"section-number\">01<\/div>\n<div>\n<div class=\"section-kicker\">A primeira invers\u00e3o<\/div>\n<h2 class=\"section-title\">The problem does not start with technology<\/h2>\n<div class=\"section-grid\">\n<div class=\"body-col\"><p>Most transformation efforts lose traction not because of technological limitations, <strong class=\"accent-text\">but because the problem was poorly framed from the start.<\/strong><br><br><\/p><p>Organizations often try to treat technological symptoms of what are, in essence, operational and structural issues: poorly designed flows, fragmented decisions, excessive dependencies, weak visibility, and accumulated couplings that reduce flexibility.In this context, adding technology without reexamining the system that sustains the work tends to amplify inefficiency rather than solve it.<\/p>\n<p>The consequence is familiar: fragile processes become digitized, bottlenecks become automated, and spending increases without a proportional gain in capability.<\/p>\n<\/div>\n<div class=\"text-col\">\n<div class=\"mini-kicker\">\u00c9 por isso que a primeira invers\u00e3o proposta pela Scient \u00e9 clara:<\/div>\n<div class=\"quote-card\">\n<p class=\"quote-main\">N\u00e3o se come\u00e7a<br>pela tecnologia.<\/p>\n<p class=\"quote-accent\">Come\u00e7a-se por uma leitura<br>rigorosa da opera\u00e7\u00e3o.<\/p>\n<\/div>\n<div class=\"bullet-lines\">\n<div>Not the formal diagram, but the <strong>din\u00e2mica real<\/strong> do trabalho.<\/div>\n<div>Como <strong>o valor<\/strong> is actually produced.<\/div>\n<div>Como <strong>decis\u00f5es<\/strong> really happen.<\/div>\n<div>Onde o <strong>o fluxo<\/strong> se rompe<\/div>\n<div>Onde o sistema depende de <strong>compensa\u00e7\u00f5es humanas<\/strong> para continuar funcionando.<\/div>\n<div>Essa leitura n\u00e3o \u00e9 apenas descritiva. <strong>\u00c9 diagn\u00f3stica.<\/strong><\/div>\n<\/div>\n<\/div>\n<\/div>\n<\/div>\n<\/div>\n<\/section>\n<section id=\"page-2\" class=\"page\">\n<div class=\"masthead\">\n<div class=\"brand\">SCIENT<span class=\"dot\">\u00b7<\/span>MANIFESTO<\/div>\n<div>02<\/div>\n<\/div>\n<div class=\"rule\">&nbsp;<\/div>\n<div class=\"pull-page\">\n<div>\n<div class=\"pull-small\">Formula\u00e7\u00e3o precede execu\u00e7\u00e3o<\/div>\n<h2 class=\"pull-big\">Projects are often born too large, too early, and with <span class=\"accent\">assumptions that have not yet been tested.<\/span><\/h2>\n<\/div>\n<div class=\"statement-box\">\n<p><strong>Execution should not precede formulation.<\/strong><\/p>\n<p class=\"accent\">Deveria ser consequ\u00eancia dela.<\/p>\n<\/div>\n<\/div>\n<div class=\"split-columns\">\n<div class=\"text-col\">\n<p>Organizations frequently convert vague intentions into concrete projects too quickly.<br>This premature jump \u2014 from desire to project \u2014 introduces complexity before there is enough clarity about what problem is being addressed, what hypothesis is being tested, why it matters now, and what minimum signals would justify moving forward.<\/p>\n<\/div>\n<div class=\"text-col\">\n<p>This misalignment between formulation and execution is one of the main sources of organizational waste.When a company invests before it formulates, it buys complexity before it buys clarity.<\/p>\n<p>This is precisely where Scient inverts the dominant market logic.<\/p>\n<\/div>\n<\/div>\n<div class=\"two-up\">\n<div class=\"card\">\n<h3>O erro comum<\/h3>\n<p>Turning an intention into a large project, a large budget, and a large timeline before the decision has enough substance behind it.<\/p>\n<\/div>\n<div class=\"card\">\n<h3>A alternativa<\/h3>\n<p>Structure the initiative more rigorously, reduce uncertainty, and create better decision criteria before expanding investment, scale, and organizational commitment.<\/p>\n<\/div>\n<\/div>\n<\/section>\n<section id=\"page-3\" class=\"page\">\n<div class=\"masthead\">\n<div class=\"brand\">SCIENT<span class=\"dot\">\u00b7<\/span>MANIFESTO<\/div>\n<div>03<\/div>\n<\/div>\n<div class=\"rule\">&nbsp;<\/div>\n<div class=\"section-kicker\">O papel do piloto<\/div>\n<h2 class=\"section-title\">O piloto como mecanismo de evid\u00eancia<\/h2>\n<div class=\"section-grid section-grid-top\">\n<div class=\"body-col\">\n<p>This is where the pilot becomes central \u2014 not as a secondary step, but as a mechanism for proof.A pilot is not simply a way to \u201ctest an idea.\u201d It is a disciplined way to generate evidence about whether something actually works in a real context.<\/p>\n<p>To fulfill that role, the pilot must be bounded enough to be testable, real enough to generate relevant learning, controlled enough to allow a clear reading of results, and rigorous enough to support a serious decision.<\/p>\n<\/div>\n<div class=\"text-col\">\n<div class=\"quote-card\">\n<p class=\"quote-main\">Um piloto n\u00e3o \u00e9 uma vers\u00e3o<br>reduzida de um projeto.<\/p>\n<p class=\"quote-accent\">\u00c9 o mecanismo pelo qual a organiza\u00e7\u00e3o transforma hip\u00f3tese em evid\u00eancia.<\/p>\n<\/div>\n<p class=\"small\">From this logic, Scient advances initiatives through two filters.<\/p>\n<\/div>\n<\/div>\n<div class=\"two-up\">\n<div class=\"card\">\n<h3>Primeiro: a qualidade da formula\u00e7\u00e3o<\/h3>\n<p>The initiative must deserve to exist. It must address a real problem, contain a clear hypothesis, connect to the business, and have a consistent reason to be tested now.<\/p>\n<\/div>\n<div class=\"card\">\n<h3>Segundo: a prova na realidade<\/h3>\n<p>The initiative must hold up beyond presentation. It must show real use, operational fit, visible relevance, and practical viability in context.<\/p>\n<\/div>\n<\/div>\n<div class=\"single-column single-column-top\">\n<p>Apenas o que atravessa esses dois filtros merece avan\u00e7ar.<\/p>\n<p class=\"big-line\">Encerrar uma iniciativa que n\u00e3o se sustenta n\u00e3o \u00e9 fracasso. <span class=\"accent\">\u00c9 disciplina.<\/span><\/p>\n<p>It is a way of protecting the business from waste.<\/p>\n<\/div>\n<\/section>\n<section id=\"page-4\" class=\"page\">\n<div class=\"masthead\">\n<div class=\"brand\">SCIENT<span class=\"dot\">\u00b7<\/span>MANIFESTO<\/div>\n<div>04<\/div>\n<\/div>\n<div class=\"rule\">&nbsp;<\/div>\n<div class=\"pull-small\">Projeto como consequ\u00eancia<\/div>\n<h2 class=\"section-title\">Projeto como consequ\u00eancia,<br>n\u00e3o como aposta<\/h2>\n<div class=\"pull-page pull-alt\">\n<div>\n<div class=\"single-column single-column-narrow\">\n<p>This point changes the nature of what we call a project.In most organizations, projects are used to explore uncertainty. In Scient\u2019s logic, projects are used to expand something that has already demonstrated value.<\/p>\n<p>Exploring through projects raises risk, cost, and complexity at the same time. Exploring through pilots improves the quality of the decision before scale.<\/p>\n<\/div>\n<\/div>\n<div class=\"statement-box statement-top\">\n<p>O projeto deixa de ser hip\u00f3tese<\/p>\n<p class=\"accent\">e passa a ser consequ\u00eancia de evid\u00eancia acumulada.<\/p>\n<\/div>\n<\/div>\n<div class=\"four-grid\">\n<div class=\"card\">\n<h3>Explorar com projetos<\/h3>\n<p>Eleva custo, risco e complexidade antes que exista prova suficiente de ader\u00eancia.<\/p>\n<\/div>\n<div class=\"card\">\n<h3>Explorando por meio de pilotos<\/h3>\n<p>Reduz o custo do erro e melhora a qualidade da decis\u00e3o antes de um investimento maior.<\/p>\n<\/div>\n<div class=\"card\">\n<h3>O que muda<\/h3>\n<p>O risco n\u00e3o desaparece, mas passa a ser melhor delimitado e assumido de forma mais deliberada.<\/p>\n<\/div>\n<div class=\"card\">\n<h3>O efeito<\/h3>\n<p>A greater chance of scaling with purpose, rather than premature expansion sustained by enthusiasm alone.<\/p>\n<\/div>\n<\/div>\n<\/section>\n<section id=\"page-5\" class=\"page\">\n<div class=\"masthead\">\n<div class=\"brand\">SCIENT<span class=\"dot\">\u00b7<\/span>MANIFESTO<\/div>\n<div>05<\/div>\n<\/div>\n<div class=\"rule\">&nbsp;<\/div>\n<div class=\"pull-small\">Inova\u00e7\u00e3o como capacidade<\/div>\n<h2 class=\"section-title\">Innovation as capability \u2014 not as a collection of isolated initiatives<\/h2>\n<div class=\"section-grid section-grid-top\">\n<div class=\"body-col\">\n<p>One of the most recurring problems in companies is treating innovation as a set of disconnected efforts.Ideas emerge, projects begin, pilots happen \u2014 but without a common logic, the result is dispersion: efforts that do not connect, investments that do not accumulate capability, and agendas that compete against one another.<\/p>\n<\/div>\n<div class=\"text-col\">\n<div class=\"quote-card\">\n<p class=\"quote-main\">We structure and activate innovation portfolios<\/p>\n<p class=\"quote-accent\">que deixam de ser uma cole\u00e7\u00e3o de iniciativas e passam a funcionar como capacidade real de execu\u00e7\u00e3o dentro da empresa.<\/p>\n<\/div>\n<\/div>\n<\/div>\n<div class=\"micro-grid micro-grid-3\">\n<div class=\"micro\">A inova\u00e7\u00e3o deixa de ser <strong>atividade<\/strong> passa a ser <strong>sistema<\/strong>.<\/div>\n<div class=\"micro\">It stops being episodic and begins to <strong>orientar decis\u00f5es.<\/strong>.<\/div>\n<div class=\"micro\">It stops being fragmented and begins to build <strong>capacidade cont\u00ednua.<\/strong>.<\/div>\n<\/div>\n<\/section>\n<section id=\"page-6\" class=\"page\">\n<div class=\"masthead\">\n<div class=\"brand\">SCIENT<span class=\"dot\">\u00b7<\/span>MANIFESTO<\/div>\n<div>06<\/div>\n<\/div>\n<div class=\"rule\">&nbsp;<\/div>\n<div class=\"pull-small\">Reduzir incerteza<\/div>\n<h2 class=\"pull-big\">A maioria das organiza\u00e7\u00f5es<br>sabe <span class=\"accent\">executar<\/span><br>Poucas sabem reduzir<br>incerteza antes de executar.<\/h2>\n<div class=\"split-columns split-top\">\n<div class=\"text-col\">\n<p>This difference explains why speed, by itself, does not translate into better results.At Scient, discipline comes before scale.<\/p>\n<\/div>\n<div class=\"text-col\">\n<div class=\"bullet-lines\">\n<div>Reduzir incerteza <strong>antes<\/strong> de investir mais<\/div>\n<div>Test <strong>antes<\/strong> de escalar<\/div>\n<div>Validar <strong>antes<\/strong> de comprometer recursos significativos<\/div>\n<\/div>\n<\/div>\n<\/div>\n<div class=\"two-up two-up-top\">\n<div class=\"card\">\n<h3>Menos desperd\u00edcio<\/h3>\n<p>Less capital exposed prematurely. Less rework. Less effort consumed by weakly chosen direction.<\/p>\n<\/div>\n<div class=\"card\">\n<h3>Melhores decis\u00f5es<\/h3>\n<p>Mais aprendizado, melhor qualidade de decis\u00e3o e maior probabilidade de resultados relevantes quando chega a hora de ampliar a aposta.<\/p>\n<\/div>\n<\/div>\n<\/section>\n<section id=\"page-7\" class=\"page\">\n<div class=\"masthead\">\n<div class=\"brand\">SCIENT<span class=\"dot\">\u00b7<\/span>MANIFESTO<\/div>\n<div>07<\/div>\n<\/div>\n<div class=\"rule\">&nbsp;<\/div>\n<div class=\"section-kicker\">Tecnologia, financiamento e execu\u00e7\u00e3o<\/div>\n<h2 class=\"section-title\">Tecnologia, financiamento<br>and execution<br>in their proper roles<\/h2>\n<div class=\"section-grid section-grid-half\">\n<div class=\"body-col\">\n<p>Technology, funding, and execution capacity are fundamental \u2014 but they only work well when subordinated to the quality of formulation.When the foundation is weak, they amplify error. When the foundation is solid, they accelerate results.<\/p>\n<p>There is an important point here: in several innovation funding models, especially public instruments, higher technological uncertainty can increase the strategic relevance of a project.<\/p>\n<\/div>\n<div class=\"text-col\">\n<div class=\"quote-card\">\n<p class=\"quote-main\">A inova\u00e7\u00e3o, em certos momentos, exige assumir risco real.<\/p>\n<p class=\"quote-accent\">Exige enfrentar problemas que ainda n\u00e3o foram resolvidos. Exige ousadia t\u00e9cnica.<\/p>\n<\/div>\n<p>This is not an argument for disorganized risk. It is an argument for structured boldness.<\/p>\n<\/div>\n<\/div>\n<div class=\"single-column single-column-wide\">Truly relevant projects rarely emerge from the territory of the obvious. They emerge when there is willingness to explore what has not yet been solved \u2014 with method, criteria, and clarity of purpose.<\/div>\n<\/section>\n<section id=\"page-8\" class=\"page\">\n<div class=\"masthead\">\n<div class=\"brand\">SCIENT<span class=\"dot\">\u00b7<\/span>MANIFESTO<\/div>\n<div>08<\/div>\n<\/div>\n<div class=\"rule\">&nbsp;<\/div>\n<div class=\"final-page\">\n<div>\n<div class=\"pull-small\">Nem toda evolu\u00e7\u00e3o \u00e9 tecnol\u00f3gica<\/div>\n<h2 class=\"section-title\">Nem toda evolu\u00e7\u00e3o organizacional<br>exige<br>tecnologia avan\u00e7ada.<\/h2>\n<div class=\"text-col text-top\">\n<p>Not every use of AI leads to innovation.In many cases, the most relevant gains come from simplifying flows, reorganizing decisions, eliminating steps, reducing dependencies, and improving visibility.<\/p>\n<p>Technology \u2014 including AI \u2014 should enter only when there is clarity about the problem and about the role it should play.<\/p>\n<\/div>\n<\/div>\n<div>\n<div class=\"statement-box statement-tight\">\n<p>A tecnologia deixa de ser impulso<\/p>\n<p class=\"accent\">e passa a ser instrumento de precis\u00e3o.<\/p>\n<\/div>\n<div class=\"text-col text-top-lg\">\n<p>Its value is not in appearing advanced, but in responding clearly to a real need.What transforms a company is not the mere presence of technology, but its ability to improve, consistently, the way the business works.<\/p>\n<\/div>\n<div class=\"final-note\">Isso \u00e9 <span class=\"accent\">transforma\u00e7\u00e3o de neg\u00f3cios.<\/span><\/div>\n<\/div>\n<\/div>\n<div class=\"mid-divider divider-top\">&nbsp;<\/div>\n<div class=\"final-page final-thesis\">\n<div>\n<div class=\"pull-small\">A tese da Scient<\/div>\n<div class=\"final-list\">\n<div>N\u00e3o comece pela tecnologia.<\/div>\n<div>N\u00e3o comece pelo projeto.<\/div>\n<div>N\u00e3o comece pela urg\u00eancia.<\/div>\n<\/div>\n<\/div>\n<div>\n<div class=\"final-list\">\n<div>Comece pela opera\u00e7\u00e3o real.<\/div>\n<div>Formule com rigor.<\/div>\n<div>Teste em contexto real.<\/div>\n<div>Validate with real users.<\/div>\n<div>E s\u00f3 ent\u00e3o decida o que merece escala.<\/div>\n<\/div>\n<\/div>\n<\/div>\n<div class=\"site-footer\">\n<div>Scient \u2014 Manifesto<\/div>\n<div><a href=\"#page-1\">Voltar ao topo<\/a><\/div>\n<\/div>\n<\/section>\n<\/div>\t\t\t\t\t\t\t\t<\/div>\n\t\t\t\t<\/div>\n\t\t\t\t\t<\/div>\n\t\t\t\t<\/div>\n\t\t\t\t<\/div>","protected":false},"excerpt":{"rendered":"<p>SCIENT\u00b7MANIFESTO 01 &nbsp; Artificial Intelligence and emerging technologies are now at the center of executive attention. The pressure to act is constant. Market noise, internal expectations, and competitive anxiety all reinforce the idea that speed alone is a strategic virtue. The result is predictable: many organizations begin moving before they have properly understood what actually [&hellip;]<\/p>\n","protected":false},"author":1,"featured_media":0,"parent":0,"menu_order":0,"comment_status":"closed","ping_status":"closed","template":"","meta":{"footnotes":""},"class_list":["post-5005","page","type-page","status-publish","hentry"],"yoast_head":"<!-- This site is optimized with the Yoast SEO Premium plugin v24.9 (Yoast SEO v24.9) - https:\/\/yoast.com\/wordpress\/plugins\/seo\/ -->\n<title>From Strategy to Execution\u200b - Scient<\/title>\n<meta name=\"description\" content=\"From strategy to execution: Scient helps organizations turn priorities into practical initiatives, validated pilots, stronger operations, and measurable business progress.\" \/>\n<meta name=\"robots\" content=\"index, follow, max-snippet:-1, max-image-preview:large, max-video-preview:-1\" \/>\n<link rel=\"canonical\" href=\"https:\/\/scient.com.br\/pt\/manifesto-scient\/\" \/>\n<meta property=\"og:locale\" content=\"pt_BR\" \/>\n<meta property=\"og:type\" content=\"article\" \/>\n<meta property=\"og:title\" content=\"Scient Manifest\" \/>\n<meta property=\"og:description\" content=\"From strategy to execution: Scient helps organizations turn priorities into practical initiatives, validated pilots, stronger operations, and measurable business progress.\" \/>\n<meta property=\"og:url\" content=\"https:\/\/scient.com.br\/pt\/manifesto-scient\/\" \/>\n<meta property=\"og:site_name\" content=\"Scient\" \/>\n<meta property=\"article:modified_time\" content=\"2026-04-16T21:47:07+00:00\" \/>\n<meta property=\"og:image\" content=\"https:\/\/scient.com.br\/wp-content\/uploads\/2024\/10\/uxui-scaled.jpg\" \/>\n\t<meta property=\"og:image:width\" content=\"2560\" \/>\n\t<meta property=\"og:image:height\" content=\"1164\" \/>\n\t<meta property=\"og:image:type\" content=\"image\/jpeg\" \/>\n<meta name=\"twitter:card\" content=\"summary_large_image\" \/>\n<meta name=\"twitter:title\" content=\"From Strategy to Execution.\" \/>\n<meta name=\"twitter:description\" content=\"From strategy to execution: Scient helps organizations turn priorities into practical initiatives, validated pilots, stronger operations, and measurable business progress.\" \/>\n<meta name=\"twitter:label1\" content=\"Est. tempo de leitura\" \/>\n\t<meta name=\"twitter:data1\" content=\"6 minutos\" \/>\n<script type=\"application\/ld+json\" class=\"yoast-schema-graph\">{\"@context\":\"https:\/\/schema.org\",\"@graph\":[{\"@type\":\"WebPage\",\"@id\":\"https:\/\/scient.com.br\/manifesto-scient\/\",\"url\":\"https:\/\/scient.com.br\/manifesto-scient\/\",\"name\":\"From Strategy to Execution\u200b - Scient\",\"isPartOf\":{\"@id\":\"https:\/\/scient.com.br\/#website\"},\"datePublished\":\"2026-04-15T20:30:24+00:00\",\"dateModified\":\"2026-04-16T21:47:07+00:00\",\"description\":\"From strategy to execution: Scient helps organizations turn priorities into practical initiatives, validated pilots, stronger operations, and measurable business progress.\",\"breadcrumb\":{\"@id\":\"https:\/\/scient.com.br\/manifesto-scient\/#breadcrumb\"},\"inLanguage\":\"pt-BR\",\"potentialAction\":[{\"@type\":\"ReadAction\",\"target\":[\"https:\/\/scient.com.br\/manifesto-scient\/\"]}]},{\"@type\":\"BreadcrumbList\",\"@id\":\"https:\/\/scient.com.br\/manifesto-scient\/#breadcrumb\",\"itemListElement\":[{\"@type\":\"ListItem\",\"position\":1,\"name\":\"Home\",\"item\":\"https:\/\/scient.com.br\/\"},{\"@type\":\"ListItem\",\"position\":2,\"name\":\"Manifesto Scient\"}]},{\"@type\":\"WebSite\",\"@id\":\"https:\/\/scient.com.br\/#website\",\"url\":\"https:\/\/scient.com.br\/\",\"name\":\"Scient\",\"description\":\"From Strategy to Execution\",\"publisher\":{\"@id\":\"https:\/\/scient.com.br\/#organization\"},\"potentialAction\":[{\"@type\":\"SearchAction\",\"target\":{\"@type\":\"EntryPoint\",\"urlTemplate\":\"https:\/\/scient.com.br\/?s={search_term_string}\"},\"query-input\":{\"@type\":\"PropertyValueSpecification\",\"valueRequired\":true,\"valueName\":\"search_term_string\"}}],\"inLanguage\":\"pt-BR\"},{\"@type\":\"Organization\",\"@id\":\"https:\/\/scient.com.br\/#organization\",\"name\":\"Scient\",\"url\":\"https:\/\/scient.com.br\/\",\"logo\":{\"@type\":\"ImageObject\",\"inLanguage\":\"pt-BR\",\"@id\":\"https:\/\/scient.com.br\/#\/schema\/logo\/image\/\",\"url\":\"https:\/\/scient.com.br\/wp-content\/uploads\/2025\/02\/Scientg.png\",\"contentUrl\":\"https:\/\/scient.com.br\/wp-content\/uploads\/2025\/02\/Scientg.png\",\"width\":747,\"height\":189,\"caption\":\"Scient\"},\"image\":{\"@id\":\"https:\/\/scient.com.br\/#\/schema\/logo\/image\/\"}}]}<\/script>\n<!-- \/ Yoast SEO Premium plugin. -->","yoast_head_json":{"title":"From Strategy to Execution\u200b - Scient","description":"From strategy to execution: Scient helps organizations turn priorities into practical initiatives, validated pilots, stronger operations, and measurable business progress.","robots":{"index":"index","follow":"follow","max-snippet":"max-snippet:-1","max-image-preview":"max-image-preview:large","max-video-preview":"max-video-preview:-1"},"canonical":"https:\/\/scient.com.br\/pt\/manifesto-scient\/","og_locale":"pt_BR","og_type":"article","og_title":"Scient Manifest","og_description":"From strategy to execution: Scient helps organizations turn priorities into practical initiatives, validated pilots, stronger operations, and measurable business progress.","og_url":"https:\/\/scient.com.br\/pt\/manifesto-scient\/","og_site_name":"Scient","article_modified_time":"2026-04-16T21:47:07+00:00","og_image":[{"width":2560,"height":1164,"url":"https:\/\/scient.com.br\/wp-content\/uploads\/2024\/10\/uxui-scaled.jpg","type":"image\/jpeg"}],"twitter_card":"summary_large_image","twitter_title":"From Strategy to Execution.","twitter_description":"From strategy to execution: Scient helps organizations turn priorities into practical initiatives, validated pilots, stronger operations, and measurable business progress.","twitter_misc":{"Est. tempo de leitura":"6 minutos"},"schema":{"@context":"https:\/\/schema.org","@graph":[{"@type":"WebPage","@id":"https:\/\/scient.com.br\/manifesto-scient\/","url":"https:\/\/scient.com.br\/manifesto-scient\/","name":"From Strategy to Execution\u200b - Scient","isPartOf":{"@id":"https:\/\/scient.com.br\/#website"},"datePublished":"2026-04-15T20:30:24+00:00","dateModified":"2026-04-16T21:47:07+00:00","description":"From strategy to execution: Scient helps organizations turn priorities into practical initiatives, validated pilots, stronger operations, and measurable business progress.","breadcrumb":{"@id":"https:\/\/scient.com.br\/manifesto-scient\/#breadcrumb"},"inLanguage":"pt-BR","potentialAction":[{"@type":"ReadAction","target":["https:\/\/scient.com.br\/manifesto-scient\/"]}]},{"@type":"BreadcrumbList","@id":"https:\/\/scient.com.br\/manifesto-scient\/#breadcrumb","itemListElement":[{"@type":"ListItem","position":1,"name":"Home","item":"https:\/\/scient.com.br\/"},{"@type":"ListItem","position":2,"name":"Manifesto Scient"}]},{"@type":"WebSite","@id":"https:\/\/scient.com.br\/#website","url":"https:\/\/scient.com.br\/","name":"Scient","description":"Da Estrat\u00e9gia \u00e0 Execu\u00e7\u00e3o","publisher":{"@id":"https:\/\/scient.com.br\/#organization"},"potentialAction":[{"@type":"SearchAction","target":{"@type":"EntryPoint","urlTemplate":"https:\/\/scient.com.br\/?s={search_term_string}"},"query-input":{"@type":"PropertyValueSpecification","valueRequired":true,"valueName":"search_term_string"}}],"inLanguage":"pt-BR"},{"@type":"Organization","@id":"https:\/\/scient.com.br\/#organization","name":"Scient","url":"https:\/\/scient.com.br\/","logo":{"@type":"ImageObject","inLanguage":"pt-BR","@id":"https:\/\/scient.com.br\/#\/schema\/logo\/image\/","url":"https:\/\/scient.com.br\/wp-content\/uploads\/2025\/02\/Scientg.png","contentUrl":"https:\/\/scient.com.br\/wp-content\/uploads\/2025\/02\/Scientg.png","width":747,"height":189,"caption":"Scient"},"image":{"@id":"https:\/\/scient.com.br\/#\/schema\/logo\/image\/"}}]}},"_links":{"self":[{"href":"https:\/\/scient.com.br\/pt\/wp-json\/wp\/v2\/pages\/5005","targetHints":{"allow":["GET"]}}],"collection":[{"href":"https:\/\/scient.com.br\/pt\/wp-json\/wp\/v2\/pages"}],"about":[{"href":"https:\/\/scient.com.br\/pt\/wp-json\/wp\/v2\/types\/page"}],"author":[{"embeddable":true,"href":"https:\/\/scient.com.br\/pt\/wp-json\/wp\/v2\/users\/1"}],"replies":[{"embeddable":true,"href":"https:\/\/scient.com.br\/pt\/wp-json\/wp\/v2\/comments?post=5005"}],"version-history":[{"count":121,"href":"https:\/\/scient.com.br\/pt\/wp-json\/wp\/v2\/pages\/5005\/revisions"}],"predecessor-version":[{"id":5148,"href":"https:\/\/scient.com.br\/pt\/wp-json\/wp\/v2\/pages\/5005\/revisions\/5148"}],"wp:attachment":[{"href":"https:\/\/scient.com.br\/pt\/wp-json\/wp\/v2\/media?parent=5005"}],"curies":[{"name":"wp","href":"https:\/\/api.w.org\/{rel}","templated":true}]}}